{"id":243,"date":"2018-07-31T07:56:44","date_gmt":"2018-07-31T07:56:44","guid":{"rendered":"http:\/\/www.titandent.hu\/patient\/hu_HU\/?page_id=243"},"modified":"2018-07-31T09:40:12","modified_gmt":"2018-07-31T09:40:12","slug":"fogaszati-abece","status":"publish","type":"page","link":"http:\/\/www.titandent.hu\/patient\/hu\/fogaszati-abece\/","title":{"rendered":"Fog\u00e1szati \u00c1B\u00e9C\u00e9"},"content":{"rendered":"<div id=\"WebSite\">\n<div id=\"WebSiteContent\">\n<div id=\"Content\">\n<div id=\"PageContainer11\">\n<div id=\"PageContainer1\">\n<div id=\"PageDescription-D31797840\" data-inlineformattable=\"true\">\n<div>\n<div>\n<div class=\"column full\" contenteditable=\"true\">\n<p><span style=\"font-size: 16px;\">Fog\u00e1szati kezel\u00e9sek alatt gyakran hangozhatnak el olyan kifejez\u00e9sek, melyek l\u00e9nyeg\u00e9ben ismertek, de m\u00e9gis, el\u0151fordulhat, hogy ismereteinket sz\u00edvesen pontos\u00edtan\u00e1nk.<img fetchpriority=\"high\" decoding=\"async\" class=\"alignright\" src=\"http:\/\/www.titandent.hu\/patient\/wp-content\/uploads\/2018\/07\/question-m\u00e1solata-300x209.png\" alt=\"\" width=\"300\" height=\"209\" \/><\/span><\/p>\n<p><span style=\"font-size: 16px;\">Ha olyan kifejez\u00e9st tal\u00e1l, mely \u00d6nt r\u00e9szletesebben \u00e9rdekli, nos akkor kattintson r\u00e1!<br \/>\n<\/span><br \/>\n<span style=\"font-size: 16px;\">Ha, nem azt a v\u00e1laszt tal\u00e1lja, vagy nem \u00fagy ahogy \u00d6nt \u00e9rdekeln\u00e9, akkor tegye fel a k\u00e9rd\u00e9s\u00e9t az al\u00e1bbi e-mail c\u00edmen:<\/span><br \/>\n<span style=\"font-size: 16px;\"><a href=\"mailto:klinika@titandent.hu\">klinika@titandent.hu<\/a>\u00a0<\/span><\/p>\n<p><strong><span style=\"font-size: 16px;\">dr. N\u00e9meth Zsolt<\/span><\/strong><br \/>\n<strong><span style=\"font-size: 16px;\">f\u0151orvos<\/span><\/strong><\/p>\n<\/div>\n<\/div>\n<\/div>\n<\/div>\n<\/div>\n<\/div>\n<\/div>\n<\/div>\n<\/div>\n","protected":false},"excerpt":{"rendered":"<p>Fog\u00e1szati kezel\u00e9sek alatt gyakran hangozhatnak el olyan kifejez\u00e9sek, melyek l\u00e9nyeg\u00e9ben ismertek, de m\u00e9gis, el\u0151fordulhat, hogy ismereteinket sz\u00edvesen pontos\u00edtan\u00e1nk. Ha olyan kifejez\u00e9st tal\u00e1l, mely \u00d6nt r\u00e9szletesebben \u00e9rdekli, nos akkor kattintson r\u00e1!<a href=\"http:\/\/www.titandent.hu\/patient\/hu\/fogaszati-abece\/\" class=\"more-link\"><span class=\"more-button\">Olvasson tov\u00e1bb&#8230;<span class=\"screen-reader-text\">Fog\u00e1szati \u00c1B\u00e9C\u00e9<\/span><\/span><\/a><\/p>\n","protected":false},"author":1,"featured_media":0,"parent":0,"menu_order":0,"comment_status":"closed","ping_status":"closed","template":"","meta":{"_exactmetrics_skip_tracking":false,"_exactmetrics_sitenote_active":false,"_exactmetrics_sitenote_note":"","_exactmetrics_sitenote_category":0,"footnotes":""},"class_list":["post-243","page","type-page","status-publish","hentry"],"yoast_head":"<!-- This site is optimized with the Yoast SEO plugin v24.7 - https:\/\/yoast.com\/wordpress\/plugins\/seo\/ -->\n<title>Fog\u00e1szati \u00c1B\u00e9C\u00e9 - Tit\u00e1nDent<\/title>\n<meta name=\"robots\" content=\"index, follow, max-snippet:-1, max-image-preview:large, max-video-preview:-1\" \/>\n<link rel=\"canonical\" href=\"http:\/\/www.titandent.hu\/patient\/hu\/fogaszati-abece\/\" \/>\n<meta property=\"og:locale\" content=\"hu_HU\" \/>\n<meta property=\"og:type\" content=\"article\" \/>\n<meta property=\"og:title\" content=\"Fog\u00e1szati \u00c1B\u00e9C\u00e9 - Tit\u00e1nDent\" \/>\n<meta property=\"og:description\" content=\"Fog\u00e1szati kezel\u00e9sek alatt gyakran hangozhatnak el olyan kifejez\u00e9sek, melyek l\u00e9nyeg\u00e9ben ismertek, de m\u00e9gis, el\u0151fordulhat, hogy ismereteinket sz\u00edvesen pontos\u00edtan\u00e1nk. Ha olyan kifejez\u00e9st tal\u00e1l, mely \u00d6nt r\u00e9szletesebben \u00e9rdekli, nos akkor kattintson r\u00e1!Olvasson tov\u00e1bb...Fog\u00e1szati \u00c1B\u00e9C\u00e9\" \/>\n<meta property=\"og:url\" content=\"http:\/\/www.titandent.hu\/patient\/hu\/fogaszati-abece\/\" \/>\n<meta property=\"og:site_name\" content=\"Tit\u00e1nDent\" \/>\n<meta property=\"article:publisher\" content=\"https:\/\/www.facebook.com\/TitanDentFogaszatiKft\/\" \/>\n<meta property=\"article:modified_time\" content=\"2018-07-31T09:40:12+00:00\" \/>\n<meta name=\"twitter:card\" content=\"summary_large_image\" \/>\n<meta name=\"twitter:site\" content=\"@dent_titan\" \/>\n<script type=\"application\/ld+json\" class=\"yoast-schema-graph\">{\"@context\":\"https:\/\/schema.org\",\"@graph\":[{\"@type\":\"WebPage\",\"@id\":\"http:\/\/www.titandent.hu\/patient\/hu\/fogaszati-abece\/\",\"url\":\"http:\/\/www.titandent.hu\/patient\/hu\/fogaszati-abece\/\",\"name\":\"Fog\u00e1szati \u00c1B\u00e9C\u00e9 - Tit\u00e1nDent\",\"isPartOf\":{\"@id\":\"http:\/\/www.titandent.hu\/patient\/hu\/#website\"},\"datePublished\":\"2018-07-31T07:56:44+00:00\",\"dateModified\":\"2018-07-31T09:40:12+00:00\",\"breadcrumb\":{\"@id\":\"http:\/\/www.titandent.hu\/patient\/hu\/fogaszati-abece\/#breadcrumb\"},\"inLanguage\":\"hu-HU\",\"potentialAction\":[{\"@type\":\"ReadAction\",\"target\":[\"http:\/\/www.titandent.hu\/patient\/hu\/fogaszati-abece\/\"]}]},{\"@type\":\"BreadcrumbList\",\"@id\":\"http:\/\/www.titandent.hu\/patient\/hu\/fogaszati-abece\/#breadcrumb\",\"itemListElement\":[{\"@type\":\"ListItem\",\"position\":1,\"name\":\"Home\",\"item\":\"http:\/\/www.titandent.hu\/patient\/hu\/\"},{\"@type\":\"ListItem\",\"position\":2,\"name\":\"Fog\u00e1szati \u00c1B\u00e9C\u00e9\"}]},{\"@type\":\"WebSite\",\"@id\":\"http:\/\/www.titandent.hu\/patient\/hu\/#website\",\"url\":\"http:\/\/www.titandent.hu\/patient\/hu\/\",\"name\":\"Tit\u00e1nDent\",\"description\":\"\u00dcdv\u00f6z\u00f6lj\u00fck a Tit\u00e1nDent Fog\u00e1szati Rendel\u0151  honlapj\u00e1n!\",\"publisher\":{\"@id\":\"http:\/\/www.titandent.hu\/patient\/hu\/#organization\"},\"potentialAction\":[{\"@type\":\"SearchAction\",\"target\":{\"@type\":\"EntryPoint\",\"urlTemplate\":\"http:\/\/www.titandent.hu\/patient\/hu\/?s={search_term_string}\"},\"query-input\":{\"@type\":\"PropertyValueSpecification\",\"valueRequired\":true,\"valueName\":\"search_term_string\"}}],\"inLanguage\":\"hu-HU\"},{\"@type\":\"Organization\",\"@id\":\"http:\/\/www.titandent.hu\/patient\/hu\/#organization\",\"name\":\"Tit\u00e1nDent Kft.\",\"url\":\"http:\/\/www.titandent.hu\/patient\/hu\/\",\"logo\":{\"@type\":\"ImageObject\",\"inLanguage\":\"hu-HU\",\"@id\":\"http:\/\/www.titandent.hu\/patient\/hu\/#\/schema\/logo\/image\/\",\"url\":\"http:\/\/www.titandent.hu\/patient\/wp-content\/uploads\/2018\/07\/cropped-TitanDent_logo-v11x.svg-m\u00e1solata-3.png\",\"contentUrl\":\"http:\/\/www.titandent.hu\/patient\/wp-content\/uploads\/2018\/07\/cropped-TitanDent_logo-v11x.svg-m\u00e1solata-3.png\",\"width\":225,\"height\":225,\"caption\":\"Tit\u00e1nDent Kft.\"},\"image\":{\"@id\":\"http:\/\/www.titandent.hu\/patient\/hu\/#\/schema\/logo\/image\/\"},\"sameAs\":[\"https:\/\/www.facebook.com\/TitanDentFogaszatiKft\/\",\"https:\/\/x.com\/dent_titan\"]}]}<\/script>\n<!-- \/ Yoast SEO plugin. -->","yoast_head_json":{"title":"Fog\u00e1szati \u00c1B\u00e9C\u00e9 - Tit\u00e1nDent","robots":{"index":"index","follow":"follow","max-snippet":"max-snippet:-1","max-image-preview":"max-image-preview:large","max-video-preview":"max-video-preview:-1"},"canonical":"http:\/\/www.titandent.hu\/patient\/hu\/fogaszati-abece\/","og_locale":"hu_HU","og_type":"article","og_title":"Fog\u00e1szati \u00c1B\u00e9C\u00e9 - Tit\u00e1nDent","og_description":"Fog\u00e1szati kezel\u00e9sek alatt gyakran hangozhatnak el olyan kifejez\u00e9sek, melyek l\u00e9nyeg\u00e9ben ismertek, de m\u00e9gis, el\u0151fordulhat, hogy ismereteinket sz\u00edvesen pontos\u00edtan\u00e1nk. Ha olyan kifejez\u00e9st tal\u00e1l, mely \u00d6nt r\u00e9szletesebben \u00e9rdekli, nos akkor kattintson r\u00e1!Olvasson tov\u00e1bb...Fog\u00e1szati \u00c1B\u00e9C\u00e9","og_url":"http:\/\/www.titandent.hu\/patient\/hu\/fogaszati-abece\/","og_site_name":"Tit\u00e1nDent","article_publisher":"https:\/\/www.facebook.com\/TitanDentFogaszatiKft\/","article_modified_time":"2018-07-31T09:40:12+00:00","twitter_card":"summary_large_image","twitter_site":"@dent_titan","schema":{"@context":"https:\/\/schema.org","@graph":[{"@type":"WebPage","@id":"http:\/\/www.titandent.hu\/patient\/hu\/fogaszati-abece\/","url":"http:\/\/www.titandent.hu\/patient\/hu\/fogaszati-abece\/","name":"Fog\u00e1szati \u00c1B\u00e9C\u00e9 - Tit\u00e1nDent","isPartOf":{"@id":"http:\/\/www.titandent.hu\/patient\/hu\/#website"},"datePublished":"2018-07-31T07:56:44+00:00","dateModified":"2018-07-31T09:40:12+00:00","breadcrumb":{"@id":"http:\/\/www.titandent.hu\/patient\/hu\/fogaszati-abece\/#breadcrumb"},"inLanguage":"hu-HU","potentialAction":[{"@type":"ReadAction","target":["http:\/\/www.titandent.hu\/patient\/hu\/fogaszati-abece\/"]}]},{"@type":"BreadcrumbList","@id":"http:\/\/www.titandent.hu\/patient\/hu\/fogaszati-abece\/#breadcrumb","itemListElement":[{"@type":"ListItem","position":1,"name":"Home","item":"http:\/\/www.titandent.hu\/patient\/hu\/"},{"@type":"ListItem","position":2,"name":"Fog\u00e1szati \u00c1B\u00e9C\u00e9"}]},{"@type":"WebSite","@id":"http:\/\/www.titandent.hu\/patient\/hu\/#website","url":"http:\/\/www.titandent.hu\/patient\/hu\/","name":"Tit\u00e1nDent","description":"\u00dcdv\u00f6z\u00f6lj\u00fck a Tit\u00e1nDent Fog\u00e1szati Rendel\u0151  honlapj\u00e1n!","publisher":{"@id":"http:\/\/www.titandent.hu\/patient\/hu\/#organization"},"potentialAction":[{"@type":"SearchAction","target":{"@type":"EntryPoint","urlTemplate":"http:\/\/www.titandent.hu\/patient\/hu\/?s={search_term_string}"},"query-input":{"@type":"PropertyValueSpecification","valueRequired":true,"valueName":"search_term_string"}}],"inLanguage":"hu-HU"},{"@type":"Organization","@id":"http:\/\/www.titandent.hu\/patient\/hu\/#organization","name":"Tit\u00e1nDent Kft.","url":"http:\/\/www.titandent.hu\/patient\/hu\/","logo":{"@type":"ImageObject","inLanguage":"hu-HU","@id":"http:\/\/www.titandent.hu\/patient\/hu\/#\/schema\/logo\/image\/","url":"http:\/\/www.titandent.hu\/patient\/wp-content\/uploads\/2018\/07\/cropped-TitanDent_logo-v11x.svg-m\u00e1solata-3.png","contentUrl":"http:\/\/www.titandent.hu\/patient\/wp-content\/uploads\/2018\/07\/cropped-TitanDent_logo-v11x.svg-m\u00e1solata-3.png","width":225,"height":225,"caption":"Tit\u00e1nDent Kft."},"image":{"@id":"http:\/\/www.titandent.hu\/patient\/hu\/#\/schema\/logo\/image\/"},"sameAs":["https:\/\/www.facebook.com\/TitanDentFogaszatiKft\/","https:\/\/x.com\/dent_titan"]}]}},"_links":{"self":[{"href":"http:\/\/www.titandent.hu\/patient\/hu\/wp-json\/wp\/v2\/pages\/243","targetHints":{"allow":["GET"]}}],"collection":[{"href":"http:\/\/www.titandent.hu\/patient\/hu\/wp-json\/wp\/v2\/pages"}],"about":[{"href":"http:\/\/www.titandent.hu\/patient\/hu\/wp-json\/wp\/v2\/types\/page"}],"author":[{"embeddable":true,"href":"http:\/\/www.titandent.hu\/patient\/hu\/wp-json\/wp\/v2\/users\/1"}],"replies":[{"embeddable":true,"href":"http:\/\/www.titandent.hu\/patient\/hu\/wp-json\/wp\/v2\/comments?post=243"}],"version-history":[{"count":6,"href":"http:\/\/www.titandent.hu\/patient\/hu\/wp-json\/wp\/v2\/pages\/243\/revisions"}],"predecessor-version":[{"id":689,"href":"http:\/\/www.titandent.hu\/patient\/hu\/wp-json\/wp\/v2\/pages\/243\/revisions\/689"}],"wp:attachment":[{"href":"http:\/\/www.titandent.hu\/patient\/hu\/wp-json\/wp\/v2\/media?parent=243"}],"curies":[{"name":"wp","href":"https:\/\/api.w.org\/{rel}","templated":true}]}}