{"id":245,"date":"2018-07-31T07:56:45","date_gmt":"2018-07-31T07:56:45","guid":{"rendered":"http:\/\/www.titandent.hu\/patient\/hu_HU\/?page_id=245"},"modified":"2018-07-31T11:30:11","modified_gmt":"2018-07-31T11:30:11","slug":"foghuzas-utan","status":"publish","type":"page","link":"http:\/\/www.titandent.hu\/patient\/hu\/fogaszati-abece\/foghuzas-utan\/","title":{"rendered":"Fogh\u00faz\u00e1s ut\u00e1n"},"content":{"rendered":"<div id=\"WebSite\" class=\"GC38\">\n<div id=\"WebSiteContent\" class=\"GC1 inner-content\">\n<div id=\"Content\" class=\"GC24 ContentBody\">\n<div id=\"PageContainer11\" class=\"EqualHeight_PageContainer1\">\n<div id=\"PageContainer1\" class=\"EqualHeight_PageContainer1\">\n<div id=\"PageDescription-D31797841\" class=\"GC19 PageDescription Dropzone connectSortable ui-sortable ui-droppable\" data-inlineformattable=\"true\">\n<div class=\"ui-draggable ui-dragbox-outlined\">\n<div class=\"row clearfix sf-cb\">\n<div class=\"column full\" contenteditable=\"true\">\n<p><span style=\"font-size: 14px;\"><u>Mit tehetek \u00e9s mit ne tegyek, miut\u00e1n a rendel\u0151b\u0151l m\u00e1r hazat\u00e9rtem?<img fetchpriority=\"high\" decoding=\"async\" class=\"wp-image-503 size-full alignright\" src=\"http:\/\/www.titandent.hu\/patient\/wp-content\/uploads\/2018\/07\/foghuzas.png\" alt=\"\" width=\"500\" height=\"150\" srcset=\"http:\/\/www.titandent.hu\/patient\/wp-content\/uploads\/2018\/07\/foghuzas.png 500w, http:\/\/www.titandent.hu\/patient\/wp-content\/uploads\/2018\/07\/foghuzas-300x90.png 300w, http:\/\/www.titandent.hu\/patient\/wp-content\/uploads\/2018\/07\/foghuzas-100x30.png 100w\" sizes=\"(max-width: 500px) 100vw, 500px\" \/><\/u><\/span><\/p>\n<ol>\n<li><span style=\"font-size: 14px;\">\u00dcgyeljen r\u00e1, hogy az \u00e9rz\u00e9stelens\u00e9g ideje alatt ne harapd\u00e1lja vagy harapja meg sz\u00e1ja sz\u00e9l\u00e9t, nyelv\u00e9t vagy a pofa ny\u00e1lkah\u00e1rty\u00e1j\u00e1t.<\/span><\/li>\n<li><span style=\"font-size: 14px;\">Az \u00e9rz\u00e9stelen\u00edt\u0151szer okozta zsibbad\u00e1s id\u0151tartama alatt inni szabad, de \u00e9telt ne fogyasszon! A fogelt\u00e1vol\u00edt\u00e1s napj\u00e1n lehet\u0151leg foly\u00e9kony, p\u00e9pes \u00e9telt fogyasszon, ker\u00fclje a darabos \u00e9teleket! Forr\u00f3, f\u0171szeres \u00e9telek fogyaszt\u00e1sa n\u00e9h\u00e1ny napig nem aj\u00e1nlott.<\/span><\/li>\n<li><span style=\"font-size: 14px;\">A fogh\u00faz\u00e1s hely\u00e9t ne sz\u00edvogassa, ter\u00fclet\u00e9t ne piszk\u00e1lja, mert a v\u00e9ralvad\u00e9k v\u00e9letlen elt\u00e1vol\u00edt\u00e1s\u00e1val ut\u00f3v\u00e9rz\u00e9st ind\u00edthat el.<\/span><\/li>\n<li><span style=\"font-size: 14px;\">A sebgy\u00f3gyul\u00e1s kezdet\u00e9n a v\u00e9r a ny\u00e1lat megfesti. Ez nem ut\u00f3v\u00e9rz\u00e9s, aggodalomra ez nem ad okot. A fogelt\u00e1vol\u00edt\u00e1s napj\u00e1n sz\u00e1j\u00e1t ne \u00f6bl\u00f6gesse mert az \u00f6bl\u00f6get\u0151 folyad\u00e9k v\u00e9ralvad\u00e9kot old\u00f3 hat\u00e1sa ism\u00e9telt v\u00e9rz\u00e9st ind\u00edthat el!<\/span><\/li>\n<li><span style=\"font-size: 14px;\">V\u00e9rsziv\u00e1rg\u00e1s eset\u00e9n steril g\u00e9zb\u0151l hajtogasson kisujjbegynyi\u00a0 \u201egomb\u00f3cot\u201d \u00e9s arra harapjon r\u00e1! A g\u00e9zgomb\u00f3cra 15-20 percig m\u00e9rs\u00e9kelt er\u0151vel harapjon r\u00e1, majd t\u00e1vol\u00edtsa el. Sz\u00fcks\u00e9g eset\u00e9n a r\u00e1harap\u00e1s \u00faj g\u00e9zgomb\u00f3ccal ism\u00e9telhet\u0151.<\/span><br \/>\n<span style=\"font-size: 14px;\">Vatt\u00e1t, vagy g\u00e9zt a seb\u00fcreg belsej\u00e9be helyezni tilos!<\/span><br \/>\n<span style=\"font-size: 14px;\">Er\u0151sebb v\u00e9rz\u00e9s eset\u00e9n forduljon orvoshoz.<\/span><\/li>\n<li><span style=\"font-size: 14px;\">A fogelt\u00e1vol\u00edt\u00e1s napj\u00e1n edz\u00e9s, sportol\u00e1s, testi meger\u0151ltet\u00e9s, hajolgat\u00e1s, emelget\u00e9s, kerti munka, napoz\u00e1s, szauna (v\u00e9rnyom\u00e1st fokoz\u00f3 helyzetek) ker\u00fclend\u0151.<\/span><\/li>\n<li><span style=\"font-size: 14px;\">A fogelt\u00e1vol\u00edt\u00e1st k\u00f6vet\u0151 napokban a v\u00e9ralvad\u00e9k teteje sz\u00fcrk\u00e9s-barna sz\u00edn\u0171v\u00e9 v\u00e1lhat. Ez nem genny, elt\u00e1vol\u00edtani nem szabad.<\/span><\/li>\n<li><span style=\"font-size: 14px;\">A fogelt\u00e1vol\u00edt\u00e1st k\u00f6vet\u0151 napt\u00f3l kezdve m\u00e1r gondos sz\u00e1j\u00e1pol\u00e1s sz\u00fcks\u00e9ges. Fogkef\u00e9vel \u00e9s fogkr\u00e9mmel m\u00e1r a fog hely\u00e9nek k\u00f6rny\u00e9k\u00e9t is tiszt\u00e1n kell tartani. A seb gy\u00f3gyul\u00e1sa csak tiszta sz\u00e1jban zavartalan.<\/span><\/li>\n<li><span style=\"font-size: 14px;\">Ha a fogelt\u00e1vol\u00edt\u00e1s ut\u00e1n l\u00e1z, hidegr\u00e1z\u00e1s, sz\u00e1jnyit\u00e1si neh\u00e9zs\u00e9g l\u00e9p fel, forduljon orvoshoz!<\/span><\/li>\n<li><span style=\"font-size: 14px;\"><strong>Gy\u00f3gyszert csak orvosi tan\u00e1cs mellett szedjen!<\/strong><\/span><\/li>\n<\/ol>\n<\/div>\n<\/div>\n<\/div>\n<\/div>\n<\/div>\n<\/div>\n<\/div>\n<\/div>\n<\/div>\n","protected":false},"excerpt":{"rendered":"<p>Mit tehetek \u00e9s mit ne tegyek, miut\u00e1n a rendel\u0151b\u0151l m\u00e1r hazat\u00e9rtem? \u00dcgyeljen r\u00e1, hogy az \u00e9rz\u00e9stelens\u00e9g ideje alatt ne harapd\u00e1lja vagy harapja meg sz\u00e1ja sz\u00e9l\u00e9t, nyelv\u00e9t vagy a pofa ny\u00e1lkah\u00e1rty\u00e1j\u00e1t.<a href=\"http:\/\/www.titandent.hu\/patient\/hu\/fogaszati-abece\/foghuzas-utan\/\" class=\"more-link\"><span class=\"more-button\">Olvasson tov\u00e1bb&#8230;<span class=\"screen-reader-text\">Fogh\u00faz\u00e1s ut\u00e1n<\/span><\/span><\/a><\/p>\n","protected":false},"author":1,"featured_media":0,"parent":243,"menu_order":0,"comment_status":"closed","ping_status":"closed","template":"","meta":{"_exactmetrics_skip_tracking":false,"_exactmetrics_sitenote_active":false,"_exactmetrics_sitenote_note":"","_exactmetrics_sitenote_category":0,"footnotes":""},"class_list":["post-245","page","type-page","status-publish","hentry"],"yoast_head":"<!-- This site is optimized with the Yoast SEO plugin v24.7 - https:\/\/yoast.com\/wordpress\/plugins\/seo\/ -->\n<title>Fogh\u00faz\u00e1s ut\u00e1n - Tit\u00e1nDent<\/title>\n<meta name=\"robots\" content=\"index, follow, max-snippet:-1, max-image-preview:large, max-video-preview:-1\" \/>\n<link rel=\"canonical\" href=\"http:\/\/www.titandent.hu\/patient\/hu\/fogaszati-abece\/foghuzas-utan\/\" \/>\n<meta property=\"og:locale\" content=\"hu_HU\" \/>\n<meta property=\"og:type\" content=\"article\" \/>\n<meta property=\"og:title\" content=\"Fogh\u00faz\u00e1s ut\u00e1n - Tit\u00e1nDent\" \/>\n<meta property=\"og:description\" content=\"Mit tehetek \u00e9s mit ne tegyek, miut\u00e1n a rendel\u0151b\u0151l m\u00e1r hazat\u00e9rtem? \u00dcgyeljen r\u00e1, hogy az \u00e9rz\u00e9stelens\u00e9g ideje alatt ne harapd\u00e1lja vagy harapja meg sz\u00e1ja sz\u00e9l\u00e9t, nyelv\u00e9t vagy a pofa ny\u00e1lkah\u00e1rty\u00e1j\u00e1t.Olvasson tov\u00e1bb...Fogh\u00faz\u00e1s ut\u00e1n\" \/>\n<meta property=\"og:url\" content=\"http:\/\/www.titandent.hu\/patient\/hu\/fogaszati-abece\/foghuzas-utan\/\" \/>\n<meta property=\"og:site_name\" content=\"Tit\u00e1nDent\" \/>\n<meta property=\"article:publisher\" content=\"https:\/\/www.facebook.com\/TitanDentFogaszatiKft\/\" \/>\n<meta property=\"article:modified_time\" content=\"2018-07-31T11:30:11+00:00\" \/>\n<meta property=\"og:image\" content=\"http:\/\/www.titandent.hu\/patient\/wp-content\/uploads\/2018\/07\/foghuzas.png\" \/>\n<meta name=\"twitter:card\" content=\"summary_large_image\" \/>\n<meta name=\"twitter:site\" content=\"@dent_titan\" \/>\n<meta name=\"twitter:label1\" content=\"Becs\u00fclt olvas\u00e1si id\u0151\" \/>\n\t<meta name=\"twitter:data1\" content=\"2 perc\" \/>\n<script type=\"application\/ld+json\" class=\"yoast-schema-graph\">{\"@context\":\"https:\/\/schema.org\",\"@graph\":[{\"@type\":\"WebPage\",\"@id\":\"http:\/\/www.titandent.hu\/patient\/hu\/fogaszati-abece\/foghuzas-utan\/\",\"url\":\"http:\/\/www.titandent.hu\/patient\/hu\/fogaszati-abece\/foghuzas-utan\/\",\"name\":\"Fogh\u00faz\u00e1s ut\u00e1n - Tit\u00e1nDent\",\"isPartOf\":{\"@id\":\"http:\/\/www.titandent.hu\/patient\/hu\/#website\"},\"primaryImageOfPage\":{\"@id\":\"http:\/\/www.titandent.hu\/patient\/hu\/fogaszati-abece\/foghuzas-utan\/#primaryimage\"},\"image\":{\"@id\":\"http:\/\/www.titandent.hu\/patient\/hu\/fogaszati-abece\/foghuzas-utan\/#primaryimage\"},\"thumbnailUrl\":\"http:\/\/www.titandent.hu\/patient\/wp-content\/uploads\/2018\/07\/foghuzas.png\",\"datePublished\":\"2018-07-31T07:56:45+00:00\",\"dateModified\":\"2018-07-31T11:30:11+00:00\",\"breadcrumb\":{\"@id\":\"http:\/\/www.titandent.hu\/patient\/hu\/fogaszati-abece\/foghuzas-utan\/#breadcrumb\"},\"inLanguage\":\"hu-HU\",\"potentialAction\":[{\"@type\":\"ReadAction\",\"target\":[\"http:\/\/www.titandent.hu\/patient\/hu\/fogaszati-abece\/foghuzas-utan\/\"]}]},{\"@type\":\"ImageObject\",\"inLanguage\":\"hu-HU\",\"@id\":\"http:\/\/www.titandent.hu\/patient\/hu\/fogaszati-abece\/foghuzas-utan\/#primaryimage\",\"url\":\"http:\/\/www.titandent.hu\/patient\/wp-content\/uploads\/2018\/07\/foghuzas.png\",\"contentUrl\":\"http:\/\/www.titandent.hu\/patient\/wp-content\/uploads\/2018\/07\/foghuzas.png\"},{\"@type\":\"BreadcrumbList\",\"@id\":\"http:\/\/www.titandent.hu\/patient\/hu\/fogaszati-abece\/foghuzas-utan\/#breadcrumb\",\"itemListElement\":[{\"@type\":\"ListItem\",\"position\":1,\"name\":\"Home\",\"item\":\"http:\/\/www.titandent.hu\/patient\/hu\/\"},{\"@type\":\"ListItem\",\"position\":2,\"name\":\"Fog\u00e1szati \u00c1B\u00e9C\u00e9\",\"item\":\"http:\/\/www.titandent.hu\/patient\/hu\/fogaszati-abece\/\"},{\"@type\":\"ListItem\",\"position\":3,\"name\":\"Fogh\u00faz\u00e1s ut\u00e1n\"}]},{\"@type\":\"WebSite\",\"@id\":\"http:\/\/www.titandent.hu\/patient\/hu\/#website\",\"url\":\"http:\/\/www.titandent.hu\/patient\/hu\/\",\"name\":\"Tit\u00e1nDent\",\"description\":\"\u00dcdv\u00f6z\u00f6lj\u00fck a Tit\u00e1nDent Fog\u00e1szati Rendel\u0151  honlapj\u00e1n!\",\"publisher\":{\"@id\":\"http:\/\/www.titandent.hu\/patient\/hu\/#organization\"},\"potentialAction\":[{\"@type\":\"SearchAction\",\"target\":{\"@type\":\"EntryPoint\",\"urlTemplate\":\"http:\/\/www.titandent.hu\/patient\/hu\/?s={search_term_string}\"},\"query-input\":{\"@type\":\"PropertyValueSpecification\",\"valueRequired\":true,\"valueName\":\"search_term_string\"}}],\"inLanguage\":\"hu-HU\"},{\"@type\":\"Organization\",\"@id\":\"http:\/\/www.titandent.hu\/patient\/hu\/#organization\",\"name\":\"Tit\u00e1nDent Kft.\",\"url\":\"http:\/\/www.titandent.hu\/patient\/hu\/\",\"logo\":{\"@type\":\"ImageObject\",\"inLanguage\":\"hu-HU\",\"@id\":\"http:\/\/www.titandent.hu\/patient\/hu\/#\/schema\/logo\/image\/\",\"url\":\"http:\/\/www.titandent.hu\/patient\/wp-content\/uploads\/2018\/07\/cropped-TitanDent_logo-v11x.svg-m\u00e1solata-3.png\",\"contentUrl\":\"http:\/\/www.titandent.hu\/patient\/wp-content\/uploads\/2018\/07\/cropped-TitanDent_logo-v11x.svg-m\u00e1solata-3.png\",\"width\":225,\"height\":225,\"caption\":\"Tit\u00e1nDent Kft.\"},\"image\":{\"@id\":\"http:\/\/www.titandent.hu\/patient\/hu\/#\/schema\/logo\/image\/\"},\"sameAs\":[\"https:\/\/www.facebook.com\/TitanDentFogaszatiKft\/\",\"https:\/\/x.com\/dent_titan\"]}]}<\/script>\n<!-- \/ Yoast SEO plugin. -->","yoast_head_json":{"title":"Fogh\u00faz\u00e1s ut\u00e1n - Tit\u00e1nDent","robots":{"index":"index","follow":"follow","max-snippet":"max-snippet:-1","max-image-preview":"max-image-preview:large","max-video-preview":"max-video-preview:-1"},"canonical":"http:\/\/www.titandent.hu\/patient\/hu\/fogaszati-abece\/foghuzas-utan\/","og_locale":"hu_HU","og_type":"article","og_title":"Fogh\u00faz\u00e1s ut\u00e1n - Tit\u00e1nDent","og_description":"Mit tehetek \u00e9s mit ne tegyek, miut\u00e1n a rendel\u0151b\u0151l m\u00e1r hazat\u00e9rtem? \u00dcgyeljen r\u00e1, hogy az \u00e9rz\u00e9stelens\u00e9g ideje alatt ne harapd\u00e1lja vagy harapja meg sz\u00e1ja sz\u00e9l\u00e9t, nyelv\u00e9t vagy a pofa ny\u00e1lkah\u00e1rty\u00e1j\u00e1t.Olvasson tov\u00e1bb...Fogh\u00faz\u00e1s ut\u00e1n","og_url":"http:\/\/www.titandent.hu\/patient\/hu\/fogaszati-abece\/foghuzas-utan\/","og_site_name":"Tit\u00e1nDent","article_publisher":"https:\/\/www.facebook.com\/TitanDentFogaszatiKft\/","article_modified_time":"2018-07-31T11:30:11+00:00","og_image":[{"url":"http:\/\/www.titandent.hu\/patient\/wp-content\/uploads\/2018\/07\/foghuzas.png","type":"","width":"","height":""}],"twitter_card":"summary_large_image","twitter_site":"@dent_titan","twitter_misc":{"Becs\u00fclt olvas\u00e1si id\u0151":"2 perc"},"schema":{"@context":"https:\/\/schema.org","@graph":[{"@type":"WebPage","@id":"http:\/\/www.titandent.hu\/patient\/hu\/fogaszati-abece\/foghuzas-utan\/","url":"http:\/\/www.titandent.hu\/patient\/hu\/fogaszati-abece\/foghuzas-utan\/","name":"Fogh\u00faz\u00e1s ut\u00e1n - Tit\u00e1nDent","isPartOf":{"@id":"http:\/\/www.titandent.hu\/patient\/hu\/#website"},"primaryImageOfPage":{"@id":"http:\/\/www.titandent.hu\/patient\/hu\/fogaszati-abece\/foghuzas-utan\/#primaryimage"},"image":{"@id":"http:\/\/www.titandent.hu\/patient\/hu\/fogaszati-abece\/foghuzas-utan\/#primaryimage"},"thumbnailUrl":"http:\/\/www.titandent.hu\/patient\/wp-content\/uploads\/2018\/07\/foghuzas.png","datePublished":"2018-07-31T07:56:45+00:00","dateModified":"2018-07-31T11:30:11+00:00","breadcrumb":{"@id":"http:\/\/www.titandent.hu\/patient\/hu\/fogaszati-abece\/foghuzas-utan\/#breadcrumb"},"inLanguage":"hu-HU","potentialAction":[{"@type":"ReadAction","target":["http:\/\/www.titandent.hu\/patient\/hu\/fogaszati-abece\/foghuzas-utan\/"]}]},{"@type":"ImageObject","inLanguage":"hu-HU","@id":"http:\/\/www.titandent.hu\/patient\/hu\/fogaszati-abece\/foghuzas-utan\/#primaryimage","url":"http:\/\/www.titandent.hu\/patient\/wp-content\/uploads\/2018\/07\/foghuzas.png","contentUrl":"http:\/\/www.titandent.hu\/patient\/wp-content\/uploads\/2018\/07\/foghuzas.png"},{"@type":"BreadcrumbList","@id":"http:\/\/www.titandent.hu\/patient\/hu\/fogaszati-abece\/foghuzas-utan\/#breadcrumb","itemListElement":[{"@type":"ListItem","position":1,"name":"Home","item":"http:\/\/www.titandent.hu\/patient\/hu\/"},{"@type":"ListItem","position":2,"name":"Fog\u00e1szati \u00c1B\u00e9C\u00e9","item":"http:\/\/www.titandent.hu\/patient\/hu\/fogaszati-abece\/"},{"@type":"ListItem","position":3,"name":"Fogh\u00faz\u00e1s ut\u00e1n"}]},{"@type":"WebSite","@id":"http:\/\/www.titandent.hu\/patient\/hu\/#website","url":"http:\/\/www.titandent.hu\/patient\/hu\/","name":"Tit\u00e1nDent","description":"\u00dcdv\u00f6z\u00f6lj\u00fck a Tit\u00e1nDent Fog\u00e1szati Rendel\u0151  honlapj\u00e1n!","publisher":{"@id":"http:\/\/www.titandent.hu\/patient\/hu\/#organization"},"potentialAction":[{"@type":"SearchAction","target":{"@type":"EntryPoint","urlTemplate":"http:\/\/www.titandent.hu\/patient\/hu\/?s={search_term_string}"},"query-input":{"@type":"PropertyValueSpecification","valueRequired":true,"valueName":"search_term_string"}}],"inLanguage":"hu-HU"},{"@type":"Organization","@id":"http:\/\/www.titandent.hu\/patient\/hu\/#organization","name":"Tit\u00e1nDent Kft.","url":"http:\/\/www.titandent.hu\/patient\/hu\/","logo":{"@type":"ImageObject","inLanguage":"hu-HU","@id":"http:\/\/www.titandent.hu\/patient\/hu\/#\/schema\/logo\/image\/","url":"http:\/\/www.titandent.hu\/patient\/wp-content\/uploads\/2018\/07\/cropped-TitanDent_logo-v11x.svg-m\u00e1solata-3.png","contentUrl":"http:\/\/www.titandent.hu\/patient\/wp-content\/uploads\/2018\/07\/cropped-TitanDent_logo-v11x.svg-m\u00e1solata-3.png","width":225,"height":225,"caption":"Tit\u00e1nDent Kft."},"image":{"@id":"http:\/\/www.titandent.hu\/patient\/hu\/#\/schema\/logo\/image\/"},"sameAs":["https:\/\/www.facebook.com\/TitanDentFogaszatiKft\/","https:\/\/x.com\/dent_titan"]}]}},"_links":{"self":[{"href":"http:\/\/www.titandent.hu\/patient\/hu\/wp-json\/wp\/v2\/pages\/245","targetHints":{"allow":["GET"]}}],"collection":[{"href":"http:\/\/www.titandent.hu\/patient\/hu\/wp-json\/wp\/v2\/pages"}],"about":[{"href":"http:\/\/www.titandent.hu\/patient\/hu\/wp-json\/wp\/v2\/types\/page"}],"author":[{"embeddable":true,"href":"http:\/\/www.titandent.hu\/patient\/hu\/wp-json\/wp\/v2\/users\/1"}],"replies":[{"embeddable":true,"href":"http:\/\/www.titandent.hu\/patient\/hu\/wp-json\/wp\/v2\/comments?post=245"}],"version-history":[{"count":4,"href":"http:\/\/www.titandent.hu\/patient\/hu\/wp-json\/wp\/v2\/pages\/245\/revisions"}],"predecessor-version":[{"id":507,"href":"http:\/\/www.titandent.hu\/patient\/hu\/wp-json\/wp\/v2\/pages\/245\/revisions\/507"}],"up":[{"embeddable":true,"href":"http:\/\/www.titandent.hu\/patient\/hu\/wp-json\/wp\/v2\/pages\/243"}],"wp:attachment":[{"href":"http:\/\/www.titandent.hu\/patient\/hu\/wp-json\/wp\/v2\/media?parent=245"}],"curies":[{"name":"wp","href":"https:\/\/api.w.org\/{rel}","templated":true}]}}