{"id":341,"date":"2018-07-31T08:21:51","date_gmt":"2018-07-31T08:21:51","guid":{"rendered":"http:\/\/www.titandent.hu\/patient\/?page_id=341"},"modified":"2018-08-24T07:43:07","modified_gmt":"2018-08-24T07:43:07","slug":"fogtomes-i-plasztikus-fogtomesek","status":"publish","type":"page","link":"http:\/\/www.titandent.hu\/patient\/hu\/fogaszati-abece\/fogtomes-i-plasztikus-fogtomesek\/","title":{"rendered":"Fogt\u00f6m\u00e9s I. &#8211; Plasztikus fogt\u00f6m\u00e9sek"},"content":{"rendered":"<div class=\"row clearfix sf-cb\">\n<div class=\"column full\">\n<p><span style=\"font-size: 16px;\">Szuvas fogak helyre\u00e1ll\u00edt\u00e1sa leggyakrabban fogt\u00f6m\u00e9ssel t\u00f6rt\u00e9nik.<img fetchpriority=\"high\" decoding=\"async\" class=\"size-full wp-image-515 alignright\" src=\"http:\/\/www.titandent.hu\/patient\/wp-content\/uploads\/2018\/07\/tomes.png\" alt=\"\" width=\"500\" height=\"150\" srcset=\"http:\/\/www.titandent.hu\/patient\/wp-content\/uploads\/2018\/07\/tomes.png 500w, http:\/\/www.titandent.hu\/patient\/wp-content\/uploads\/2018\/07\/tomes-300x90.png 300w, http:\/\/www.titandent.hu\/patient\/wp-content\/uploads\/2018\/07\/tomes-100x30.png 100w\" sizes=\"(max-width: 500px) 100vw, 500px\" \/><\/span><\/p>\n<p><strong><span style=\"font-size: 16px;\">A\u00a0fogt\u00f6m\u00e9s szok\u00e1sos l\u00e9p\u00e9sei:<\/span><\/strong><\/p>\n<ul>\n<li><span style=\"font-size: 16px;\">rendszerint helyi \u00e9rz\u00e9stelen\u00edt\u00e9s,<\/span><\/li>\n<li><span style=\"font-size: 16px;\">a szuvas foganyag elt\u00e1vol\u00edt\u00e1sa,<\/span><\/li>\n<li><span style=\"font-size: 16px;\">a m\u00e1r sz\u00famentes \u00fcreg megtiszt\u00edt\u00e1sa,<\/span><\/li>\n<li><span style=\"font-size: 16px;\">az \u00fcregfalak impregn\u00e1l\u00e1sa, bevon\u00e1sa,<\/span><\/li>\n<li><span style=\"font-size: 16px;\">az \u00fcreg r\u00e9teges kit\u00f6lt\u00e9se t\u00f6m\u0151anyaggal,<\/span><\/li>\n<li><span style=\"font-size: 16px;\">a t\u00f6m\u00e9sfelsz\u00edn sim\u00edt\u00e1sa, pol\u00edroz\u00e1sa.<\/span><\/li>\n<\/ul>\n<p><span style=\"font-size: 16px;\">A t\u00f6m\u00e9s anyaga a feldolgoz\u00e1s idej\u00e9n alak\u00edthat\u00f3, form\u00e1lhat\u00f3, m\u00e1s sz\u00f3val plasztikus anyag, mely iboly\u00e1nt\u00fali f\u00e9ny (ultraibolya, azaz UV f\u00e9ny) hat\u00e1s\u00e1ra kem\u00e9nyedik meg. Ezek a f\u00e9nyre kem\u00e9nyed\u0151, ma legelterjedtebb plasztikus t\u00f6m\u0151anyagok, az \u00fan. kompozit t\u00f6m\u0151anyagok. A\u00a0 kompozit sz\u00f3 azt mutatja, hogy \u00f6sszetett anyagr\u00f3l van sz\u00f3: jelen esetben szerves \u00e9s szervetlen alkot\u00f3r\u00e9szekb\u0151l \u00f6ssze\u00e1ll\u00edtott t\u00f6m\u0151anyagr\u00f3l.<\/span><\/p>\n<p><span style=\"font-size: 16px;\">A kompozit t\u00f6m\u0151anyag eszt\u00e9tikus, sz\u00e9p, fogsz\u00edn\u0171.<\/span><\/p>\n<p><span style=\"font-size: 16px;\">A kompozit t\u00f6m\u00e9s elk\u00e9sz\u00fclte ut\u00e1n ak\u00e1r azonnal terhelhet\u0151, de meg kell v\u00e1rni, m\u00edg elm\u00falik a zsibbad\u00e1s (ha volt \u00e9rz\u00e9stelen\u00edt\u00e9s).<\/span><\/p>\n<p><span style=\"font-size: 16px;\">\u00d3vatoss\u00e1gk\u00e9nt , a sz\u00ednez\u00e9keket, vagy sz\u00ednes anyagot tartalmaz\u00f3 \u00e9telek-italok (pl. k\u00e1v\u00e9) fogyaszt\u00e1sa nem javasolt n\u00e9h\u00e1ny \u00f3r\u00e1ig, mert az \u00faj t\u00f6m\u00e9s m\u00e9g elsz\u00ednez\u0151dhet.<\/span><\/p>\n<\/div>\n<\/div>\n","protected":false},"excerpt":{"rendered":"<p>Szuvas fogak helyre\u00e1ll\u00edt\u00e1sa leggyakrabban fogt\u00f6m\u00e9ssel t\u00f6rt\u00e9nik. A\u00a0fogt\u00f6m\u00e9s szok\u00e1sos l\u00e9p\u00e9sei: rendszerint helyi \u00e9rz\u00e9stelen\u00edt\u00e9s, a szuvas foganyag elt\u00e1vol\u00edt\u00e1sa, a m\u00e1r sz\u00famentes \u00fcreg megtiszt\u00edt\u00e1sa, az \u00fcregfalak impregn\u00e1l\u00e1sa, bevon\u00e1sa, az \u00fcreg r\u00e9teges kit\u00f6lt\u00e9se t\u00f6m\u0151anyaggal,<a href=\"http:\/\/www.titandent.hu\/patient\/hu\/fogaszati-abece\/fogtomes-i-plasztikus-fogtomesek\/\" class=\"more-link\"><span class=\"more-button\">Olvasson tov\u00e1bb&#8230;<span class=\"screen-reader-text\">Fogt\u00f6m\u00e9s I. &#8211; Plasztikus fogt\u00f6m\u00e9sek<\/span><\/span><\/a><\/p>\n","protected":false},"author":1,"featured_media":0,"parent":243,"menu_order":0,"comment_status":"closed","ping_status":"closed","template":"","meta":{"_exactmetrics_skip_tracking":false,"_exactmetrics_sitenote_active":false,"_exactmetrics_sitenote_note":"","_exactmetrics_sitenote_category":0,"footnotes":""},"class_list":["post-341","page","type-page","status-publish","hentry"],"yoast_head":"<!-- This site is optimized with the Yoast SEO plugin v24.7 - https:\/\/yoast.com\/wordpress\/plugins\/seo\/ -->\n<title>Fogt\u00f6m\u00e9s I. - Plasztikus fogt\u00f6m\u00e9sek - Tit\u00e1nDent<\/title>\n<meta name=\"robots\" content=\"index, follow, max-snippet:-1, max-image-preview:large, max-video-preview:-1\" \/>\n<link rel=\"canonical\" href=\"http:\/\/www.titandent.hu\/patient\/hu\/fogaszati-abece\/fogtomes-i-plasztikus-fogtomesek\/\" \/>\n<meta property=\"og:locale\" content=\"hu_HU\" \/>\n<meta property=\"og:type\" content=\"article\" \/>\n<meta property=\"og:title\" content=\"Fogt\u00f6m\u00e9s I. - Plasztikus fogt\u00f6m\u00e9sek - Tit\u00e1nDent\" \/>\n<meta property=\"og:description\" content=\"Szuvas fogak helyre\u00e1ll\u00edt\u00e1sa leggyakrabban fogt\u00f6m\u00e9ssel t\u00f6rt\u00e9nik. A\u00a0fogt\u00f6m\u00e9s szok\u00e1sos l\u00e9p\u00e9sei: rendszerint helyi \u00e9rz\u00e9stelen\u00edt\u00e9s, a szuvas foganyag elt\u00e1vol\u00edt\u00e1sa, a m\u00e1r sz\u00famentes \u00fcreg megtiszt\u00edt\u00e1sa, az \u00fcregfalak impregn\u00e1l\u00e1sa, bevon\u00e1sa, az \u00fcreg r\u00e9teges kit\u00f6lt\u00e9se t\u00f6m\u0151anyaggal,Olvasson tov\u00e1bb...Fogt\u00f6m\u00e9s I. &#8211; Plasztikus fogt\u00f6m\u00e9sek\" \/>\n<meta property=\"og:url\" content=\"http:\/\/www.titandent.hu\/patient\/hu\/fogaszati-abece\/fogtomes-i-plasztikus-fogtomesek\/\" \/>\n<meta property=\"og:site_name\" content=\"Tit\u00e1nDent\" \/>\n<meta property=\"article:publisher\" content=\"https:\/\/www.facebook.com\/TitanDentFogaszatiKft\/\" \/>\n<meta property=\"article:modified_time\" content=\"2018-08-24T07:43:07+00:00\" \/>\n<meta property=\"og:image\" content=\"http:\/\/www.titandent.hu\/patient\/wp-content\/uploads\/2018\/07\/tomes.png\" \/>\n<meta name=\"twitter:card\" content=\"summary_large_image\" \/>\n<meta name=\"twitter:site\" content=\"@dent_titan\" \/>\n<meta name=\"twitter:label1\" content=\"Becs\u00fclt olvas\u00e1si id\u0151\" \/>\n\t<meta name=\"twitter:data1\" content=\"1 perc\" \/>\n<script type=\"application\/ld+json\" class=\"yoast-schema-graph\">{\"@context\":\"https:\/\/schema.org\",\"@graph\":[{\"@type\":\"WebPage\",\"@id\":\"http:\/\/www.titandent.hu\/patient\/hu\/fogaszati-abece\/fogtomes-i-plasztikus-fogtomesek\/\",\"url\":\"http:\/\/www.titandent.hu\/patient\/hu\/fogaszati-abece\/fogtomes-i-plasztikus-fogtomesek\/\",\"name\":\"Fogt\u00f6m\u00e9s I. - Plasztikus fogt\u00f6m\u00e9sek - Tit\u00e1nDent\",\"isPartOf\":{\"@id\":\"http:\/\/www.titandent.hu\/patient\/hu\/#website\"},\"primaryImageOfPage\":{\"@id\":\"http:\/\/www.titandent.hu\/patient\/hu\/fogaszati-abece\/fogtomes-i-plasztikus-fogtomesek\/#primaryimage\"},\"image\":{\"@id\":\"http:\/\/www.titandent.hu\/patient\/hu\/fogaszati-abece\/fogtomes-i-plasztikus-fogtomesek\/#primaryimage\"},\"thumbnailUrl\":\"http:\/\/www.titandent.hu\/patient\/wp-content\/uploads\/2018\/07\/tomes.png\",\"datePublished\":\"2018-07-31T08:21:51+00:00\",\"dateModified\":\"2018-08-24T07:43:07+00:00\",\"breadcrumb\":{\"@id\":\"http:\/\/www.titandent.hu\/patient\/hu\/fogaszati-abece\/fogtomes-i-plasztikus-fogtomesek\/#breadcrumb\"},\"inLanguage\":\"hu-HU\",\"potentialAction\":[{\"@type\":\"ReadAction\",\"target\":[\"http:\/\/www.titandent.hu\/patient\/hu\/fogaszati-abece\/fogtomes-i-plasztikus-fogtomesek\/\"]}]},{\"@type\":\"ImageObject\",\"inLanguage\":\"hu-HU\",\"@id\":\"http:\/\/www.titandent.hu\/patient\/hu\/fogaszati-abece\/fogtomes-i-plasztikus-fogtomesek\/#primaryimage\",\"url\":\"http:\/\/www.titandent.hu\/patient\/wp-content\/uploads\/2018\/07\/tomes.png\",\"contentUrl\":\"http:\/\/www.titandent.hu\/patient\/wp-content\/uploads\/2018\/07\/tomes.png\"},{\"@type\":\"BreadcrumbList\",\"@id\":\"http:\/\/www.titandent.hu\/patient\/hu\/fogaszati-abece\/fogtomes-i-plasztikus-fogtomesek\/#breadcrumb\",\"itemListElement\":[{\"@type\":\"ListItem\",\"position\":1,\"name\":\"Home\",\"item\":\"http:\/\/www.titandent.hu\/patient\/hu\/\"},{\"@type\":\"ListItem\",\"position\":2,\"name\":\"Fog\u00e1szati \u00c1B\u00e9C\u00e9\",\"item\":\"http:\/\/www.titandent.hu\/patient\/hu\/fogaszati-abece\/\"},{\"@type\":\"ListItem\",\"position\":3,\"name\":\"Fogt\u00f6m\u00e9s I. &#8211; Plasztikus fogt\u00f6m\u00e9sek\"}]},{\"@type\":\"WebSite\",\"@id\":\"http:\/\/www.titandent.hu\/patient\/hu\/#website\",\"url\":\"http:\/\/www.titandent.hu\/patient\/hu\/\",\"name\":\"Tit\u00e1nDent\",\"description\":\"\u00dcdv\u00f6z\u00f6lj\u00fck a Tit\u00e1nDent Fog\u00e1szati Rendel\u0151  honlapj\u00e1n!\",\"publisher\":{\"@id\":\"http:\/\/www.titandent.hu\/patient\/hu\/#organization\"},\"potentialAction\":[{\"@type\":\"SearchAction\",\"target\":{\"@type\":\"EntryPoint\",\"urlTemplate\":\"http:\/\/www.titandent.hu\/patient\/hu\/?s={search_term_string}\"},\"query-input\":{\"@type\":\"PropertyValueSpecification\",\"valueRequired\":true,\"valueName\":\"search_term_string\"}}],\"inLanguage\":\"hu-HU\"},{\"@type\":\"Organization\",\"@id\":\"http:\/\/www.titandent.hu\/patient\/hu\/#organization\",\"name\":\"Tit\u00e1nDent Kft.\",\"url\":\"http:\/\/www.titandent.hu\/patient\/hu\/\",\"logo\":{\"@type\":\"ImageObject\",\"inLanguage\":\"hu-HU\",\"@id\":\"http:\/\/www.titandent.hu\/patient\/hu\/#\/schema\/logo\/image\/\",\"url\":\"http:\/\/www.titandent.hu\/patient\/wp-content\/uploads\/2018\/07\/cropped-TitanDent_logo-v11x.svg-m\u00e1solata-3.png\",\"contentUrl\":\"http:\/\/www.titandent.hu\/patient\/wp-content\/uploads\/2018\/07\/cropped-TitanDent_logo-v11x.svg-m\u00e1solata-3.png\",\"width\":225,\"height\":225,\"caption\":\"Tit\u00e1nDent Kft.\"},\"image\":{\"@id\":\"http:\/\/www.titandent.hu\/patient\/hu\/#\/schema\/logo\/image\/\"},\"sameAs\":[\"https:\/\/www.facebook.com\/TitanDentFogaszatiKft\/\",\"https:\/\/x.com\/dent_titan\"]}]}<\/script>\n<!-- \/ Yoast SEO plugin. -->","yoast_head_json":{"title":"Fogt\u00f6m\u00e9s I. - Plasztikus fogt\u00f6m\u00e9sek - Tit\u00e1nDent","robots":{"index":"index","follow":"follow","max-snippet":"max-snippet:-1","max-image-preview":"max-image-preview:large","max-video-preview":"max-video-preview:-1"},"canonical":"http:\/\/www.titandent.hu\/patient\/hu\/fogaszati-abece\/fogtomes-i-plasztikus-fogtomesek\/","og_locale":"hu_HU","og_type":"article","og_title":"Fogt\u00f6m\u00e9s I. - Plasztikus fogt\u00f6m\u00e9sek - Tit\u00e1nDent","og_description":"Szuvas fogak helyre\u00e1ll\u00edt\u00e1sa leggyakrabban fogt\u00f6m\u00e9ssel t\u00f6rt\u00e9nik. A\u00a0fogt\u00f6m\u00e9s szok\u00e1sos l\u00e9p\u00e9sei: rendszerint helyi \u00e9rz\u00e9stelen\u00edt\u00e9s, a szuvas foganyag elt\u00e1vol\u00edt\u00e1sa, a m\u00e1r sz\u00famentes \u00fcreg megtiszt\u00edt\u00e1sa, az \u00fcregfalak impregn\u00e1l\u00e1sa, bevon\u00e1sa, az \u00fcreg r\u00e9teges kit\u00f6lt\u00e9se t\u00f6m\u0151anyaggal,Olvasson tov\u00e1bb...Fogt\u00f6m\u00e9s I. &#8211; Plasztikus fogt\u00f6m\u00e9sek","og_url":"http:\/\/www.titandent.hu\/patient\/hu\/fogaszati-abece\/fogtomes-i-plasztikus-fogtomesek\/","og_site_name":"Tit\u00e1nDent","article_publisher":"https:\/\/www.facebook.com\/TitanDentFogaszatiKft\/","article_modified_time":"2018-08-24T07:43:07+00:00","og_image":[{"url":"http:\/\/www.titandent.hu\/patient\/wp-content\/uploads\/2018\/07\/tomes.png","type":"","width":"","height":""}],"twitter_card":"summary_large_image","twitter_site":"@dent_titan","twitter_misc":{"Becs\u00fclt olvas\u00e1si id\u0151":"1 perc"},"schema":{"@context":"https:\/\/schema.org","@graph":[{"@type":"WebPage","@id":"http:\/\/www.titandent.hu\/patient\/hu\/fogaszati-abece\/fogtomes-i-plasztikus-fogtomesek\/","url":"http:\/\/www.titandent.hu\/patient\/hu\/fogaszati-abece\/fogtomes-i-plasztikus-fogtomesek\/","name":"Fogt\u00f6m\u00e9s I. - Plasztikus fogt\u00f6m\u00e9sek - Tit\u00e1nDent","isPartOf":{"@id":"http:\/\/www.titandent.hu\/patient\/hu\/#website"},"primaryImageOfPage":{"@id":"http:\/\/www.titandent.hu\/patient\/hu\/fogaszati-abece\/fogtomes-i-plasztikus-fogtomesek\/#primaryimage"},"image":{"@id":"http:\/\/www.titandent.hu\/patient\/hu\/fogaszati-abece\/fogtomes-i-plasztikus-fogtomesek\/#primaryimage"},"thumbnailUrl":"http:\/\/www.titandent.hu\/patient\/wp-content\/uploads\/2018\/07\/tomes.png","datePublished":"2018-07-31T08:21:51+00:00","dateModified":"2018-08-24T07:43:07+00:00","breadcrumb":{"@id":"http:\/\/www.titandent.hu\/patient\/hu\/fogaszati-abece\/fogtomes-i-plasztikus-fogtomesek\/#breadcrumb"},"inLanguage":"hu-HU","potentialAction":[{"@type":"ReadAction","target":["http:\/\/www.titandent.hu\/patient\/hu\/fogaszati-abece\/fogtomes-i-plasztikus-fogtomesek\/"]}]},{"@type":"ImageObject","inLanguage":"hu-HU","@id":"http:\/\/www.titandent.hu\/patient\/hu\/fogaszati-abece\/fogtomes-i-plasztikus-fogtomesek\/#primaryimage","url":"http:\/\/www.titandent.hu\/patient\/wp-content\/uploads\/2018\/07\/tomes.png","contentUrl":"http:\/\/www.titandent.hu\/patient\/wp-content\/uploads\/2018\/07\/tomes.png"},{"@type":"BreadcrumbList","@id":"http:\/\/www.titandent.hu\/patient\/hu\/fogaszati-abece\/fogtomes-i-plasztikus-fogtomesek\/#breadcrumb","itemListElement":[{"@type":"ListItem","position":1,"name":"Home","item":"http:\/\/www.titandent.hu\/patient\/hu\/"},{"@type":"ListItem","position":2,"name":"Fog\u00e1szati \u00c1B\u00e9C\u00e9","item":"http:\/\/www.titandent.hu\/patient\/hu\/fogaszati-abece\/"},{"@type":"ListItem","position":3,"name":"Fogt\u00f6m\u00e9s I. &#8211; Plasztikus fogt\u00f6m\u00e9sek"}]},{"@type":"WebSite","@id":"http:\/\/www.titandent.hu\/patient\/hu\/#website","url":"http:\/\/www.titandent.hu\/patient\/hu\/","name":"Tit\u00e1nDent","description":"\u00dcdv\u00f6z\u00f6lj\u00fck a Tit\u00e1nDent Fog\u00e1szati Rendel\u0151  honlapj\u00e1n!","publisher":{"@id":"http:\/\/www.titandent.hu\/patient\/hu\/#organization"},"potentialAction":[{"@type":"SearchAction","target":{"@type":"EntryPoint","urlTemplate":"http:\/\/www.titandent.hu\/patient\/hu\/?s={search_term_string}"},"query-input":{"@type":"PropertyValueSpecification","valueRequired":true,"valueName":"search_term_string"}}],"inLanguage":"hu-HU"},{"@type":"Organization","@id":"http:\/\/www.titandent.hu\/patient\/hu\/#organization","name":"Tit\u00e1nDent Kft.","url":"http:\/\/www.titandent.hu\/patient\/hu\/","logo":{"@type":"ImageObject","inLanguage":"hu-HU","@id":"http:\/\/www.titandent.hu\/patient\/hu\/#\/schema\/logo\/image\/","url":"http:\/\/www.titandent.hu\/patient\/wp-content\/uploads\/2018\/07\/cropped-TitanDent_logo-v11x.svg-m\u00e1solata-3.png","contentUrl":"http:\/\/www.titandent.hu\/patient\/wp-content\/uploads\/2018\/07\/cropped-TitanDent_logo-v11x.svg-m\u00e1solata-3.png","width":225,"height":225,"caption":"Tit\u00e1nDent Kft."},"image":{"@id":"http:\/\/www.titandent.hu\/patient\/hu\/#\/schema\/logo\/image\/"},"sameAs":["https:\/\/www.facebook.com\/TitanDentFogaszatiKft\/","https:\/\/x.com\/dent_titan"]}]}},"_links":{"self":[{"href":"http:\/\/www.titandent.hu\/patient\/hu\/wp-json\/wp\/v2\/pages\/341","targetHints":{"allow":["GET"]}}],"collection":[{"href":"http:\/\/www.titandent.hu\/patient\/hu\/wp-json\/wp\/v2\/pages"}],"about":[{"href":"http:\/\/www.titandent.hu\/patient\/hu\/wp-json\/wp\/v2\/types\/page"}],"author":[{"embeddable":true,"href":"http:\/\/www.titandent.hu\/patient\/hu\/wp-json\/wp\/v2\/users\/1"}],"replies":[{"embeddable":true,"href":"http:\/\/www.titandent.hu\/patient\/hu\/wp-json\/wp\/v2\/comments?post=341"}],"version-history":[{"count":3,"href":"http:\/\/www.titandent.hu\/patient\/hu\/wp-json\/wp\/v2\/pages\/341\/revisions"}],"predecessor-version":[{"id":691,"href":"http:\/\/www.titandent.hu\/patient\/hu\/wp-json\/wp\/v2\/pages\/341\/revisions\/691"}],"up":[{"embeddable":true,"href":"http:\/\/www.titandent.hu\/patient\/hu\/wp-json\/wp\/v2\/pages\/243"}],"wp:attachment":[{"href":"http:\/\/www.titandent.hu\/patient\/hu\/wp-json\/wp\/v2\/media?parent=341"}],"curies":[{"name":"wp","href":"https:\/\/api.w.org\/{rel}","templated":true}]}}