{"id":345,"date":"2018-07-31T08:22:10","date_gmt":"2018-07-31T08:22:10","guid":{"rendered":"http:\/\/www.titandent.hu\/patient\/?page_id=345"},"modified":"2018-07-31T10:17:52","modified_gmt":"2018-07-31T10:17:52","slug":"fogtomes-ii-betet-vagy-inlay","status":"publish","type":"page","link":"http:\/\/www.titandent.hu\/patient\/hu\/fogaszati-abece\/fogtomes-ii-betet-vagy-inlay\/","title":{"rendered":"Fogt\u00f6m\u00e9s II. &#8211; Bet\u00e9t, vagy inlay"},"content":{"rendered":"<div class=\"row clearfix sf-cb\">\n<div class=\"column full\">\n<p><span style=\"font-size: 16px;\">A fog\u00e1szati inlay (kiejt\u00e9se: inl\u00e9) magyar neve: bet\u00e9t.<img fetchpriority=\"high\" decoding=\"async\" class=\"size-full wp-image-515 alignright\" src=\"http:\/\/www.titandent.hu\/patient\/wp-content\/uploads\/2018\/07\/tomes.png\" alt=\"\" width=\"500\" height=\"150\" srcset=\"http:\/\/www.titandent.hu\/patient\/wp-content\/uploads\/2018\/07\/tomes.png 500w, http:\/\/www.titandent.hu\/patient\/wp-content\/uploads\/2018\/07\/tomes-300x90.png 300w, http:\/\/www.titandent.hu\/patient\/wp-content\/uploads\/2018\/07\/tomes-100x30.png 100w\" sizes=\"(max-width: 500px) 100vw, 500px\" \/><\/span><\/p>\n<p><span style=\"font-size: 16px;\"><strong>Jelent\u00e9se:<\/strong><\/span><br \/>\n<span style=\"font-size: 16px;\">olyan fogt\u00f6m\u00e9s, mely nem a fogorvosi rendel\u0151ben k\u00e9sz\u00fcl el, hanem a\u00a0 fogtechnikai laborat\u00f3riumban.<\/span><\/p>\n<p><span style=\"font-size: 16px;\"><strong>K\u00e9sz\u00edt\u00e9s\u00e9nek l\u00e9p\u00e9sei:<\/strong><\/span><\/p>\n<ul>\n<li><span style=\"font-size: 16px;\">a fog szuvas r\u00e9szeinek elt\u00e1vol\u00edt\u00e1sa f\u00far\u00e1ssal<\/span><\/li>\n<li><span style=\"font-size: 16px;\">a sz\u00famentes \u00fcreg megfelel\u0151 form\u00e1ra alak\u00edt\u00e1sa<\/span><\/li>\n<li><span style=\"font-size: 16px;\">lenyomatv\u00e9tel a t\u00f6m\u00e9sre el\u0151k\u00e9sz\u00edtett fogr\u00f3l<\/span><\/li>\n<li><span style=\"font-size: 16px;\">a fogr\u00f3l k\u00e9sz\u00edtett minta alapj\u00e1n a fogtechnikai laborat\u00f3rium elk\u00e9sz\u00edti a t\u00f6m\u00e9st<\/span><\/li>\n<li><span style=\"font-size: 16px;\">a k\u00e9sz t\u00f6m\u00e9st a fogorvos ragaszt\u00f3anyaggal r\u00f6gz\u00edti a fogban.<\/span><\/li>\n<\/ul>\n<p><span style=\"font-size: 16px;\">A szok\u00e1sos (plasztikus) t\u00f6m\u00e9sekhez hasonl\u00edtva, a bet\u00e9t el\u0151nye a , hogy a laborat\u00f3riumban a munkak\u00f6r\u00fclm\u00e9nyek kisz\u00e1m\u00edthat\u00f3ak, ellen\u0151rizhet\u0151ek, k\u00f6nnyebben uralhat\u00f3ak, mint a sz\u00e1jban.<\/span><br \/>\n<span style=\"font-size: 16px;\"><strong>A bet\u00e9t anyaga t\u00f6bbf\u00e9le lehet.<\/strong> <\/span><br \/>\n<span style=\"font-size: 16px;\">Anyagv\u00e1laszt\u00e1si lehet\u0151s\u00e9geink:<\/span><\/p>\n<ul>\n<li><span style=\"font-size: 16px;\">kompozit (a kompozitanyag le\u00edr\u00e1s\u00e1t l\u00e1sd a.Fogt\u00f6m\u00e9s I. lapon)<\/span><\/li>\n<li><span style=\"font-size: 16px;\">arany \u00e9s m\u00e1s nemesf\u00e9m \u00f6tv\u00f6zetek<\/span><\/li>\n<li><span style=\"font-size: 16px;\">porcel\u00e1n (ker\u00e1mia).<\/span><\/li>\n<\/ul>\n<p><span style=\"font-size: 16px;\"><strong>Funkcion\u00e1lisan az aranybet\u00e9t adja a legjobb haszn\u00e1lhat\u00f3s\u00e1gi \u00e9s tart\u00f3ss\u00e1gi eredm\u00e9nyt<\/strong>, mert az aranybet\u00e9t sz\u00e9lei nagyon pontosan \u00e9s szorosan illeszkednek a fogsz\u00f6vethez. Az arany kem\u00e9nys\u00e9ge, kop\u00e1s\u00e1ll\u00f3s\u00e1ga nem \u00e1ll messze a fogsz\u00f6vet\u00e9t\u0151l \u00e9s ennek megfelel\u0151en alkalmazkod\u00f3 k\u00e9pess\u00e9ggel is rendelkezik a r\u00e1g\u00e1s-kop\u00e1s sor\u00e1n v\u00e1ltoz\u00f3 helyzethez.<\/span><br \/>\n<span style=\"font-size: 16px;\">H\u00e1tr\u00e1nya, hogy nem fogsz\u00edn\u0171, l\u00e1that\u00f3 helyen nem eszt\u00e9tikus, \u00e9s el\u00e9g k\u00f6lts\u00e9ges.<\/span><\/p>\n<p><span style=\"font-size: 16px;\"><strong>A bet\u00e9tet beragaszt\u00e1sa ut\u00e1n javasolt egy napig k\u00edm\u00e9lni.<\/strong><\/span><\/p>\n<\/div>\n<\/div>\n","protected":false},"excerpt":{"rendered":"<p>A fog\u00e1szati inlay (kiejt\u00e9se: inl\u00e9) magyar neve: bet\u00e9t. Jelent\u00e9se: olyan fogt\u00f6m\u00e9s, mely nem a fogorvosi rendel\u0151ben k\u00e9sz\u00fcl el, hanem a\u00a0 fogtechnikai laborat\u00f3riumban. K\u00e9sz\u00edt\u00e9s\u00e9nek l\u00e9p\u00e9sei: a fog szuvas r\u00e9szeinek elt\u00e1vol\u00edt\u00e1sa f\u00far\u00e1ssal<a href=\"http:\/\/www.titandent.hu\/patient\/hu\/fogaszati-abece\/fogtomes-ii-betet-vagy-inlay\/\" class=\"more-link\"><span class=\"more-button\">Olvasson tov\u00e1bb&#8230;<span class=\"screen-reader-text\">Fogt\u00f6m\u00e9s II. &#8211; Bet\u00e9t, vagy inlay<\/span><\/span><\/a><\/p>\n","protected":false},"author":1,"featured_media":0,"parent":243,"menu_order":0,"comment_status":"closed","ping_status":"closed","template":"","meta":{"_exactmetrics_skip_tracking":false,"_exactmetrics_sitenote_active":false,"_exactmetrics_sitenote_note":"","_exactmetrics_sitenote_category":0,"footnotes":""},"class_list":["post-345","page","type-page","status-publish","hentry"],"yoast_head":"<!-- This site is optimized with the Yoast SEO plugin v24.7 - https:\/\/yoast.com\/wordpress\/plugins\/seo\/ -->\n<title>Fogt\u00f6m\u00e9s II. - Bet\u00e9t, vagy inlay - Tit\u00e1nDent<\/title>\n<meta name=\"robots\" content=\"index, follow, max-snippet:-1, max-image-preview:large, max-video-preview:-1\" \/>\n<link rel=\"canonical\" href=\"http:\/\/www.titandent.hu\/patient\/hu\/fogaszati-abece\/fogtomes-ii-betet-vagy-inlay\/\" \/>\n<meta property=\"og:locale\" content=\"hu_HU\" \/>\n<meta property=\"og:type\" content=\"article\" \/>\n<meta property=\"og:title\" content=\"Fogt\u00f6m\u00e9s II. - Bet\u00e9t, vagy inlay - Tit\u00e1nDent\" \/>\n<meta property=\"og:description\" content=\"A fog\u00e1szati inlay (kiejt\u00e9se: inl\u00e9) magyar neve: bet\u00e9t. Jelent\u00e9se: olyan fogt\u00f6m\u00e9s, mely nem a fogorvosi rendel\u0151ben k\u00e9sz\u00fcl el, hanem a\u00a0 fogtechnikai laborat\u00f3riumban. K\u00e9sz\u00edt\u00e9s\u00e9nek l\u00e9p\u00e9sei: a fog szuvas r\u00e9szeinek elt\u00e1vol\u00edt\u00e1sa f\u00far\u00e1ssalOlvasson tov\u00e1bb...Fogt\u00f6m\u00e9s II. &#8211; Bet\u00e9t, vagy inlay\" \/>\n<meta property=\"og:url\" content=\"http:\/\/www.titandent.hu\/patient\/hu\/fogaszati-abece\/fogtomes-ii-betet-vagy-inlay\/\" \/>\n<meta property=\"og:site_name\" content=\"Tit\u00e1nDent\" \/>\n<meta property=\"article:publisher\" content=\"https:\/\/www.facebook.com\/TitanDentFogaszatiKft\/\" \/>\n<meta property=\"article:modified_time\" content=\"2018-07-31T10:17:52+00:00\" \/>\n<meta property=\"og:image\" content=\"http:\/\/www.titandent.hu\/patient\/wp-content\/uploads\/2018\/07\/tomes.png\" \/>\n<meta name=\"twitter:card\" content=\"summary_large_image\" \/>\n<meta name=\"twitter:site\" content=\"@dent_titan\" \/>\n<meta name=\"twitter:label1\" content=\"Becs\u00fclt olvas\u00e1si id\u0151\" \/>\n\t<meta name=\"twitter:data1\" content=\"1 perc\" \/>\n<script type=\"application\/ld+json\" class=\"yoast-schema-graph\">{\"@context\":\"https:\/\/schema.org\",\"@graph\":[{\"@type\":\"WebPage\",\"@id\":\"http:\/\/www.titandent.hu\/patient\/hu\/fogaszati-abece\/fogtomes-ii-betet-vagy-inlay\/\",\"url\":\"http:\/\/www.titandent.hu\/patient\/hu\/fogaszati-abece\/fogtomes-ii-betet-vagy-inlay\/\",\"name\":\"Fogt\u00f6m\u00e9s II. - Bet\u00e9t, vagy inlay - Tit\u00e1nDent\",\"isPartOf\":{\"@id\":\"http:\/\/www.titandent.hu\/patient\/hu\/#website\"},\"primaryImageOfPage\":{\"@id\":\"http:\/\/www.titandent.hu\/patient\/hu\/fogaszati-abece\/fogtomes-ii-betet-vagy-inlay\/#primaryimage\"},\"image\":{\"@id\":\"http:\/\/www.titandent.hu\/patient\/hu\/fogaszati-abece\/fogtomes-ii-betet-vagy-inlay\/#primaryimage\"},\"thumbnailUrl\":\"http:\/\/www.titandent.hu\/patient\/wp-content\/uploads\/2018\/07\/tomes.png\",\"datePublished\":\"2018-07-31T08:22:10+00:00\",\"dateModified\":\"2018-07-31T10:17:52+00:00\",\"breadcrumb\":{\"@id\":\"http:\/\/www.titandent.hu\/patient\/hu\/fogaszati-abece\/fogtomes-ii-betet-vagy-inlay\/#breadcrumb\"},\"inLanguage\":\"hu-HU\",\"potentialAction\":[{\"@type\":\"ReadAction\",\"target\":[\"http:\/\/www.titandent.hu\/patient\/hu\/fogaszati-abece\/fogtomes-ii-betet-vagy-inlay\/\"]}]},{\"@type\":\"ImageObject\",\"inLanguage\":\"hu-HU\",\"@id\":\"http:\/\/www.titandent.hu\/patient\/hu\/fogaszati-abece\/fogtomes-ii-betet-vagy-inlay\/#primaryimage\",\"url\":\"http:\/\/www.titandent.hu\/patient\/wp-content\/uploads\/2018\/07\/tomes.png\",\"contentUrl\":\"http:\/\/www.titandent.hu\/patient\/wp-content\/uploads\/2018\/07\/tomes.png\"},{\"@type\":\"BreadcrumbList\",\"@id\":\"http:\/\/www.titandent.hu\/patient\/hu\/fogaszati-abece\/fogtomes-ii-betet-vagy-inlay\/#breadcrumb\",\"itemListElement\":[{\"@type\":\"ListItem\",\"position\":1,\"name\":\"Home\",\"item\":\"http:\/\/www.titandent.hu\/patient\/hu\/\"},{\"@type\":\"ListItem\",\"position\":2,\"name\":\"Fog\u00e1szati \u00c1B\u00e9C\u00e9\",\"item\":\"http:\/\/www.titandent.hu\/patient\/hu\/fogaszati-abece\/\"},{\"@type\":\"ListItem\",\"position\":3,\"name\":\"Fogt\u00f6m\u00e9s II. &#8211; Bet\u00e9t, vagy inlay\"}]},{\"@type\":\"WebSite\",\"@id\":\"http:\/\/www.titandent.hu\/patient\/hu\/#website\",\"url\":\"http:\/\/www.titandent.hu\/patient\/hu\/\",\"name\":\"Tit\u00e1nDent\",\"description\":\"\u00dcdv\u00f6z\u00f6lj\u00fck a Tit\u00e1nDent Fog\u00e1szati Rendel\u0151  honlapj\u00e1n!\",\"publisher\":{\"@id\":\"http:\/\/www.titandent.hu\/patient\/hu\/#organization\"},\"potentialAction\":[{\"@type\":\"SearchAction\",\"target\":{\"@type\":\"EntryPoint\",\"urlTemplate\":\"http:\/\/www.titandent.hu\/patient\/hu\/?s={search_term_string}\"},\"query-input\":{\"@type\":\"PropertyValueSpecification\",\"valueRequired\":true,\"valueName\":\"search_term_string\"}}],\"inLanguage\":\"hu-HU\"},{\"@type\":\"Organization\",\"@id\":\"http:\/\/www.titandent.hu\/patient\/hu\/#organization\",\"name\":\"Tit\u00e1nDent Kft.\",\"url\":\"http:\/\/www.titandent.hu\/patient\/hu\/\",\"logo\":{\"@type\":\"ImageObject\",\"inLanguage\":\"hu-HU\",\"@id\":\"http:\/\/www.titandent.hu\/patient\/hu\/#\/schema\/logo\/image\/\",\"url\":\"http:\/\/www.titandent.hu\/patient\/wp-content\/uploads\/2018\/07\/cropped-TitanDent_logo-v11x.svg-m\u00e1solata-3.png\",\"contentUrl\":\"http:\/\/www.titandent.hu\/patient\/wp-content\/uploads\/2018\/07\/cropped-TitanDent_logo-v11x.svg-m\u00e1solata-3.png\",\"width\":225,\"height\":225,\"caption\":\"Tit\u00e1nDent Kft.\"},\"image\":{\"@id\":\"http:\/\/www.titandent.hu\/patient\/hu\/#\/schema\/logo\/image\/\"},\"sameAs\":[\"https:\/\/www.facebook.com\/TitanDentFogaszatiKft\/\",\"https:\/\/x.com\/dent_titan\"]}]}<\/script>\n<!-- \/ Yoast SEO plugin. -->","yoast_head_json":{"title":"Fogt\u00f6m\u00e9s II. - Bet\u00e9t, vagy inlay - Tit\u00e1nDent","robots":{"index":"index","follow":"follow","max-snippet":"max-snippet:-1","max-image-preview":"max-image-preview:large","max-video-preview":"max-video-preview:-1"},"canonical":"http:\/\/www.titandent.hu\/patient\/hu\/fogaszati-abece\/fogtomes-ii-betet-vagy-inlay\/","og_locale":"hu_HU","og_type":"article","og_title":"Fogt\u00f6m\u00e9s II. - Bet\u00e9t, vagy inlay - Tit\u00e1nDent","og_description":"A fog\u00e1szati inlay (kiejt\u00e9se: inl\u00e9) magyar neve: bet\u00e9t. Jelent\u00e9se: olyan fogt\u00f6m\u00e9s, mely nem a fogorvosi rendel\u0151ben k\u00e9sz\u00fcl el, hanem a\u00a0 fogtechnikai laborat\u00f3riumban. K\u00e9sz\u00edt\u00e9s\u00e9nek l\u00e9p\u00e9sei: a fog szuvas r\u00e9szeinek elt\u00e1vol\u00edt\u00e1sa f\u00far\u00e1ssalOlvasson tov\u00e1bb...Fogt\u00f6m\u00e9s II. &#8211; Bet\u00e9t, vagy inlay","og_url":"http:\/\/www.titandent.hu\/patient\/hu\/fogaszati-abece\/fogtomes-ii-betet-vagy-inlay\/","og_site_name":"Tit\u00e1nDent","article_publisher":"https:\/\/www.facebook.com\/TitanDentFogaszatiKft\/","article_modified_time":"2018-07-31T10:17:52+00:00","og_image":[{"url":"http:\/\/www.titandent.hu\/patient\/wp-content\/uploads\/2018\/07\/tomes.png","type":"","width":"","height":""}],"twitter_card":"summary_large_image","twitter_site":"@dent_titan","twitter_misc":{"Becs\u00fclt olvas\u00e1si id\u0151":"1 perc"},"schema":{"@context":"https:\/\/schema.org","@graph":[{"@type":"WebPage","@id":"http:\/\/www.titandent.hu\/patient\/hu\/fogaszati-abece\/fogtomes-ii-betet-vagy-inlay\/","url":"http:\/\/www.titandent.hu\/patient\/hu\/fogaszati-abece\/fogtomes-ii-betet-vagy-inlay\/","name":"Fogt\u00f6m\u00e9s II. - Bet\u00e9t, vagy inlay - Tit\u00e1nDent","isPartOf":{"@id":"http:\/\/www.titandent.hu\/patient\/hu\/#website"},"primaryImageOfPage":{"@id":"http:\/\/www.titandent.hu\/patient\/hu\/fogaszati-abece\/fogtomes-ii-betet-vagy-inlay\/#primaryimage"},"image":{"@id":"http:\/\/www.titandent.hu\/patient\/hu\/fogaszati-abece\/fogtomes-ii-betet-vagy-inlay\/#primaryimage"},"thumbnailUrl":"http:\/\/www.titandent.hu\/patient\/wp-content\/uploads\/2018\/07\/tomes.png","datePublished":"2018-07-31T08:22:10+00:00","dateModified":"2018-07-31T10:17:52+00:00","breadcrumb":{"@id":"http:\/\/www.titandent.hu\/patient\/hu\/fogaszati-abece\/fogtomes-ii-betet-vagy-inlay\/#breadcrumb"},"inLanguage":"hu-HU","potentialAction":[{"@type":"ReadAction","target":["http:\/\/www.titandent.hu\/patient\/hu\/fogaszati-abece\/fogtomes-ii-betet-vagy-inlay\/"]}]},{"@type":"ImageObject","inLanguage":"hu-HU","@id":"http:\/\/www.titandent.hu\/patient\/hu\/fogaszati-abece\/fogtomes-ii-betet-vagy-inlay\/#primaryimage","url":"http:\/\/www.titandent.hu\/patient\/wp-content\/uploads\/2018\/07\/tomes.png","contentUrl":"http:\/\/www.titandent.hu\/patient\/wp-content\/uploads\/2018\/07\/tomes.png"},{"@type":"BreadcrumbList","@id":"http:\/\/www.titandent.hu\/patient\/hu\/fogaszati-abece\/fogtomes-ii-betet-vagy-inlay\/#breadcrumb","itemListElement":[{"@type":"ListItem","position":1,"name":"Home","item":"http:\/\/www.titandent.hu\/patient\/hu\/"},{"@type":"ListItem","position":2,"name":"Fog\u00e1szati \u00c1B\u00e9C\u00e9","item":"http:\/\/www.titandent.hu\/patient\/hu\/fogaszati-abece\/"},{"@type":"ListItem","position":3,"name":"Fogt\u00f6m\u00e9s II. &#8211; Bet\u00e9t, vagy inlay"}]},{"@type":"WebSite","@id":"http:\/\/www.titandent.hu\/patient\/hu\/#website","url":"http:\/\/www.titandent.hu\/patient\/hu\/","name":"Tit\u00e1nDent","description":"\u00dcdv\u00f6z\u00f6lj\u00fck a Tit\u00e1nDent Fog\u00e1szati Rendel\u0151  honlapj\u00e1n!","publisher":{"@id":"http:\/\/www.titandent.hu\/patient\/hu\/#organization"},"potentialAction":[{"@type":"SearchAction","target":{"@type":"EntryPoint","urlTemplate":"http:\/\/www.titandent.hu\/patient\/hu\/?s={search_term_string}"},"query-input":{"@type":"PropertyValueSpecification","valueRequired":true,"valueName":"search_term_string"}}],"inLanguage":"hu-HU"},{"@type":"Organization","@id":"http:\/\/www.titandent.hu\/patient\/hu\/#organization","name":"Tit\u00e1nDent Kft.","url":"http:\/\/www.titandent.hu\/patient\/hu\/","logo":{"@type":"ImageObject","inLanguage":"hu-HU","@id":"http:\/\/www.titandent.hu\/patient\/hu\/#\/schema\/logo\/image\/","url":"http:\/\/www.titandent.hu\/patient\/wp-content\/uploads\/2018\/07\/cropped-TitanDent_logo-v11x.svg-m\u00e1solata-3.png","contentUrl":"http:\/\/www.titandent.hu\/patient\/wp-content\/uploads\/2018\/07\/cropped-TitanDent_logo-v11x.svg-m\u00e1solata-3.png","width":225,"height":225,"caption":"Tit\u00e1nDent Kft."},"image":{"@id":"http:\/\/www.titandent.hu\/patient\/hu\/#\/schema\/logo\/image\/"},"sameAs":["https:\/\/www.facebook.com\/TitanDentFogaszatiKft\/","https:\/\/x.com\/dent_titan"]}]}},"_links":{"self":[{"href":"http:\/\/www.titandent.hu\/patient\/hu\/wp-json\/wp\/v2\/pages\/345","targetHints":{"allow":["GET"]}}],"collection":[{"href":"http:\/\/www.titandent.hu\/patient\/hu\/wp-json\/wp\/v2\/pages"}],"about":[{"href":"http:\/\/www.titandent.hu\/patient\/hu\/wp-json\/wp\/v2\/types\/page"}],"author":[{"embeddable":true,"href":"http:\/\/www.titandent.hu\/patient\/hu\/wp-json\/wp\/v2\/users\/1"}],"replies":[{"embeddable":true,"href":"http:\/\/www.titandent.hu\/patient\/hu\/wp-json\/wp\/v2\/comments?post=345"}],"version-history":[{"count":2,"href":"http:\/\/www.titandent.hu\/patient\/hu\/wp-json\/wp\/v2\/pages\/345\/revisions"}],"predecessor-version":[{"id":519,"href":"http:\/\/www.titandent.hu\/patient\/hu\/wp-json\/wp\/v2\/pages\/345\/revisions\/519"}],"up":[{"embeddable":true,"href":"http:\/\/www.titandent.hu\/patient\/hu\/wp-json\/wp\/v2\/pages\/243"}],"wp:attachment":[{"href":"http:\/\/www.titandent.hu\/patient\/hu\/wp-json\/wp\/v2\/media?parent=345"}],"curies":[{"name":"wp","href":"https:\/\/api.w.org\/{rel}","templated":true}]}}