{"id":349,"date":"2018-07-31T08:22:25","date_gmt":"2018-07-31T08:22:25","guid":{"rendered":"http:\/\/www.titandent.hu\/patient\/?page_id=349"},"modified":"2018-07-31T10:23:52","modified_gmt":"2018-07-31T10:23:52","slug":"gyokercsucs-rezekcio","status":"publish","type":"page","link":"http:\/\/www.titandent.hu\/patient\/hu\/fogaszati-abece\/gyokercsucs-rezekcio\/","title":{"rendered":"Gy\u00f6k\u00e9rcs\u00facs csonkol\u00e1s (rezekci\u00f3)"},"content":{"rendered":"<div id=\"PageContainer1\" class=\"EqualHeight_PageContainer1\">\n<div id=\"PageDescription-D31798850\" class=\"GC19 PageDescription\">\n<div class=\"row clearfix sf-cb\">\n<div class=\"column full\">\n<p><span style=\"font-size: 16px;\">El\u00e9gtelen gy\u00f6k\u00e9rt\u00f6m\u00e9s\u0171, vagy elhalt fogbel\u0171,\u00a0 fogak gy\u00f6k\u00e9rcs\u00facsai k\u00f6r\u00fcl az esetek t\u00f6bbs\u00e9g\u00e9ben kr\u00f3nikus gyullad\u00e1s keletkezik. A gyullad\u00e1s er\u0151ss\u00e9g\u00e9t\u0151l \u00e9s az egy\u00e9ni hajlamt\u00f3l f\u00fcgg\u0151en, id\u0151vel a gy\u00f6k\u00e9rcs\u00facs k\u00f6r\u00fcli csont pusztulni kezd.<img fetchpriority=\"high\" decoding=\"async\" class=\"size-full wp-image-521 alignright\" src=\"http:\/\/www.titandent.hu\/patient\/wp-content\/uploads\/2018\/07\/rezekcio.png\" alt=\"\" width=\"500\" height=\"150\" srcset=\"http:\/\/www.titandent.hu\/patient\/wp-content\/uploads\/2018\/07\/rezekcio.png 500w, http:\/\/www.titandent.hu\/patient\/wp-content\/uploads\/2018\/07\/rezekcio-300x90.png 300w, http:\/\/www.titandent.hu\/patient\/wp-content\/uploads\/2018\/07\/rezekcio-100x30.png 100w\" sizes=\"(max-width: 500px) 100vw, 500px\" \/><\/span><\/p>\n<p><span style=\"font-size: 16px;\">A csontpusztul\u00e1s eredm\u00e9nyezte \u00fcreget el\u0151bb gyullad\u00e1sos sz\u00f6vet t\u00f6lti ki, mely n\u00e9h\u00e1ny mm-es nagys\u00e1g el\u00e9r\u00e9se ut\u00e1n egy lassan n\u00f6vekv\u0151 vastagfal\u00fa h\u00f3lyagg\u00e1 (ciszt\u00e1v\u00e1) alakul \u00e1t. A ciszta m\u00e9ret\u0171v\u00e9 n\u00f6vekedett gyullad\u00e1sos ter\u00fclet spont\u00e1n gy\u00f3gyul\u00e1sa, egyed\u00fcl a fog kezel\u00e9s\u00e9t\u0151l (gy\u00f6k\u00e9rt\u00f6m\u00e9s) m\u00e1r nem v\u00e1rhat\u00f3.<\/span><\/p>\n<p><span style=\"font-size: 16px;\">A fog kezel\u00e9s\u00e9t k\u00f6vet\u0151en (\u00faj gy\u00f6k\u00e9rt\u00f6m\u00e9s) a gy\u00f6k\u00e9rcs\u00facs k\u00f6r\u00fcli gyullad\u00e1sos sz\u00f6veteket fizikailag is c\u00e9lszer\u0171 elt\u00e1vol\u00edtani. Ez m\u00e1r fogseb\u00e9szeti beavatkoz\u00e1s, mely sor\u00e1n az \u00ednyen ejtett kis metsz\u00e9sen \u00e9s a gy\u00f6keret bor\u00edt\u00f3 v\u00e9kony csontfalon k\u00e9sz\u00edtett ablakon kereszt\u00fcl a gy\u00f6k\u00e9rcs\u00facs k\u00f6r\u00fcli gyullad\u00e1sos sz\u00f6vet elt\u00e1vol\u00edthat\u00f3.<\/span><br \/>\n<span style=\"font-size: 16px;\">Hogy a\u00a0 gy\u00f6k\u00e9rcs\u00facs csont\u00fcregbe ny\u00fal\u00f3 r\u00e9sze m\u00f6g\u00f6tt gyullad\u00e1sos sz\u00f6vet ne b\u00fajhasson meg, a gy\u00f6k\u00e9rcs\u00facs is lev\u00e1g\u00e1sra ker\u00fcl, a gyullad\u00e1s alak\u00edtotta \u00fcreg als\u00f3 fal\u00e1nak szintj\u00e9ben.<\/span><br \/>\n<span style=\"font-size: 16px;\">Innen sz\u00e1rmazik a beavatkoz\u00e1s neve: rezekci\u00f3, azaz csonkol\u00e1s.<\/span><\/p>\n<p><span style=\"font-size: 16px;\">A fog kezel\u00e9se (gy\u00f6k\u00e9rt\u00f6m\u00e9s)+gy\u00f6k\u00e9rcs\u00facs csonkol\u00e1s a szervezet jav\u00e1ra v\u00e1ltoztatja meg az er\u0151viszonyokat a gyullad\u00e1s \u00e9s szervezet k\u00fczdelm\u00e9ben, de a k\u00e1rosodott ter\u00fclet \u00fajj\u00e1\u00e9p\u00edt\u00e9se tov\u00e1bbra is a szervezet feladata marad. Ez\u00e9rt tudom\u00e1sul kell venni, hogy m\u00e9g a kifog\u00e1stalanul v\u00e9gzett fog\u00e1szati \u00e9s fogseb\u00e9szeti kezel\u00e9sek ut\u00e1n is el\u0151fordulhat ki\u00fajul\u00e1s az esetek n\u00e9h\u00e1ny sz\u00e1zal\u00e9k\u00e1ban. (A ki\u00fajul\u00e1sok gyakoris\u00e1ga egyenesen ar\u00e1nyos az elv\u00e1ltoz\u00e1sok kezel\u00e9s el\u0151tti s\u00falyoss\u00e1g\u00e1val, de \u00e1tlagosan 10% alatti.)<\/span><\/p>\n<p><span style=\"font-size: 16px;\">Az elt\u00e1vol\u00edtott ciszta, vagy csont\u00fcreg helye nem minden esetben tel\u0151dik ki \u00faj csonttal, m\u00e9g akkor sem, ha a gyullad\u00e1s teljesen meggy\u00f3gyult. Kisebb- nagyobb g\u00f6dr\u00f6csk\u00e9t vagy beh\u00faz\u00f3d\u00e1st hagyhat h\u00e1tra a csontban eml\u00e9k\u00fcl. Ezek a kisebb defektusok nem okoznak \u00e9rz\u00e9sbeli, vagy m\u0171k\u00f6d\u00e9sbeli elv\u00e1ltoz\u00e1st, de a m\u00e9g t\u00e1volinak t\u0171n\u0151 j\u00f6v\u0151ben megnehez\u00edthetik p\u00e9ld\u00e1ul a fogsork\u00e9sz\u00edt\u00e9st vagy implant\u00e1tum behelyez\u00e9s\u00e9t.<\/span><\/p>\n<p><span style=\"font-size: 16px;\">A visszamarad\u00f3 csontdefektus m\u00e9ret\u00e9t jelent\u0151sen cs\u00f6kkentheti, ha\u00a0 a kivett ciszta hely\u00e9re csontp\u00f3tl\u00f3 anyag ker\u00fcl behelyez\u00e9sre. A csontp\u00f3tl\u00f3 anyag \u201etartja a helyet\u201d addig, m\u00edg a szervezet lassan ki tudja t\u00f6lteni azt saj\u00e1t csonttal. A csontp\u00f3tl\u00f3 anyag alkalmaz\u00e1sa azonban jelent\u0151sen megemeli a beavatkoz\u00e1s k\u00f6lts\u00e9g\u00e9t.<\/span><\/p>\n<\/div>\n<\/div>\n<\/div>\n<\/div>\n","protected":false},"excerpt":{"rendered":"<p>El\u00e9gtelen gy\u00f6k\u00e9rt\u00f6m\u00e9s\u0171, vagy elhalt fogbel\u0171,\u00a0 fogak gy\u00f6k\u00e9rcs\u00facsai k\u00f6r\u00fcl az esetek t\u00f6bbs\u00e9g\u00e9ben kr\u00f3nikus gyullad\u00e1s keletkezik. A gyullad\u00e1s er\u0151ss\u00e9g\u00e9t\u0151l \u00e9s az egy\u00e9ni hajlamt\u00f3l f\u00fcgg\u0151en, id\u0151vel a gy\u00f6k\u00e9rcs\u00facs k\u00f6r\u00fcli csont pusztulni kezd. A<a href=\"http:\/\/www.titandent.hu\/patient\/hu\/fogaszati-abece\/gyokercsucs-rezekcio\/\" class=\"more-link\"><span class=\"more-button\">Olvasson tov\u00e1bb&#8230;<span class=\"screen-reader-text\">Gy\u00f6k\u00e9rcs\u00facs csonkol\u00e1s (rezekci\u00f3)<\/span><\/span><\/a><\/p>\n","protected":false},"author":1,"featured_media":0,"parent":243,"menu_order":0,"comment_status":"closed","ping_status":"closed","template":"","meta":{"_exactmetrics_skip_tracking":false,"_exactmetrics_sitenote_active":false,"_exactmetrics_sitenote_note":"","_exactmetrics_sitenote_category":0,"footnotes":""},"class_list":["post-349","page","type-page","status-publish","hentry"],"yoast_head":"<!-- This site is optimized with the Yoast SEO plugin v24.7 - https:\/\/yoast.com\/wordpress\/plugins\/seo\/ -->\n<title>Gy\u00f6k\u00e9rcs\u00facs csonkol\u00e1s (rezekci\u00f3) - Tit\u00e1nDent<\/title>\n<meta name=\"robots\" content=\"index, follow, max-snippet:-1, max-image-preview:large, max-video-preview:-1\" \/>\n<link rel=\"canonical\" href=\"http:\/\/www.titandent.hu\/patient\/hu\/fogaszati-abece\/gyokercsucs-rezekcio\/\" \/>\n<meta property=\"og:locale\" content=\"hu_HU\" \/>\n<meta property=\"og:type\" content=\"article\" \/>\n<meta property=\"og:title\" content=\"Gy\u00f6k\u00e9rcs\u00facs csonkol\u00e1s (rezekci\u00f3) - Tit\u00e1nDent\" \/>\n<meta property=\"og:description\" content=\"El\u00e9gtelen gy\u00f6k\u00e9rt\u00f6m\u00e9s\u0171, vagy elhalt fogbel\u0171,\u00a0 fogak gy\u00f6k\u00e9rcs\u00facsai k\u00f6r\u00fcl az esetek t\u00f6bbs\u00e9g\u00e9ben kr\u00f3nikus gyullad\u00e1s keletkezik. A gyullad\u00e1s er\u0151ss\u00e9g\u00e9t\u0151l \u00e9s az egy\u00e9ni hajlamt\u00f3l f\u00fcgg\u0151en, id\u0151vel a gy\u00f6k\u00e9rcs\u00facs k\u00f6r\u00fcli csont pusztulni kezd. AOlvasson tov\u00e1bb...Gy\u00f6k\u00e9rcs\u00facs csonkol\u00e1s (rezekci\u00f3)\" \/>\n<meta property=\"og:url\" content=\"http:\/\/www.titandent.hu\/patient\/hu\/fogaszati-abece\/gyokercsucs-rezekcio\/\" \/>\n<meta property=\"og:site_name\" content=\"Tit\u00e1nDent\" \/>\n<meta property=\"article:publisher\" content=\"https:\/\/www.facebook.com\/TitanDentFogaszatiKft\/\" \/>\n<meta property=\"article:modified_time\" content=\"2018-07-31T10:23:52+00:00\" \/>\n<meta property=\"og:image\" content=\"http:\/\/www.titandent.hu\/patient\/wp-content\/uploads\/2018\/07\/rezekcio.png\" \/>\n<meta name=\"twitter:card\" content=\"summary_large_image\" \/>\n<meta name=\"twitter:site\" content=\"@dent_titan\" \/>\n<meta name=\"twitter:label1\" content=\"Becs\u00fclt olvas\u00e1si id\u0151\" \/>\n\t<meta name=\"twitter:data1\" content=\"3 perc\" \/>\n<script type=\"application\/ld+json\" class=\"yoast-schema-graph\">{\"@context\":\"https:\/\/schema.org\",\"@graph\":[{\"@type\":\"WebPage\",\"@id\":\"http:\/\/www.titandent.hu\/patient\/hu\/fogaszati-abece\/gyokercsucs-rezekcio\/\",\"url\":\"http:\/\/www.titandent.hu\/patient\/hu\/fogaszati-abece\/gyokercsucs-rezekcio\/\",\"name\":\"Gy\u00f6k\u00e9rcs\u00facs csonkol\u00e1s (rezekci\u00f3) - Tit\u00e1nDent\",\"isPartOf\":{\"@id\":\"http:\/\/www.titandent.hu\/patient\/hu\/#website\"},\"primaryImageOfPage\":{\"@id\":\"http:\/\/www.titandent.hu\/patient\/hu\/fogaszati-abece\/gyokercsucs-rezekcio\/#primaryimage\"},\"image\":{\"@id\":\"http:\/\/www.titandent.hu\/patient\/hu\/fogaszati-abece\/gyokercsucs-rezekcio\/#primaryimage\"},\"thumbnailUrl\":\"http:\/\/www.titandent.hu\/patient\/wp-content\/uploads\/2018\/07\/rezekcio.png\",\"datePublished\":\"2018-07-31T08:22:25+00:00\",\"dateModified\":\"2018-07-31T10:23:52+00:00\",\"breadcrumb\":{\"@id\":\"http:\/\/www.titandent.hu\/patient\/hu\/fogaszati-abece\/gyokercsucs-rezekcio\/#breadcrumb\"},\"inLanguage\":\"hu-HU\",\"potentialAction\":[{\"@type\":\"ReadAction\",\"target\":[\"http:\/\/www.titandent.hu\/patient\/hu\/fogaszati-abece\/gyokercsucs-rezekcio\/\"]}]},{\"@type\":\"ImageObject\",\"inLanguage\":\"hu-HU\",\"@id\":\"http:\/\/www.titandent.hu\/patient\/hu\/fogaszati-abece\/gyokercsucs-rezekcio\/#primaryimage\",\"url\":\"http:\/\/www.titandent.hu\/patient\/wp-content\/uploads\/2018\/07\/rezekcio.png\",\"contentUrl\":\"http:\/\/www.titandent.hu\/patient\/wp-content\/uploads\/2018\/07\/rezekcio.png\"},{\"@type\":\"BreadcrumbList\",\"@id\":\"http:\/\/www.titandent.hu\/patient\/hu\/fogaszati-abece\/gyokercsucs-rezekcio\/#breadcrumb\",\"itemListElement\":[{\"@type\":\"ListItem\",\"position\":1,\"name\":\"Home\",\"item\":\"http:\/\/www.titandent.hu\/patient\/hu\/\"},{\"@type\":\"ListItem\",\"position\":2,\"name\":\"Fog\u00e1szati \u00c1B\u00e9C\u00e9\",\"item\":\"http:\/\/www.titandent.hu\/patient\/hu\/fogaszati-abece\/\"},{\"@type\":\"ListItem\",\"position\":3,\"name\":\"Gy\u00f6k\u00e9rcs\u00facs csonkol\u00e1s (rezekci\u00f3)\"}]},{\"@type\":\"WebSite\",\"@id\":\"http:\/\/www.titandent.hu\/patient\/hu\/#website\",\"url\":\"http:\/\/www.titandent.hu\/patient\/hu\/\",\"name\":\"Tit\u00e1nDent\",\"description\":\"\u00dcdv\u00f6z\u00f6lj\u00fck a Tit\u00e1nDent Fog\u00e1szati Rendel\u0151  honlapj\u00e1n!\",\"publisher\":{\"@id\":\"http:\/\/www.titandent.hu\/patient\/hu\/#organization\"},\"potentialAction\":[{\"@type\":\"SearchAction\",\"target\":{\"@type\":\"EntryPoint\",\"urlTemplate\":\"http:\/\/www.titandent.hu\/patient\/hu\/?s={search_term_string}\"},\"query-input\":{\"@type\":\"PropertyValueSpecification\",\"valueRequired\":true,\"valueName\":\"search_term_string\"}}],\"inLanguage\":\"hu-HU\"},{\"@type\":\"Organization\",\"@id\":\"http:\/\/www.titandent.hu\/patient\/hu\/#organization\",\"name\":\"Tit\u00e1nDent Kft.\",\"url\":\"http:\/\/www.titandent.hu\/patient\/hu\/\",\"logo\":{\"@type\":\"ImageObject\",\"inLanguage\":\"hu-HU\",\"@id\":\"http:\/\/www.titandent.hu\/patient\/hu\/#\/schema\/logo\/image\/\",\"url\":\"http:\/\/www.titandent.hu\/patient\/wp-content\/uploads\/2018\/07\/cropped-TitanDent_logo-v11x.svg-m\u00e1solata-3.png\",\"contentUrl\":\"http:\/\/www.titandent.hu\/patient\/wp-content\/uploads\/2018\/07\/cropped-TitanDent_logo-v11x.svg-m\u00e1solata-3.png\",\"width\":225,\"height\":225,\"caption\":\"Tit\u00e1nDent Kft.\"},\"image\":{\"@id\":\"http:\/\/www.titandent.hu\/patient\/hu\/#\/schema\/logo\/image\/\"},\"sameAs\":[\"https:\/\/www.facebook.com\/TitanDentFogaszatiKft\/\",\"https:\/\/x.com\/dent_titan\"]}]}<\/script>\n<!-- \/ Yoast SEO plugin. -->","yoast_head_json":{"title":"Gy\u00f6k\u00e9rcs\u00facs csonkol\u00e1s (rezekci\u00f3) - Tit\u00e1nDent","robots":{"index":"index","follow":"follow","max-snippet":"max-snippet:-1","max-image-preview":"max-image-preview:large","max-video-preview":"max-video-preview:-1"},"canonical":"http:\/\/www.titandent.hu\/patient\/hu\/fogaszati-abece\/gyokercsucs-rezekcio\/","og_locale":"hu_HU","og_type":"article","og_title":"Gy\u00f6k\u00e9rcs\u00facs csonkol\u00e1s (rezekci\u00f3) - Tit\u00e1nDent","og_description":"El\u00e9gtelen gy\u00f6k\u00e9rt\u00f6m\u00e9s\u0171, vagy elhalt fogbel\u0171,\u00a0 fogak gy\u00f6k\u00e9rcs\u00facsai k\u00f6r\u00fcl az esetek t\u00f6bbs\u00e9g\u00e9ben kr\u00f3nikus gyullad\u00e1s keletkezik. A gyullad\u00e1s er\u0151ss\u00e9g\u00e9t\u0151l \u00e9s az egy\u00e9ni hajlamt\u00f3l f\u00fcgg\u0151en, id\u0151vel a gy\u00f6k\u00e9rcs\u00facs k\u00f6r\u00fcli csont pusztulni kezd. AOlvasson tov\u00e1bb...Gy\u00f6k\u00e9rcs\u00facs csonkol\u00e1s (rezekci\u00f3)","og_url":"http:\/\/www.titandent.hu\/patient\/hu\/fogaszati-abece\/gyokercsucs-rezekcio\/","og_site_name":"Tit\u00e1nDent","article_publisher":"https:\/\/www.facebook.com\/TitanDentFogaszatiKft\/","article_modified_time":"2018-07-31T10:23:52+00:00","og_image":[{"url":"http:\/\/www.titandent.hu\/patient\/wp-content\/uploads\/2018\/07\/rezekcio.png","type":"","width":"","height":""}],"twitter_card":"summary_large_image","twitter_site":"@dent_titan","twitter_misc":{"Becs\u00fclt olvas\u00e1si id\u0151":"3 perc"},"schema":{"@context":"https:\/\/schema.org","@graph":[{"@type":"WebPage","@id":"http:\/\/www.titandent.hu\/patient\/hu\/fogaszati-abece\/gyokercsucs-rezekcio\/","url":"http:\/\/www.titandent.hu\/patient\/hu\/fogaszati-abece\/gyokercsucs-rezekcio\/","name":"Gy\u00f6k\u00e9rcs\u00facs csonkol\u00e1s (rezekci\u00f3) - Tit\u00e1nDent","isPartOf":{"@id":"http:\/\/www.titandent.hu\/patient\/hu\/#website"},"primaryImageOfPage":{"@id":"http:\/\/www.titandent.hu\/patient\/hu\/fogaszati-abece\/gyokercsucs-rezekcio\/#primaryimage"},"image":{"@id":"http:\/\/www.titandent.hu\/patient\/hu\/fogaszati-abece\/gyokercsucs-rezekcio\/#primaryimage"},"thumbnailUrl":"http:\/\/www.titandent.hu\/patient\/wp-content\/uploads\/2018\/07\/rezekcio.png","datePublished":"2018-07-31T08:22:25+00:00","dateModified":"2018-07-31T10:23:52+00:00","breadcrumb":{"@id":"http:\/\/www.titandent.hu\/patient\/hu\/fogaszati-abece\/gyokercsucs-rezekcio\/#breadcrumb"},"inLanguage":"hu-HU","potentialAction":[{"@type":"ReadAction","target":["http:\/\/www.titandent.hu\/patient\/hu\/fogaszati-abece\/gyokercsucs-rezekcio\/"]}]},{"@type":"ImageObject","inLanguage":"hu-HU","@id":"http:\/\/www.titandent.hu\/patient\/hu\/fogaszati-abece\/gyokercsucs-rezekcio\/#primaryimage","url":"http:\/\/www.titandent.hu\/patient\/wp-content\/uploads\/2018\/07\/rezekcio.png","contentUrl":"http:\/\/www.titandent.hu\/patient\/wp-content\/uploads\/2018\/07\/rezekcio.png"},{"@type":"BreadcrumbList","@id":"http:\/\/www.titandent.hu\/patient\/hu\/fogaszati-abece\/gyokercsucs-rezekcio\/#breadcrumb","itemListElement":[{"@type":"ListItem","position":1,"name":"Home","item":"http:\/\/www.titandent.hu\/patient\/hu\/"},{"@type":"ListItem","position":2,"name":"Fog\u00e1szati \u00c1B\u00e9C\u00e9","item":"http:\/\/www.titandent.hu\/patient\/hu\/fogaszati-abece\/"},{"@type":"ListItem","position":3,"name":"Gy\u00f6k\u00e9rcs\u00facs csonkol\u00e1s (rezekci\u00f3)"}]},{"@type":"WebSite","@id":"http:\/\/www.titandent.hu\/patient\/hu\/#website","url":"http:\/\/www.titandent.hu\/patient\/hu\/","name":"Tit\u00e1nDent","description":"\u00dcdv\u00f6z\u00f6lj\u00fck a Tit\u00e1nDent Fog\u00e1szati Rendel\u0151  honlapj\u00e1n!","publisher":{"@id":"http:\/\/www.titandent.hu\/patient\/hu\/#organization"},"potentialAction":[{"@type":"SearchAction","target":{"@type":"EntryPoint","urlTemplate":"http:\/\/www.titandent.hu\/patient\/hu\/?s={search_term_string}"},"query-input":{"@type":"PropertyValueSpecification","valueRequired":true,"valueName":"search_term_string"}}],"inLanguage":"hu-HU"},{"@type":"Organization","@id":"http:\/\/www.titandent.hu\/patient\/hu\/#organization","name":"Tit\u00e1nDent Kft.","url":"http:\/\/www.titandent.hu\/patient\/hu\/","logo":{"@type":"ImageObject","inLanguage":"hu-HU","@id":"http:\/\/www.titandent.hu\/patient\/hu\/#\/schema\/logo\/image\/","url":"http:\/\/www.titandent.hu\/patient\/wp-content\/uploads\/2018\/07\/cropped-TitanDent_logo-v11x.svg-m\u00e1solata-3.png","contentUrl":"http:\/\/www.titandent.hu\/patient\/wp-content\/uploads\/2018\/07\/cropped-TitanDent_logo-v11x.svg-m\u00e1solata-3.png","width":225,"height":225,"caption":"Tit\u00e1nDent Kft."},"image":{"@id":"http:\/\/www.titandent.hu\/patient\/hu\/#\/schema\/logo\/image\/"},"sameAs":["https:\/\/www.facebook.com\/TitanDentFogaszatiKft\/","https:\/\/x.com\/dent_titan"]}]}},"_links":{"self":[{"href":"http:\/\/www.titandent.hu\/patient\/hu\/wp-json\/wp\/v2\/pages\/349","targetHints":{"allow":["GET"]}}],"collection":[{"href":"http:\/\/www.titandent.hu\/patient\/hu\/wp-json\/wp\/v2\/pages"}],"about":[{"href":"http:\/\/www.titandent.hu\/patient\/hu\/wp-json\/wp\/v2\/types\/page"}],"author":[{"embeddable":true,"href":"http:\/\/www.titandent.hu\/patient\/hu\/wp-json\/wp\/v2\/users\/1"}],"replies":[{"embeddable":true,"href":"http:\/\/www.titandent.hu\/patient\/hu\/wp-json\/wp\/v2\/comments?post=349"}],"version-history":[{"count":2,"href":"http:\/\/www.titandent.hu\/patient\/hu\/wp-json\/wp\/v2\/pages\/349\/revisions"}],"predecessor-version":[{"id":523,"href":"http:\/\/www.titandent.hu\/patient\/hu\/wp-json\/wp\/v2\/pages\/349\/revisions\/523"}],"up":[{"embeddable":true,"href":"http:\/\/www.titandent.hu\/patient\/hu\/wp-json\/wp\/v2\/pages\/243"}],"wp:attachment":[{"href":"http:\/\/www.titandent.hu\/patient\/hu\/wp-json\/wp\/v2\/media?parent=349"}],"curies":[{"name":"wp","href":"https:\/\/api.w.org\/{rel}","templated":true}]}}