{"id":357,"date":"2018-07-31T08:23:19","date_gmt":"2018-07-31T08:23:19","guid":{"rendered":"http:\/\/www.titandent.hu\/patient\/?page_id=357"},"modified":"2018-07-31T10:44:14","modified_gmt":"2018-07-31T10:44:14","slug":"gyokertomes-utan","status":"publish","type":"page","link":"http:\/\/www.titandent.hu\/patient\/hu\/fogaszati-abece\/gyokertomes-utan\/","title":{"rendered":"Gy\u00f6k\u00e9rt\u00f6m\u00e9s ut\u00e1n"},"content":{"rendered":"<div class=\"row clearfix sf-cb\">\n<div class=\"column full\">\n<p><span style=\"font-size: 16px;\"><strong>Mi a teend\u0151 a gy\u00f6k\u00e9rt\u00f6m\u00e9s ut\u00e1n?<img fetchpriority=\"high\" decoding=\"async\" class=\"size-full wp-image-521 alignright\" src=\"http:\/\/www.titandent.hu\/patient\/wp-content\/uploads\/2018\/07\/rezekcio.png\" alt=\"\" width=\"500\" height=\"150\" srcset=\"http:\/\/www.titandent.hu\/patient\/wp-content\/uploads\/2018\/07\/rezekcio.png 500w, http:\/\/www.titandent.hu\/patient\/wp-content\/uploads\/2018\/07\/rezekcio-300x90.png 300w, http:\/\/www.titandent.hu\/patient\/wp-content\/uploads\/2018\/07\/rezekcio-100x30.png 100w\" sizes=\"(max-width: 500px) 100vw, 500px\" \/><br \/>\n<\/strong><\/span><span style=\"font-size: 16px;\">\u00c1ltal\u00e1ban sz\u00f3lva, javasolt n\u00e9h\u00e1ny napig ker\u00fclni:<\/span><\/p>\n<ul>\n<li><span style=\"font-size: 16px;\">az er\u0151s r\u00e1harap\u00e1st<\/span><\/li>\n<li><span style=\"font-size: 16px;\">forr\u00f3 \u00e9telek, italok fogyaszt\u00e1s\u00e1t<\/span><\/li>\n<\/ul>\n<p><span style=\"font-size: 16px;\"><u>A fog a gy\u00f6k\u00e9rkezel\u00e9st k\u00f6vet\u0151en f\u00e1jdalmass\u00e1 v\u00e1lhat, de ez nem miniden esetben a kezel\u00e9s sikertelens\u00e9g\u00e9nek a jele.<\/u> Az orvos \u00e1ltal rendelt f\u00e1jdalomcsillap\u00edt\u00f3 szed\u00e9se ilyenkor indokolt lehet. Bizonyos esetekben a kezel\u0151orvos antibiotikum szed\u00e9s\u00e9t is el\u0151\u00edrhatja. A panaszok \u00e1ltal\u00e1ban egy h\u00e9ten bel\u00fcl rendez\u0151dnek.<\/span><\/p>\n<p><span style=\"font-size: 16px;\">A v\u00e9gleges gy\u00f6k\u00e9rt\u00f6m\u00e9s elk\u00e9sz\u00edt\u00e9se ut\u00e1n leggyakrabban jelentkez\u0151 panasz, hogy a fog \u00e9rz\u00e9kenny\u00e9 v\u00e1lt r\u00e1harap\u00e1sra. Ez a t\u00fcnet \u00e1ltal\u00e1ban a gy\u00f6k\u00e9rh\u00e1rtyaizgalom jele, melyet a gy\u00f6k\u00e9rt\u00f6m\u0151 anyag megjelen\u00e9se v\u00e1ltott ki.<\/span><\/p>\n<p><span style=\"font-size: 16px;\">A r\u00e1harap\u00e1si \u00e9rz\u00e9kenys\u00e9g nem a gy\u00f6k\u00e9rt\u00f6m\u00e9s sikertelens\u00e9g\u00e9nek a jele!<\/span><\/p>\n<p><span style=\"font-size: 16px;\">A gy\u00f6k\u00e9rh\u00e1rtyaizgalom m\u00fal\u00e1s\u00e1val a r\u00e1harah\u00e1si \u00e9rz\u00e9kenys\u00e9g is cs\u00f6kken.\u00a0 Az \u00e9rz\u00e9kenys\u00e9g ideje alatt javasolt a fog k\u00edm\u00e9l\u00e9se, az er\u0151s r\u00e1harap\u00e1sok ker\u00fcl\u00e9se. Az er\u0151s r\u00e1g\u00e1si ig\u00e9nybev\u00e9telt\u0151l megk\u00edm\u00e9lt fog \u00e1ltal\u00e1ban\u00a0 egy j\u00f3 h\u00e9t eltelt\u00e9t k\u00f6vet\u0151en megnyugszik, \u00e9s fokozatosan ism\u00e9t bevonhat\u00f3 a r\u00e1g\u00e1sba.<\/span><\/p>\n<p><span style=\"font-size: 16px;\">A r\u00e1harap\u00e1si \u00e9rz\u00e9kenys\u00e9g \u00e1lland\u00f3sul\u00e1sa eset\u00e9n javasolt a kezel\u0151orvossal val\u00f3 konzult\u00e1ci\u00f3.<\/span><\/p>\n<p><span style=\"font-size: 16px;\">\u00c1ltal\u00e1nos tapasztalat szerint, a gy\u00f6k\u00e9rkezelt fogak hamarabb reag\u00e1lnak f\u00e1jdalommal az \u00e1tlagosat meghalad\u00f3 er\u0151ss\u00e9g\u0171 r\u00e1harap\u00e1sra, mint az \u00e9l\u0151, nem gy\u00f6k\u00e9rkezelt fogak.<\/span><\/p>\n<p><span style=\"font-size: 16px;\"><strong>Amennyiben a fog k\u00f6r\u00fcl az \u00edny er\u0151sen megduzzad, illetve az \u00e9rintett arcf\u00e9l megdagad, a kezel\u0151orvost halad\u00e9ktalanul fel kell keresni.<\/strong><\/span><\/p>\n<\/div>\n<\/div>\n","protected":false},"excerpt":{"rendered":"<p>Mi a teend\u0151 a gy\u00f6k\u00e9rt\u00f6m\u00e9s ut\u00e1n? \u00c1ltal\u00e1ban sz\u00f3lva, javasolt n\u00e9h\u00e1ny napig ker\u00fclni: az er\u0151s r\u00e1harap\u00e1st forr\u00f3 \u00e9telek, italok fogyaszt\u00e1s\u00e1t A fog a gy\u00f6k\u00e9rkezel\u00e9st k\u00f6vet\u0151en f\u00e1jdalmass\u00e1 v\u00e1lhat, de ez nem miniden<a href=\"http:\/\/www.titandent.hu\/patient\/hu\/fogaszati-abece\/gyokertomes-utan\/\" class=\"more-link\"><span class=\"more-button\">Olvasson tov\u00e1bb&#8230;<span class=\"screen-reader-text\">Gy\u00f6k\u00e9rt\u00f6m\u00e9s ut\u00e1n<\/span><\/span><\/a><\/p>\n","protected":false},"author":1,"featured_media":0,"parent":243,"menu_order":0,"comment_status":"closed","ping_status":"closed","template":"","meta":{"_exactmetrics_skip_tracking":false,"_exactmetrics_sitenote_active":false,"_exactmetrics_sitenote_note":"","_exactmetrics_sitenote_category":0,"footnotes":""},"class_list":["post-357","page","type-page","status-publish","hentry"],"yoast_head":"<!-- This site is optimized with the Yoast SEO plugin v24.7 - https:\/\/yoast.com\/wordpress\/plugins\/seo\/ -->\n<title>Gy\u00f6k\u00e9rt\u00f6m\u00e9s ut\u00e1n - Tit\u00e1nDent<\/title>\n<meta name=\"robots\" content=\"index, follow, max-snippet:-1, max-image-preview:large, max-video-preview:-1\" \/>\n<link rel=\"canonical\" href=\"http:\/\/www.titandent.hu\/patient\/hu\/fogaszati-abece\/gyokertomes-utan\/\" \/>\n<meta property=\"og:locale\" content=\"hu_HU\" \/>\n<meta property=\"og:type\" content=\"article\" \/>\n<meta property=\"og:title\" content=\"Gy\u00f6k\u00e9rt\u00f6m\u00e9s ut\u00e1n - Tit\u00e1nDent\" \/>\n<meta property=\"og:description\" content=\"Mi a teend\u0151 a gy\u00f6k\u00e9rt\u00f6m\u00e9s ut\u00e1n? \u00c1ltal\u00e1ban sz\u00f3lva, javasolt n\u00e9h\u00e1ny napig ker\u00fclni: az er\u0151s r\u00e1harap\u00e1st forr\u00f3 \u00e9telek, italok fogyaszt\u00e1s\u00e1t A fog a gy\u00f6k\u00e9rkezel\u00e9st k\u00f6vet\u0151en f\u00e1jdalmass\u00e1 v\u00e1lhat, de ez nem minidenOlvasson tov\u00e1bb...Gy\u00f6k\u00e9rt\u00f6m\u00e9s ut\u00e1n\" \/>\n<meta property=\"og:url\" content=\"http:\/\/www.titandent.hu\/patient\/hu\/fogaszati-abece\/gyokertomes-utan\/\" \/>\n<meta property=\"og:site_name\" content=\"Tit\u00e1nDent\" \/>\n<meta property=\"article:publisher\" content=\"https:\/\/www.facebook.com\/TitanDentFogaszatiKft\/\" \/>\n<meta property=\"article:modified_time\" content=\"2018-07-31T10:44:14+00:00\" \/>\n<meta property=\"og:image\" content=\"http:\/\/www.titandent.hu\/patient\/wp-content\/uploads\/2018\/07\/rezekcio.png\" \/>\n<meta name=\"twitter:card\" content=\"summary_large_image\" \/>\n<meta name=\"twitter:site\" content=\"@dent_titan\" \/>\n<meta name=\"twitter:label1\" content=\"Becs\u00fclt olvas\u00e1si id\u0151\" \/>\n\t<meta name=\"twitter:data1\" content=\"2 perc\" \/>\n<script type=\"application\/ld+json\" class=\"yoast-schema-graph\">{\"@context\":\"https:\/\/schema.org\",\"@graph\":[{\"@type\":\"WebPage\",\"@id\":\"http:\/\/www.titandent.hu\/patient\/hu\/fogaszati-abece\/gyokertomes-utan\/\",\"url\":\"http:\/\/www.titandent.hu\/patient\/hu\/fogaszati-abece\/gyokertomes-utan\/\",\"name\":\"Gy\u00f6k\u00e9rt\u00f6m\u00e9s ut\u00e1n - Tit\u00e1nDent\",\"isPartOf\":{\"@id\":\"http:\/\/www.titandent.hu\/patient\/hu\/#website\"},\"primaryImageOfPage\":{\"@id\":\"http:\/\/www.titandent.hu\/patient\/hu\/fogaszati-abece\/gyokertomes-utan\/#primaryimage\"},\"image\":{\"@id\":\"http:\/\/www.titandent.hu\/patient\/hu\/fogaszati-abece\/gyokertomes-utan\/#primaryimage\"},\"thumbnailUrl\":\"http:\/\/www.titandent.hu\/patient\/wp-content\/uploads\/2018\/07\/rezekcio.png\",\"datePublished\":\"2018-07-31T08:23:19+00:00\",\"dateModified\":\"2018-07-31T10:44:14+00:00\",\"breadcrumb\":{\"@id\":\"http:\/\/www.titandent.hu\/patient\/hu\/fogaszati-abece\/gyokertomes-utan\/#breadcrumb\"},\"inLanguage\":\"hu-HU\",\"potentialAction\":[{\"@type\":\"ReadAction\",\"target\":[\"http:\/\/www.titandent.hu\/patient\/hu\/fogaszati-abece\/gyokertomes-utan\/\"]}]},{\"@type\":\"ImageObject\",\"inLanguage\":\"hu-HU\",\"@id\":\"http:\/\/www.titandent.hu\/patient\/hu\/fogaszati-abece\/gyokertomes-utan\/#primaryimage\",\"url\":\"http:\/\/www.titandent.hu\/patient\/wp-content\/uploads\/2018\/07\/rezekcio.png\",\"contentUrl\":\"http:\/\/www.titandent.hu\/patient\/wp-content\/uploads\/2018\/07\/rezekcio.png\"},{\"@type\":\"BreadcrumbList\",\"@id\":\"http:\/\/www.titandent.hu\/patient\/hu\/fogaszati-abece\/gyokertomes-utan\/#breadcrumb\",\"itemListElement\":[{\"@type\":\"ListItem\",\"position\":1,\"name\":\"Home\",\"item\":\"http:\/\/www.titandent.hu\/patient\/hu\/\"},{\"@type\":\"ListItem\",\"position\":2,\"name\":\"Fog\u00e1szati \u00c1B\u00e9C\u00e9\",\"item\":\"http:\/\/www.titandent.hu\/patient\/hu\/fogaszati-abece\/\"},{\"@type\":\"ListItem\",\"position\":3,\"name\":\"Gy\u00f6k\u00e9rt\u00f6m\u00e9s ut\u00e1n\"}]},{\"@type\":\"WebSite\",\"@id\":\"http:\/\/www.titandent.hu\/patient\/hu\/#website\",\"url\":\"http:\/\/www.titandent.hu\/patient\/hu\/\",\"name\":\"Tit\u00e1nDent\",\"description\":\"\u00dcdv\u00f6z\u00f6lj\u00fck a Tit\u00e1nDent Fog\u00e1szati Rendel\u0151  honlapj\u00e1n!\",\"publisher\":{\"@id\":\"http:\/\/www.titandent.hu\/patient\/hu\/#organization\"},\"potentialAction\":[{\"@type\":\"SearchAction\",\"target\":{\"@type\":\"EntryPoint\",\"urlTemplate\":\"http:\/\/www.titandent.hu\/patient\/hu\/?s={search_term_string}\"},\"query-input\":{\"@type\":\"PropertyValueSpecification\",\"valueRequired\":true,\"valueName\":\"search_term_string\"}}],\"inLanguage\":\"hu-HU\"},{\"@type\":\"Organization\",\"@id\":\"http:\/\/www.titandent.hu\/patient\/hu\/#organization\",\"name\":\"Tit\u00e1nDent Kft.\",\"url\":\"http:\/\/www.titandent.hu\/patient\/hu\/\",\"logo\":{\"@type\":\"ImageObject\",\"inLanguage\":\"hu-HU\",\"@id\":\"http:\/\/www.titandent.hu\/patient\/hu\/#\/schema\/logo\/image\/\",\"url\":\"http:\/\/www.titandent.hu\/patient\/wp-content\/uploads\/2018\/07\/cropped-TitanDent_logo-v11x.svg-m\u00e1solata-3.png\",\"contentUrl\":\"http:\/\/www.titandent.hu\/patient\/wp-content\/uploads\/2018\/07\/cropped-TitanDent_logo-v11x.svg-m\u00e1solata-3.png\",\"width\":225,\"height\":225,\"caption\":\"Tit\u00e1nDent Kft.\"},\"image\":{\"@id\":\"http:\/\/www.titandent.hu\/patient\/hu\/#\/schema\/logo\/image\/\"},\"sameAs\":[\"https:\/\/www.facebook.com\/TitanDentFogaszatiKft\/\",\"https:\/\/x.com\/dent_titan\"]}]}<\/script>\n<!-- \/ Yoast SEO plugin. -->","yoast_head_json":{"title":"Gy\u00f6k\u00e9rt\u00f6m\u00e9s ut\u00e1n - Tit\u00e1nDent","robots":{"index":"index","follow":"follow","max-snippet":"max-snippet:-1","max-image-preview":"max-image-preview:large","max-video-preview":"max-video-preview:-1"},"canonical":"http:\/\/www.titandent.hu\/patient\/hu\/fogaszati-abece\/gyokertomes-utan\/","og_locale":"hu_HU","og_type":"article","og_title":"Gy\u00f6k\u00e9rt\u00f6m\u00e9s ut\u00e1n - Tit\u00e1nDent","og_description":"Mi a teend\u0151 a gy\u00f6k\u00e9rt\u00f6m\u00e9s ut\u00e1n? \u00c1ltal\u00e1ban sz\u00f3lva, javasolt n\u00e9h\u00e1ny napig ker\u00fclni: az er\u0151s r\u00e1harap\u00e1st forr\u00f3 \u00e9telek, italok fogyaszt\u00e1s\u00e1t A fog a gy\u00f6k\u00e9rkezel\u00e9st k\u00f6vet\u0151en f\u00e1jdalmass\u00e1 v\u00e1lhat, de ez nem minidenOlvasson tov\u00e1bb...Gy\u00f6k\u00e9rt\u00f6m\u00e9s ut\u00e1n","og_url":"http:\/\/www.titandent.hu\/patient\/hu\/fogaszati-abece\/gyokertomes-utan\/","og_site_name":"Tit\u00e1nDent","article_publisher":"https:\/\/www.facebook.com\/TitanDentFogaszatiKft\/","article_modified_time":"2018-07-31T10:44:14+00:00","og_image":[{"url":"http:\/\/www.titandent.hu\/patient\/wp-content\/uploads\/2018\/07\/rezekcio.png","type":"","width":"","height":""}],"twitter_card":"summary_large_image","twitter_site":"@dent_titan","twitter_misc":{"Becs\u00fclt olvas\u00e1si id\u0151":"2 perc"},"schema":{"@context":"https:\/\/schema.org","@graph":[{"@type":"WebPage","@id":"http:\/\/www.titandent.hu\/patient\/hu\/fogaszati-abece\/gyokertomes-utan\/","url":"http:\/\/www.titandent.hu\/patient\/hu\/fogaszati-abece\/gyokertomes-utan\/","name":"Gy\u00f6k\u00e9rt\u00f6m\u00e9s ut\u00e1n - Tit\u00e1nDent","isPartOf":{"@id":"http:\/\/www.titandent.hu\/patient\/hu\/#website"},"primaryImageOfPage":{"@id":"http:\/\/www.titandent.hu\/patient\/hu\/fogaszati-abece\/gyokertomes-utan\/#primaryimage"},"image":{"@id":"http:\/\/www.titandent.hu\/patient\/hu\/fogaszati-abece\/gyokertomes-utan\/#primaryimage"},"thumbnailUrl":"http:\/\/www.titandent.hu\/patient\/wp-content\/uploads\/2018\/07\/rezekcio.png","datePublished":"2018-07-31T08:23:19+00:00","dateModified":"2018-07-31T10:44:14+00:00","breadcrumb":{"@id":"http:\/\/www.titandent.hu\/patient\/hu\/fogaszati-abece\/gyokertomes-utan\/#breadcrumb"},"inLanguage":"hu-HU","potentialAction":[{"@type":"ReadAction","target":["http:\/\/www.titandent.hu\/patient\/hu\/fogaszati-abece\/gyokertomes-utan\/"]}]},{"@type":"ImageObject","inLanguage":"hu-HU","@id":"http:\/\/www.titandent.hu\/patient\/hu\/fogaszati-abece\/gyokertomes-utan\/#primaryimage","url":"http:\/\/www.titandent.hu\/patient\/wp-content\/uploads\/2018\/07\/rezekcio.png","contentUrl":"http:\/\/www.titandent.hu\/patient\/wp-content\/uploads\/2018\/07\/rezekcio.png"},{"@type":"BreadcrumbList","@id":"http:\/\/www.titandent.hu\/patient\/hu\/fogaszati-abece\/gyokertomes-utan\/#breadcrumb","itemListElement":[{"@type":"ListItem","position":1,"name":"Home","item":"http:\/\/www.titandent.hu\/patient\/hu\/"},{"@type":"ListItem","position":2,"name":"Fog\u00e1szati \u00c1B\u00e9C\u00e9","item":"http:\/\/www.titandent.hu\/patient\/hu\/fogaszati-abece\/"},{"@type":"ListItem","position":3,"name":"Gy\u00f6k\u00e9rt\u00f6m\u00e9s ut\u00e1n"}]},{"@type":"WebSite","@id":"http:\/\/www.titandent.hu\/patient\/hu\/#website","url":"http:\/\/www.titandent.hu\/patient\/hu\/","name":"Tit\u00e1nDent","description":"\u00dcdv\u00f6z\u00f6lj\u00fck a Tit\u00e1nDent Fog\u00e1szati Rendel\u0151  honlapj\u00e1n!","publisher":{"@id":"http:\/\/www.titandent.hu\/patient\/hu\/#organization"},"potentialAction":[{"@type":"SearchAction","target":{"@type":"EntryPoint","urlTemplate":"http:\/\/www.titandent.hu\/patient\/hu\/?s={search_term_string}"},"query-input":{"@type":"PropertyValueSpecification","valueRequired":true,"valueName":"search_term_string"}}],"inLanguage":"hu-HU"},{"@type":"Organization","@id":"http:\/\/www.titandent.hu\/patient\/hu\/#organization","name":"Tit\u00e1nDent Kft.","url":"http:\/\/www.titandent.hu\/patient\/hu\/","logo":{"@type":"ImageObject","inLanguage":"hu-HU","@id":"http:\/\/www.titandent.hu\/patient\/hu\/#\/schema\/logo\/image\/","url":"http:\/\/www.titandent.hu\/patient\/wp-content\/uploads\/2018\/07\/cropped-TitanDent_logo-v11x.svg-m\u00e1solata-3.png","contentUrl":"http:\/\/www.titandent.hu\/patient\/wp-content\/uploads\/2018\/07\/cropped-TitanDent_logo-v11x.svg-m\u00e1solata-3.png","width":225,"height":225,"caption":"Tit\u00e1nDent Kft."},"image":{"@id":"http:\/\/www.titandent.hu\/patient\/hu\/#\/schema\/logo\/image\/"},"sameAs":["https:\/\/www.facebook.com\/TitanDentFogaszatiKft\/","https:\/\/x.com\/dent_titan"]}]}},"_links":{"self":[{"href":"http:\/\/www.titandent.hu\/patient\/hu\/wp-json\/wp\/v2\/pages\/357","targetHints":{"allow":["GET"]}}],"collection":[{"href":"http:\/\/www.titandent.hu\/patient\/hu\/wp-json\/wp\/v2\/pages"}],"about":[{"href":"http:\/\/www.titandent.hu\/patient\/hu\/wp-json\/wp\/v2\/types\/page"}],"author":[{"embeddable":true,"href":"http:\/\/www.titandent.hu\/patient\/hu\/wp-json\/wp\/v2\/users\/1"}],"replies":[{"embeddable":true,"href":"http:\/\/www.titandent.hu\/patient\/hu\/wp-json\/wp\/v2\/comments?post=357"}],"version-history":[{"count":2,"href":"http:\/\/www.titandent.hu\/patient\/hu\/wp-json\/wp\/v2\/pages\/357\/revisions"}],"predecessor-version":[{"id":527,"href":"http:\/\/www.titandent.hu\/patient\/hu\/wp-json\/wp\/v2\/pages\/357\/revisions\/527"}],"up":[{"embeddable":true,"href":"http:\/\/www.titandent.hu\/patient\/hu\/wp-json\/wp\/v2\/pages\/243"}],"wp:attachment":[{"href":"http:\/\/www.titandent.hu\/patient\/hu\/wp-json\/wp\/v2\/media?parent=357"}],"curies":[{"name":"wp","href":"https:\/\/api.w.org\/{rel}","templated":true}]}}