{"id":361,"date":"2018-07-31T08:23:46","date_gmt":"2018-07-31T08:23:46","guid":{"rendered":"http:\/\/www.titandent.hu\/patient\/?page_id=361"},"modified":"2018-07-31T10:48:49","modified_gmt":"2018-07-31T10:48:49","slug":"hidpotlas","status":"publish","type":"page","link":"http:\/\/www.titandent.hu\/patient\/hu\/fogaszati-abece\/hidpotlas\/","title":{"rendered":"H\u00eddp\u00f3tl\u00e1s"},"content":{"rendered":"<div id=\"PageContainer1\" class=\"EqualHeight_PageContainer1\">\n<div id=\"PageDescription-D31798853\" class=\"GC19 PageDescription\">\n<div class=\"row clearfix sf-cb\">\n<div class=\"column full\">\n<p><span style=\"font-size: 16px;\">Ha egy vagy t\u00f6bb fog hi\u00e1nyzik, de a szomsz\u00e9dos fogak megtartottak, akkor lehet\u0151s\u00e9g van a foghi\u00e1ny p\u00f3tl\u00e1s\u00e1ra h\u00edd k\u00e9sz\u00edt\u00e9s\u00e9vel.<\/span><span style=\"font-size: 16px;\"><img fetchpriority=\"high\" decoding=\"async\" class=\"size-full wp-image-529 alignright\" src=\"http:\/\/www.titandent.hu\/patient\/wp-content\/uploads\/2018\/07\/hidpotlas.png\" alt=\"\" width=\"500\" height=\"150\" srcset=\"http:\/\/www.titandent.hu\/patient\/wp-content\/uploads\/2018\/07\/hidpotlas.png 500w, http:\/\/www.titandent.hu\/patient\/wp-content\/uploads\/2018\/07\/hidpotlas-300x90.png 300w, http:\/\/www.titandent.hu\/patient\/wp-content\/uploads\/2018\/07\/hidpotlas-100x30.png 100w\" sizes=\"(max-width: 500px) 100vw, 500px\" \/><\/span><br \/>\n<span style=\"font-size: 16px;\">Ehhez a hi\u00e1ny melletti fogakat \u2013 ezek a pill\u00e9rfogak &#8211; koron\u00e1val kell ell\u00e1tni, mely koron\u00e1k \u00f6ssze vannak k\u00f6tve a hi\u00e1nyt p\u00f3tl\u00f3, \u00fagy nevezett <\/span><span style=\"font-size: 16px;\">h\u00e9zagtag foggal vagy fogakkal.<\/span><\/p>\n<p><span style=\"font-size: 16px;\"><strong>A h\u00edd k\u00e9sz\u00edt\u00e9s\u00e9re t\u00f6bbf\u00e9le anyag is felhaszn\u00e1lhat\u00f3.<\/strong><\/span><\/p>\n<ul>\n<li><span style=\"font-size: 16px;\">A r\u00f6vid, \u00e1tmeneti id\u0151szakra k\u00e9sz\u00edtett, ideiglenes hidak anyaga \u00e1ltal\u00e1ban m\u0171anyag (akril\u00e1t).<\/span><\/li>\n<li><span style=\"font-size: 16px;\">A tart\u00f3s haszn\u00e1lat\u00fa hidak anyaga f\u00e9m vagy porcel\u00e1n (ker\u00e1mia), illetve ezek kombin\u00e1ci\u00f3ja (l\u00e1sd a <strong>Korona<\/strong> c\u00edmsz\u00f3 alatt).<\/span><\/li>\n<\/ul>\n<p><span style=\"font-size: 16px;\"><u>A hidat a lecsiszolt pill\u00e9rfogakra \u00e1ltal\u00e1ban fog\u00e1szati cementtel r\u00f6gz\u00edtj\u00fck.<\/u><\/span><\/p>\n<p><span style=\"font-size: 16px;\">Vannak esetek, amikor a h\u00edd tiszt\u00e1n tart\u00e1sa a szok\u00e1sos fogmos\u00e1son k\u00edv\u00fcl k\u00fcl\u00f6n gondoz\u00e1st ig\u00e9nyel. Erre a c\u00e9lra speci\u00e1lis fogselyem \u00e1ll rendelkez\u00e9sre.<\/span><\/p>\n<\/div>\n<\/div>\n<\/div>\n<\/div>\n","protected":false},"excerpt":{"rendered":"<p>Ha egy vagy t\u00f6bb fog hi\u00e1nyzik, de a szomsz\u00e9dos fogak megtartottak, akkor lehet\u0151s\u00e9g van a foghi\u00e1ny p\u00f3tl\u00e1s\u00e1ra h\u00edd k\u00e9sz\u00edt\u00e9s\u00e9vel. Ehhez a hi\u00e1ny melletti fogakat \u2013 ezek a pill\u00e9rfogak &#8211; koron\u00e1val<a href=\"http:\/\/www.titandent.hu\/patient\/hu\/fogaszati-abece\/hidpotlas\/\" class=\"more-link\"><span class=\"more-button\">Olvasson tov\u00e1bb&#8230;<span class=\"screen-reader-text\">H\u00eddp\u00f3tl\u00e1s<\/span><\/span><\/a><\/p>\n","protected":false},"author":1,"featured_media":0,"parent":243,"menu_order":0,"comment_status":"closed","ping_status":"closed","template":"","meta":{"_exactmetrics_skip_tracking":false,"_exactmetrics_sitenote_active":false,"_exactmetrics_sitenote_note":"","_exactmetrics_sitenote_category":0,"footnotes":""},"class_list":["post-361","page","type-page","status-publish","hentry"],"yoast_head":"<!-- This site is optimized with the Yoast SEO plugin v24.7 - https:\/\/yoast.com\/wordpress\/plugins\/seo\/ -->\n<title>H\u00eddp\u00f3tl\u00e1s - Tit\u00e1nDent<\/title>\n<meta name=\"robots\" content=\"index, follow, max-snippet:-1, max-image-preview:large, max-video-preview:-1\" \/>\n<link rel=\"canonical\" href=\"http:\/\/www.titandent.hu\/patient\/hu\/fogaszati-abece\/hidpotlas\/\" \/>\n<meta property=\"og:locale\" content=\"hu_HU\" \/>\n<meta property=\"og:type\" content=\"article\" \/>\n<meta property=\"og:title\" content=\"H\u00eddp\u00f3tl\u00e1s - Tit\u00e1nDent\" \/>\n<meta property=\"og:description\" content=\"Ha egy vagy t\u00f6bb fog hi\u00e1nyzik, de a szomsz\u00e9dos fogak megtartottak, akkor lehet\u0151s\u00e9g van a foghi\u00e1ny p\u00f3tl\u00e1s\u00e1ra h\u00edd k\u00e9sz\u00edt\u00e9s\u00e9vel. Ehhez a hi\u00e1ny melletti fogakat \u2013 ezek a pill\u00e9rfogak &#8211; koron\u00e1valOlvasson tov\u00e1bb...H\u00eddp\u00f3tl\u00e1s\" \/>\n<meta property=\"og:url\" content=\"http:\/\/www.titandent.hu\/patient\/hu\/fogaszati-abece\/hidpotlas\/\" \/>\n<meta property=\"og:site_name\" content=\"Tit\u00e1nDent\" \/>\n<meta property=\"article:publisher\" content=\"https:\/\/www.facebook.com\/TitanDentFogaszatiKft\/\" \/>\n<meta property=\"article:modified_time\" content=\"2018-07-31T10:48:49+00:00\" \/>\n<meta property=\"og:image\" content=\"http:\/\/www.titandent.hu\/patient\/wp-content\/uploads\/2018\/07\/hidpotlas.png\" \/>\n<meta name=\"twitter:card\" content=\"summary_large_image\" \/>\n<meta name=\"twitter:site\" content=\"@dent_titan\" \/>\n<meta name=\"twitter:label1\" content=\"Becs\u00fclt olvas\u00e1si id\u0151\" \/>\n\t<meta name=\"twitter:data1\" content=\"1 perc\" \/>\n<script type=\"application\/ld+json\" class=\"yoast-schema-graph\">{\"@context\":\"https:\/\/schema.org\",\"@graph\":[{\"@type\":\"WebPage\",\"@id\":\"http:\/\/www.titandent.hu\/patient\/hu\/fogaszati-abece\/hidpotlas\/\",\"url\":\"http:\/\/www.titandent.hu\/patient\/hu\/fogaszati-abece\/hidpotlas\/\",\"name\":\"H\u00eddp\u00f3tl\u00e1s - Tit\u00e1nDent\",\"isPartOf\":{\"@id\":\"http:\/\/www.titandent.hu\/patient\/hu\/#website\"},\"primaryImageOfPage\":{\"@id\":\"http:\/\/www.titandent.hu\/patient\/hu\/fogaszati-abece\/hidpotlas\/#primaryimage\"},\"image\":{\"@id\":\"http:\/\/www.titandent.hu\/patient\/hu\/fogaszati-abece\/hidpotlas\/#primaryimage\"},\"thumbnailUrl\":\"http:\/\/www.titandent.hu\/patient\/wp-content\/uploads\/2018\/07\/hidpotlas.png\",\"datePublished\":\"2018-07-31T08:23:46+00:00\",\"dateModified\":\"2018-07-31T10:48:49+00:00\",\"breadcrumb\":{\"@id\":\"http:\/\/www.titandent.hu\/patient\/hu\/fogaszati-abece\/hidpotlas\/#breadcrumb\"},\"inLanguage\":\"hu-HU\",\"potentialAction\":[{\"@type\":\"ReadAction\",\"target\":[\"http:\/\/www.titandent.hu\/patient\/hu\/fogaszati-abece\/hidpotlas\/\"]}]},{\"@type\":\"ImageObject\",\"inLanguage\":\"hu-HU\",\"@id\":\"http:\/\/www.titandent.hu\/patient\/hu\/fogaszati-abece\/hidpotlas\/#primaryimage\",\"url\":\"http:\/\/www.titandent.hu\/patient\/wp-content\/uploads\/2018\/07\/hidpotlas.png\",\"contentUrl\":\"http:\/\/www.titandent.hu\/patient\/wp-content\/uploads\/2018\/07\/hidpotlas.png\"},{\"@type\":\"BreadcrumbList\",\"@id\":\"http:\/\/www.titandent.hu\/patient\/hu\/fogaszati-abece\/hidpotlas\/#breadcrumb\",\"itemListElement\":[{\"@type\":\"ListItem\",\"position\":1,\"name\":\"Home\",\"item\":\"http:\/\/www.titandent.hu\/patient\/hu\/\"},{\"@type\":\"ListItem\",\"position\":2,\"name\":\"Fog\u00e1szati \u00c1B\u00e9C\u00e9\",\"item\":\"http:\/\/www.titandent.hu\/patient\/hu\/fogaszati-abece\/\"},{\"@type\":\"ListItem\",\"position\":3,\"name\":\"H\u00eddp\u00f3tl\u00e1s\"}]},{\"@type\":\"WebSite\",\"@id\":\"http:\/\/www.titandent.hu\/patient\/hu\/#website\",\"url\":\"http:\/\/www.titandent.hu\/patient\/hu\/\",\"name\":\"Tit\u00e1nDent\",\"description\":\"\u00dcdv\u00f6z\u00f6lj\u00fck a Tit\u00e1nDent Fog\u00e1szati Rendel\u0151  honlapj\u00e1n!\",\"publisher\":{\"@id\":\"http:\/\/www.titandent.hu\/patient\/hu\/#organization\"},\"potentialAction\":[{\"@type\":\"SearchAction\",\"target\":{\"@type\":\"EntryPoint\",\"urlTemplate\":\"http:\/\/www.titandent.hu\/patient\/hu\/?s={search_term_string}\"},\"query-input\":{\"@type\":\"PropertyValueSpecification\",\"valueRequired\":true,\"valueName\":\"search_term_string\"}}],\"inLanguage\":\"hu-HU\"},{\"@type\":\"Organization\",\"@id\":\"http:\/\/www.titandent.hu\/patient\/hu\/#organization\",\"name\":\"Tit\u00e1nDent Kft.\",\"url\":\"http:\/\/www.titandent.hu\/patient\/hu\/\",\"logo\":{\"@type\":\"ImageObject\",\"inLanguage\":\"hu-HU\",\"@id\":\"http:\/\/www.titandent.hu\/patient\/hu\/#\/schema\/logo\/image\/\",\"url\":\"http:\/\/www.titandent.hu\/patient\/wp-content\/uploads\/2018\/07\/cropped-TitanDent_logo-v11x.svg-m\u00e1solata-3.png\",\"contentUrl\":\"http:\/\/www.titandent.hu\/patient\/wp-content\/uploads\/2018\/07\/cropped-TitanDent_logo-v11x.svg-m\u00e1solata-3.png\",\"width\":225,\"height\":225,\"caption\":\"Tit\u00e1nDent Kft.\"},\"image\":{\"@id\":\"http:\/\/www.titandent.hu\/patient\/hu\/#\/schema\/logo\/image\/\"},\"sameAs\":[\"https:\/\/www.facebook.com\/TitanDentFogaszatiKft\/\",\"https:\/\/x.com\/dent_titan\"]}]}<\/script>\n<!-- \/ Yoast SEO plugin. -->","yoast_head_json":{"title":"H\u00eddp\u00f3tl\u00e1s - Tit\u00e1nDent","robots":{"index":"index","follow":"follow","max-snippet":"max-snippet:-1","max-image-preview":"max-image-preview:large","max-video-preview":"max-video-preview:-1"},"canonical":"http:\/\/www.titandent.hu\/patient\/hu\/fogaszati-abece\/hidpotlas\/","og_locale":"hu_HU","og_type":"article","og_title":"H\u00eddp\u00f3tl\u00e1s - Tit\u00e1nDent","og_description":"Ha egy vagy t\u00f6bb fog hi\u00e1nyzik, de a szomsz\u00e9dos fogak megtartottak, akkor lehet\u0151s\u00e9g van a foghi\u00e1ny p\u00f3tl\u00e1s\u00e1ra h\u00edd k\u00e9sz\u00edt\u00e9s\u00e9vel. Ehhez a hi\u00e1ny melletti fogakat \u2013 ezek a pill\u00e9rfogak &#8211; koron\u00e1valOlvasson tov\u00e1bb...H\u00eddp\u00f3tl\u00e1s","og_url":"http:\/\/www.titandent.hu\/patient\/hu\/fogaszati-abece\/hidpotlas\/","og_site_name":"Tit\u00e1nDent","article_publisher":"https:\/\/www.facebook.com\/TitanDentFogaszatiKft\/","article_modified_time":"2018-07-31T10:48:49+00:00","og_image":[{"url":"http:\/\/www.titandent.hu\/patient\/wp-content\/uploads\/2018\/07\/hidpotlas.png","type":"","width":"","height":""}],"twitter_card":"summary_large_image","twitter_site":"@dent_titan","twitter_misc":{"Becs\u00fclt olvas\u00e1si id\u0151":"1 perc"},"schema":{"@context":"https:\/\/schema.org","@graph":[{"@type":"WebPage","@id":"http:\/\/www.titandent.hu\/patient\/hu\/fogaszati-abece\/hidpotlas\/","url":"http:\/\/www.titandent.hu\/patient\/hu\/fogaszati-abece\/hidpotlas\/","name":"H\u00eddp\u00f3tl\u00e1s - Tit\u00e1nDent","isPartOf":{"@id":"http:\/\/www.titandent.hu\/patient\/hu\/#website"},"primaryImageOfPage":{"@id":"http:\/\/www.titandent.hu\/patient\/hu\/fogaszati-abece\/hidpotlas\/#primaryimage"},"image":{"@id":"http:\/\/www.titandent.hu\/patient\/hu\/fogaszati-abece\/hidpotlas\/#primaryimage"},"thumbnailUrl":"http:\/\/www.titandent.hu\/patient\/wp-content\/uploads\/2018\/07\/hidpotlas.png","datePublished":"2018-07-31T08:23:46+00:00","dateModified":"2018-07-31T10:48:49+00:00","breadcrumb":{"@id":"http:\/\/www.titandent.hu\/patient\/hu\/fogaszati-abece\/hidpotlas\/#breadcrumb"},"inLanguage":"hu-HU","potentialAction":[{"@type":"ReadAction","target":["http:\/\/www.titandent.hu\/patient\/hu\/fogaszati-abece\/hidpotlas\/"]}]},{"@type":"ImageObject","inLanguage":"hu-HU","@id":"http:\/\/www.titandent.hu\/patient\/hu\/fogaszati-abece\/hidpotlas\/#primaryimage","url":"http:\/\/www.titandent.hu\/patient\/wp-content\/uploads\/2018\/07\/hidpotlas.png","contentUrl":"http:\/\/www.titandent.hu\/patient\/wp-content\/uploads\/2018\/07\/hidpotlas.png"},{"@type":"BreadcrumbList","@id":"http:\/\/www.titandent.hu\/patient\/hu\/fogaszati-abece\/hidpotlas\/#breadcrumb","itemListElement":[{"@type":"ListItem","position":1,"name":"Home","item":"http:\/\/www.titandent.hu\/patient\/hu\/"},{"@type":"ListItem","position":2,"name":"Fog\u00e1szati \u00c1B\u00e9C\u00e9","item":"http:\/\/www.titandent.hu\/patient\/hu\/fogaszati-abece\/"},{"@type":"ListItem","position":3,"name":"H\u00eddp\u00f3tl\u00e1s"}]},{"@type":"WebSite","@id":"http:\/\/www.titandent.hu\/patient\/hu\/#website","url":"http:\/\/www.titandent.hu\/patient\/hu\/","name":"Tit\u00e1nDent","description":"\u00dcdv\u00f6z\u00f6lj\u00fck a Tit\u00e1nDent Fog\u00e1szati Rendel\u0151  honlapj\u00e1n!","publisher":{"@id":"http:\/\/www.titandent.hu\/patient\/hu\/#organization"},"potentialAction":[{"@type":"SearchAction","target":{"@type":"EntryPoint","urlTemplate":"http:\/\/www.titandent.hu\/patient\/hu\/?s={search_term_string}"},"query-input":{"@type":"PropertyValueSpecification","valueRequired":true,"valueName":"search_term_string"}}],"inLanguage":"hu-HU"},{"@type":"Organization","@id":"http:\/\/www.titandent.hu\/patient\/hu\/#organization","name":"Tit\u00e1nDent Kft.","url":"http:\/\/www.titandent.hu\/patient\/hu\/","logo":{"@type":"ImageObject","inLanguage":"hu-HU","@id":"http:\/\/www.titandent.hu\/patient\/hu\/#\/schema\/logo\/image\/","url":"http:\/\/www.titandent.hu\/patient\/wp-content\/uploads\/2018\/07\/cropped-TitanDent_logo-v11x.svg-m\u00e1solata-3.png","contentUrl":"http:\/\/www.titandent.hu\/patient\/wp-content\/uploads\/2018\/07\/cropped-TitanDent_logo-v11x.svg-m\u00e1solata-3.png","width":225,"height":225,"caption":"Tit\u00e1nDent Kft."},"image":{"@id":"http:\/\/www.titandent.hu\/patient\/hu\/#\/schema\/logo\/image\/"},"sameAs":["https:\/\/www.facebook.com\/TitanDentFogaszatiKft\/","https:\/\/x.com\/dent_titan"]}]}},"_links":{"self":[{"href":"http:\/\/www.titandent.hu\/patient\/hu\/wp-json\/wp\/v2\/pages\/361","targetHints":{"allow":["GET"]}}],"collection":[{"href":"http:\/\/www.titandent.hu\/patient\/hu\/wp-json\/wp\/v2\/pages"}],"about":[{"href":"http:\/\/www.titandent.hu\/patient\/hu\/wp-json\/wp\/v2\/types\/page"}],"author":[{"embeddable":true,"href":"http:\/\/www.titandent.hu\/patient\/hu\/wp-json\/wp\/v2\/users\/1"}],"replies":[{"embeddable":true,"href":"http:\/\/www.titandent.hu\/patient\/hu\/wp-json\/wp\/v2\/comments?post=361"}],"version-history":[{"count":3,"href":"http:\/\/www.titandent.hu\/patient\/hu\/wp-json\/wp\/v2\/pages\/361\/revisions"}],"predecessor-version":[{"id":533,"href":"http:\/\/www.titandent.hu\/patient\/hu\/wp-json\/wp\/v2\/pages\/361\/revisions\/533"}],"up":[{"embeddable":true,"href":"http:\/\/www.titandent.hu\/patient\/hu\/wp-json\/wp\/v2\/pages\/243"}],"wp:attachment":[{"href":"http:\/\/www.titandent.hu\/patient\/hu\/wp-json\/wp\/v2\/media?parent=361"}],"curies":[{"name":"wp","href":"https:\/\/api.w.org\/{rel}","templated":true}]}}