{"id":365,"date":"2018-07-31T08:24:00","date_gmt":"2018-07-31T08:24:00","guid":{"rendered":"http:\/\/www.titandent.hu\/patient\/?page_id=365"},"modified":"2018-07-31T10:54:11","modified_gmt":"2018-07-31T10:54:11","slug":"implantatum","status":"publish","type":"page","link":"http:\/\/www.titandent.hu\/patient\/hu\/fogaszati-abece\/implantatum\/","title":{"rendered":"Implant\u00e1tum"},"content":{"rendered":"<p><span style=\"font-size: 16px;\">A fog\u00e1szati implant\u00e1tum egy jellegzetesen tit\u00e1nb\u00f3l k\u00e9sz\u00fclt orvosi csavar, mely az \u00e1llcsontba behelyezve lehet\u0151v\u00e9 teszi hi\u00e1nyz\u00f3 fogak p\u00f3tl\u00e1s\u00e1t <\/span><span style=\"font-size: 16px;\">(koron\u00e1val vagy h\u00edddal) vagy kivehet\u0151 fogsor helyben tart\u00e1s\u00e1t.<\/span><span style=\"font-size: 16px;\"><img fetchpriority=\"high\" decoding=\"async\" class=\"size-full wp-image-535 alignright\" src=\"http:\/\/www.titandent.hu\/patient\/wp-content\/uploads\/2018\/07\/implantatum.png\" alt=\"\" width=\"500\" height=\"150\" srcset=\"http:\/\/www.titandent.hu\/patient\/wp-content\/uploads\/2018\/07\/implantatum.png 500w, http:\/\/www.titandent.hu\/patient\/wp-content\/uploads\/2018\/07\/implantatum-300x90.png 300w, http:\/\/www.titandent.hu\/patient\/wp-content\/uploads\/2018\/07\/implantatum-100x30.png 100w\" sizes=\"(max-width: 500px) 100vw, 500px\" \/><\/span><\/p>\n<p><span style=\"font-size: 16px;\"><strong>Ennek gyakorlati menete a k\u00f6vetkez\u0151:<\/strong><\/span><\/p>\n<ul>\n<li><span style=\"font-size: 16px;\">Sz\u00e1jvizsg\u00e1lat \u00e9s r\u00f6ntgen elemz\u00e9se ut\u00e1n a fogp\u00f3tl\u00e1s, \u00e9s az ahhoz sz\u00fcks\u00e9ges implant\u00e1tum\/implant\u00e1tumok behelyez\u00e9s\u00e9nek megtervez\u00e9se, annak megbesz\u00e9l\u00e9se.<\/span><\/li>\n<li><span style=\"font-size: 16px;\">Az implant\u00e1tum behelyez\u00e9s m\u0171t\u00e9ti megval\u00f3s\u00edt\u00e1sa. A behelyez\u00e9s helyi \u00e9rz\u00e9stelen\u00edt\u00e9sben t\u00f6rt\u00e9nik.<\/span><\/li>\n<li><span style=\"font-size: 16px;\">Az implant\u00e1tum becsontosod\u00e1sa ut\u00e1n (\u00e1ltal\u00e1ban 3 h\u00f3nap) a fogp\u00f3tl\u00e1s elk\u00e9sz\u00edt\u00e9se.<\/span><\/li>\n<\/ul>\n","protected":false},"excerpt":{"rendered":"<p>A fog\u00e1szati implant\u00e1tum egy jellegzetesen tit\u00e1nb\u00f3l k\u00e9sz\u00fclt orvosi csavar, mely az \u00e1llcsontba behelyezve lehet\u0151v\u00e9 teszi hi\u00e1nyz\u00f3 fogak p\u00f3tl\u00e1s\u00e1t (koron\u00e1val vagy h\u00edddal) vagy kivehet\u0151 fogsor helyben tart\u00e1s\u00e1t. Ennek gyakorlati menete a<a href=\"http:\/\/www.titandent.hu\/patient\/hu\/fogaszati-abece\/implantatum\/\" class=\"more-link\"><span class=\"more-button\">Olvasson tov\u00e1bb&#8230;<span class=\"screen-reader-text\">Implant\u00e1tum<\/span><\/span><\/a><\/p>\n","protected":false},"author":1,"featured_media":0,"parent":243,"menu_order":0,"comment_status":"closed","ping_status":"closed","template":"","meta":{"_exactmetrics_skip_tracking":false,"_exactmetrics_sitenote_active":false,"_exactmetrics_sitenote_note":"","_exactmetrics_sitenote_category":0,"footnotes":""},"class_list":["post-365","page","type-page","status-publish","hentry"],"yoast_head":"<!-- This site is optimized with the Yoast SEO plugin v24.7 - https:\/\/yoast.com\/wordpress\/plugins\/seo\/ -->\n<title>Implant\u00e1tum - Tit\u00e1nDent<\/title>\n<meta name=\"robots\" content=\"index, follow, max-snippet:-1, max-image-preview:large, max-video-preview:-1\" \/>\n<link rel=\"canonical\" href=\"http:\/\/www.titandent.hu\/patient\/hu\/fogaszati-abece\/implantatum\/\" \/>\n<meta property=\"og:locale\" content=\"hu_HU\" \/>\n<meta property=\"og:type\" content=\"article\" \/>\n<meta property=\"og:title\" content=\"Implant\u00e1tum - Tit\u00e1nDent\" \/>\n<meta property=\"og:description\" content=\"A fog\u00e1szati implant\u00e1tum egy jellegzetesen tit\u00e1nb\u00f3l k\u00e9sz\u00fclt orvosi csavar, mely az \u00e1llcsontba behelyezve lehet\u0151v\u00e9 teszi hi\u00e1nyz\u00f3 fogak p\u00f3tl\u00e1s\u00e1t (koron\u00e1val vagy h\u00edddal) vagy kivehet\u0151 fogsor helyben tart\u00e1s\u00e1t. Ennek gyakorlati menete aOlvasson tov\u00e1bb...Implant\u00e1tum\" \/>\n<meta property=\"og:url\" content=\"http:\/\/www.titandent.hu\/patient\/hu\/fogaszati-abece\/implantatum\/\" \/>\n<meta property=\"og:site_name\" content=\"Tit\u00e1nDent\" \/>\n<meta property=\"article:publisher\" content=\"https:\/\/www.facebook.com\/TitanDentFogaszatiKft\/\" \/>\n<meta property=\"article:modified_time\" content=\"2018-07-31T10:54:11+00:00\" \/>\n<meta property=\"og:image\" content=\"http:\/\/www.titandent.hu\/patient\/wp-content\/uploads\/2018\/07\/implantatum.png\" \/>\n<meta name=\"twitter:card\" content=\"summary_large_image\" \/>\n<meta name=\"twitter:site\" content=\"@dent_titan\" \/>\n<meta name=\"twitter:label1\" content=\"Becs\u00fclt olvas\u00e1si id\u0151\" \/>\n\t<meta name=\"twitter:data1\" content=\"1 perc\" \/>\n<script type=\"application\/ld+json\" class=\"yoast-schema-graph\">{\"@context\":\"https:\/\/schema.org\",\"@graph\":[{\"@type\":\"WebPage\",\"@id\":\"http:\/\/www.titandent.hu\/patient\/hu\/fogaszati-abece\/implantatum\/\",\"url\":\"http:\/\/www.titandent.hu\/patient\/hu\/fogaszati-abece\/implantatum\/\",\"name\":\"Implant\u00e1tum - Tit\u00e1nDent\",\"isPartOf\":{\"@id\":\"http:\/\/www.titandent.hu\/patient\/hu\/#website\"},\"primaryImageOfPage\":{\"@id\":\"http:\/\/www.titandent.hu\/patient\/hu\/fogaszati-abece\/implantatum\/#primaryimage\"},\"image\":{\"@id\":\"http:\/\/www.titandent.hu\/patient\/hu\/fogaszati-abece\/implantatum\/#primaryimage\"},\"thumbnailUrl\":\"http:\/\/www.titandent.hu\/patient\/wp-content\/uploads\/2018\/07\/implantatum.png\",\"datePublished\":\"2018-07-31T08:24:00+00:00\",\"dateModified\":\"2018-07-31T10:54:11+00:00\",\"breadcrumb\":{\"@id\":\"http:\/\/www.titandent.hu\/patient\/hu\/fogaszati-abece\/implantatum\/#breadcrumb\"},\"inLanguage\":\"hu-HU\",\"potentialAction\":[{\"@type\":\"ReadAction\",\"target\":[\"http:\/\/www.titandent.hu\/patient\/hu\/fogaszati-abece\/implantatum\/\"]}]},{\"@type\":\"ImageObject\",\"inLanguage\":\"hu-HU\",\"@id\":\"http:\/\/www.titandent.hu\/patient\/hu\/fogaszati-abece\/implantatum\/#primaryimage\",\"url\":\"http:\/\/www.titandent.hu\/patient\/wp-content\/uploads\/2018\/07\/implantatum.png\",\"contentUrl\":\"http:\/\/www.titandent.hu\/patient\/wp-content\/uploads\/2018\/07\/implantatum.png\"},{\"@type\":\"BreadcrumbList\",\"@id\":\"http:\/\/www.titandent.hu\/patient\/hu\/fogaszati-abece\/implantatum\/#breadcrumb\",\"itemListElement\":[{\"@type\":\"ListItem\",\"position\":1,\"name\":\"Home\",\"item\":\"http:\/\/www.titandent.hu\/patient\/hu\/\"},{\"@type\":\"ListItem\",\"position\":2,\"name\":\"Fog\u00e1szati \u00c1B\u00e9C\u00e9\",\"item\":\"http:\/\/www.titandent.hu\/patient\/hu\/fogaszati-abece\/\"},{\"@type\":\"ListItem\",\"position\":3,\"name\":\"Implant\u00e1tum\"}]},{\"@type\":\"WebSite\",\"@id\":\"http:\/\/www.titandent.hu\/patient\/hu\/#website\",\"url\":\"http:\/\/www.titandent.hu\/patient\/hu\/\",\"name\":\"Tit\u00e1nDent\",\"description\":\"\u00dcdv\u00f6z\u00f6lj\u00fck a Tit\u00e1nDent Fog\u00e1szati Rendel\u0151  honlapj\u00e1n!\",\"publisher\":{\"@id\":\"http:\/\/www.titandent.hu\/patient\/hu\/#organization\"},\"potentialAction\":[{\"@type\":\"SearchAction\",\"target\":{\"@type\":\"EntryPoint\",\"urlTemplate\":\"http:\/\/www.titandent.hu\/patient\/hu\/?s={search_term_string}\"},\"query-input\":{\"@type\":\"PropertyValueSpecification\",\"valueRequired\":true,\"valueName\":\"search_term_string\"}}],\"inLanguage\":\"hu-HU\"},{\"@type\":\"Organization\",\"@id\":\"http:\/\/www.titandent.hu\/patient\/hu\/#organization\",\"name\":\"Tit\u00e1nDent Kft.\",\"url\":\"http:\/\/www.titandent.hu\/patient\/hu\/\",\"logo\":{\"@type\":\"ImageObject\",\"inLanguage\":\"hu-HU\",\"@id\":\"http:\/\/www.titandent.hu\/patient\/hu\/#\/schema\/logo\/image\/\",\"url\":\"http:\/\/www.titandent.hu\/patient\/wp-content\/uploads\/2018\/07\/cropped-TitanDent_logo-v11x.svg-m\u00e1solata-3.png\",\"contentUrl\":\"http:\/\/www.titandent.hu\/patient\/wp-content\/uploads\/2018\/07\/cropped-TitanDent_logo-v11x.svg-m\u00e1solata-3.png\",\"width\":225,\"height\":225,\"caption\":\"Tit\u00e1nDent Kft.\"},\"image\":{\"@id\":\"http:\/\/www.titandent.hu\/patient\/hu\/#\/schema\/logo\/image\/\"},\"sameAs\":[\"https:\/\/www.facebook.com\/TitanDentFogaszatiKft\/\",\"https:\/\/x.com\/dent_titan\"]}]}<\/script>\n<!-- \/ Yoast SEO plugin. -->","yoast_head_json":{"title":"Implant\u00e1tum - Tit\u00e1nDent","robots":{"index":"index","follow":"follow","max-snippet":"max-snippet:-1","max-image-preview":"max-image-preview:large","max-video-preview":"max-video-preview:-1"},"canonical":"http:\/\/www.titandent.hu\/patient\/hu\/fogaszati-abece\/implantatum\/","og_locale":"hu_HU","og_type":"article","og_title":"Implant\u00e1tum - Tit\u00e1nDent","og_description":"A fog\u00e1szati implant\u00e1tum egy jellegzetesen tit\u00e1nb\u00f3l k\u00e9sz\u00fclt orvosi csavar, mely az \u00e1llcsontba behelyezve lehet\u0151v\u00e9 teszi hi\u00e1nyz\u00f3 fogak p\u00f3tl\u00e1s\u00e1t (koron\u00e1val vagy h\u00edddal) vagy kivehet\u0151 fogsor helyben tart\u00e1s\u00e1t. Ennek gyakorlati menete aOlvasson tov\u00e1bb...Implant\u00e1tum","og_url":"http:\/\/www.titandent.hu\/patient\/hu\/fogaszati-abece\/implantatum\/","og_site_name":"Tit\u00e1nDent","article_publisher":"https:\/\/www.facebook.com\/TitanDentFogaszatiKft\/","article_modified_time":"2018-07-31T10:54:11+00:00","og_image":[{"url":"http:\/\/www.titandent.hu\/patient\/wp-content\/uploads\/2018\/07\/implantatum.png","type":"","width":"","height":""}],"twitter_card":"summary_large_image","twitter_site":"@dent_titan","twitter_misc":{"Becs\u00fclt olvas\u00e1si id\u0151":"1 perc"},"schema":{"@context":"https:\/\/schema.org","@graph":[{"@type":"WebPage","@id":"http:\/\/www.titandent.hu\/patient\/hu\/fogaszati-abece\/implantatum\/","url":"http:\/\/www.titandent.hu\/patient\/hu\/fogaszati-abece\/implantatum\/","name":"Implant\u00e1tum - Tit\u00e1nDent","isPartOf":{"@id":"http:\/\/www.titandent.hu\/patient\/hu\/#website"},"primaryImageOfPage":{"@id":"http:\/\/www.titandent.hu\/patient\/hu\/fogaszati-abece\/implantatum\/#primaryimage"},"image":{"@id":"http:\/\/www.titandent.hu\/patient\/hu\/fogaszati-abece\/implantatum\/#primaryimage"},"thumbnailUrl":"http:\/\/www.titandent.hu\/patient\/wp-content\/uploads\/2018\/07\/implantatum.png","datePublished":"2018-07-31T08:24:00+00:00","dateModified":"2018-07-31T10:54:11+00:00","breadcrumb":{"@id":"http:\/\/www.titandent.hu\/patient\/hu\/fogaszati-abece\/implantatum\/#breadcrumb"},"inLanguage":"hu-HU","potentialAction":[{"@type":"ReadAction","target":["http:\/\/www.titandent.hu\/patient\/hu\/fogaszati-abece\/implantatum\/"]}]},{"@type":"ImageObject","inLanguage":"hu-HU","@id":"http:\/\/www.titandent.hu\/patient\/hu\/fogaszati-abece\/implantatum\/#primaryimage","url":"http:\/\/www.titandent.hu\/patient\/wp-content\/uploads\/2018\/07\/implantatum.png","contentUrl":"http:\/\/www.titandent.hu\/patient\/wp-content\/uploads\/2018\/07\/implantatum.png"},{"@type":"BreadcrumbList","@id":"http:\/\/www.titandent.hu\/patient\/hu\/fogaszati-abece\/implantatum\/#breadcrumb","itemListElement":[{"@type":"ListItem","position":1,"name":"Home","item":"http:\/\/www.titandent.hu\/patient\/hu\/"},{"@type":"ListItem","position":2,"name":"Fog\u00e1szati \u00c1B\u00e9C\u00e9","item":"http:\/\/www.titandent.hu\/patient\/hu\/fogaszati-abece\/"},{"@type":"ListItem","position":3,"name":"Implant\u00e1tum"}]},{"@type":"WebSite","@id":"http:\/\/www.titandent.hu\/patient\/hu\/#website","url":"http:\/\/www.titandent.hu\/patient\/hu\/","name":"Tit\u00e1nDent","description":"\u00dcdv\u00f6z\u00f6lj\u00fck a Tit\u00e1nDent Fog\u00e1szati Rendel\u0151  honlapj\u00e1n!","publisher":{"@id":"http:\/\/www.titandent.hu\/patient\/hu\/#organization"},"potentialAction":[{"@type":"SearchAction","target":{"@type":"EntryPoint","urlTemplate":"http:\/\/www.titandent.hu\/patient\/hu\/?s={search_term_string}"},"query-input":{"@type":"PropertyValueSpecification","valueRequired":true,"valueName":"search_term_string"}}],"inLanguage":"hu-HU"},{"@type":"Organization","@id":"http:\/\/www.titandent.hu\/patient\/hu\/#organization","name":"Tit\u00e1nDent Kft.","url":"http:\/\/www.titandent.hu\/patient\/hu\/","logo":{"@type":"ImageObject","inLanguage":"hu-HU","@id":"http:\/\/www.titandent.hu\/patient\/hu\/#\/schema\/logo\/image\/","url":"http:\/\/www.titandent.hu\/patient\/wp-content\/uploads\/2018\/07\/cropped-TitanDent_logo-v11x.svg-m\u00e1solata-3.png","contentUrl":"http:\/\/www.titandent.hu\/patient\/wp-content\/uploads\/2018\/07\/cropped-TitanDent_logo-v11x.svg-m\u00e1solata-3.png","width":225,"height":225,"caption":"Tit\u00e1nDent Kft."},"image":{"@id":"http:\/\/www.titandent.hu\/patient\/hu\/#\/schema\/logo\/image\/"},"sameAs":["https:\/\/www.facebook.com\/TitanDentFogaszatiKft\/","https:\/\/x.com\/dent_titan"]}]}},"_links":{"self":[{"href":"http:\/\/www.titandent.hu\/patient\/hu\/wp-json\/wp\/v2\/pages\/365","targetHints":{"allow":["GET"]}}],"collection":[{"href":"http:\/\/www.titandent.hu\/patient\/hu\/wp-json\/wp\/v2\/pages"}],"about":[{"href":"http:\/\/www.titandent.hu\/patient\/hu\/wp-json\/wp\/v2\/types\/page"}],"author":[{"embeddable":true,"href":"http:\/\/www.titandent.hu\/patient\/hu\/wp-json\/wp\/v2\/users\/1"}],"replies":[{"embeddable":true,"href":"http:\/\/www.titandent.hu\/patient\/hu\/wp-json\/wp\/v2\/comments?post=365"}],"version-history":[{"count":2,"href":"http:\/\/www.titandent.hu\/patient\/hu\/wp-json\/wp\/v2\/pages\/365\/revisions"}],"predecessor-version":[{"id":537,"href":"http:\/\/www.titandent.hu\/patient\/hu\/wp-json\/wp\/v2\/pages\/365\/revisions\/537"}],"up":[{"embeddable":true,"href":"http:\/\/www.titandent.hu\/patient\/hu\/wp-json\/wp\/v2\/pages\/243"}],"wp:attachment":[{"href":"http:\/\/www.titandent.hu\/patient\/hu\/wp-json\/wp\/v2\/media?parent=365"}],"curies":[{"name":"wp","href":"https:\/\/api.w.org\/{rel}","templated":true}]}}