{"id":369,"date":"2018-07-31T08:24:18","date_gmt":"2018-07-31T08:24:18","guid":{"rendered":"http:\/\/www.titandent.hu\/patient\/?page_id=369"},"modified":"2018-07-31T10:57:27","modified_gmt":"2018-07-31T10:57:27","slug":"inygyulladas","status":"publish","type":"page","link":"http:\/\/www.titandent.hu\/patient\/hu\/fogaszati-abece\/inygyulladas\/","title":{"rendered":"\u00cdnygyullad\u00e1s"},"content":{"rendered":"<p><span style=\"font-size: 16px;\">A fog\u00edny a fogak k\u00f6r\u00fcl elhelyezked\u0151, saj\u00e1tos tulajdons\u00e1gokkal b\u00edr\u00f3 ny\u00e1lkah\u00e1rtya megnevez\u00e9se. A fog\u00edny egyfajta elv\u00e1laszt\u00f3 hat\u00e1rt k\u00e9pez a sz\u00e1j\u00fcregben a szervezet sz\u00e1m\u00e1ra a k\u00fclvil\u00e1g fel\u00e9.<img fetchpriority=\"high\" decoding=\"async\" class=\"size-full wp-image-539 alignright\" src=\"http:\/\/www.titandent.hu\/patient\/wp-content\/uploads\/2018\/07\/inygyulladas.png\" alt=\"\" width=\"500\" height=\"150\" srcset=\"http:\/\/www.titandent.hu\/patient\/wp-content\/uploads\/2018\/07\/inygyulladas.png 500w, http:\/\/www.titandent.hu\/patient\/wp-content\/uploads\/2018\/07\/inygyulladas-300x90.png 300w, http:\/\/www.titandent.hu\/patient\/wp-content\/uploads\/2018\/07\/inygyulladas-100x30.png 100w\" sizes=\"(max-width: 500px) 100vw, 500px\" \/><\/span><\/p>\n<p><span style=\"font-size: 16px;\">Ha gyullad\u00e1sba ker\u00fcl, azzal meggyeng\u00fcl a fog tart\u00f3 sz\u00f6veteinek els\u0151 v\u00e9delmi vonala.<\/span><br \/>\n<span style=\"font-size: 16px;\">S\u00falyos, vagy hossz\u00fa id\u0151n \u00e1t fenn\u00e1ll\u00f3, kezeletlen \u00ednygyullad\u00e1s az alatta l\u00e9v\u0151 t\u00e1maszt\u00f3 sz\u00f6vetek (a fogat felf\u00fcggeszt\u0151 szalagok, a csontos fog\u00e1gy) gyullad\u00e1s\u00e1t \u00e9s le\u00e9p\u00fcl\u00e9s\u00e9t okozhatja.<\/span><br \/>\n<span style=\"font-size: 16px;\">Az \u00ednygyullad\u00e1s leggyakoribb kiv\u00e1lt\u00f3 okai a nem megfelel\u0151en v\u00e9gzett, s \u00edgy nem kell\u0151en hat\u00e9kony fog- \u00e9s sz\u00e1j\u00e1pol\u00e1s, valamint fogk\u0151 k\u00e9pz\u0151d\u00e9se. Ezen k\u00edv\u00fcl sok m\u00e1s ok is lehet, ezek egy r\u00e9sze kedvez\u0151tlen adotts\u00e1g (pl. torl\u00f3dott fogak, kedvez\u0151tlen harap\u00e1si forma, \u00e1ltal\u00e1nos betegs\u00e9gek, stb.), m\u00e1s r\u00e9sze mesters\u00e9gesen alakult ki (t\u00e1pl\u00e1lkoz\u00e1si vagy sz\u00e1jhig\u00e9niai szok\u00e1sok, stb.).<\/span><\/p>\n<p><span style=\"font-size: 16px;\"><strong>T\u00fcnetei lehetnek<\/strong>:<\/span><\/p>\n<ul>\n<li><span style=\"font-size: 16px;\">\u00ednyv\u00e9rz\u00e9s<\/span><\/li>\n<li><span style=\"font-size: 16px;\">megduzzadt \u00edny<\/span><\/li>\n<li><span style=\"font-size: 16px;\">kellemetlen lehelet<\/span><\/li>\n<li><span style=\"font-size: 16px;\">foglazul\u00e1s<\/span><\/li>\n<\/ul>\n<p><span style=\"font-size: 16px;\">Az esetek t\u00f6bbs\u00e9g\u00e9ben az \u00ednygyullad\u00e1s teljesen megsz\u0171ntethet\u0151, vagy nagym\u00e9rt\u00e9kben jav\u00edthat\u00f3. Sz\u00fcks\u00e9ges a megfelel\u0151 fog- \u00e9s sz\u00e1jtiszt\u00edt\u00e1s elsaj\u00e1t\u00edt\u00e1sa, fogk\u0151 k\u00e9pz\u0151d\u00e9s eset\u00e9n annak rendszeres elt\u00e1vol\u00edt\u00e1sa.<\/span><\/p>\n<p><span style=\"font-size: 16px;\"><strong>A fog\u00ednygyullad\u00e1s gy\u00f3gy\u00edt\u00e1s\u00e1nak szok\u00e1sos l\u00e9p\u00e9sei:<\/strong><\/span><\/p>\n<ul>\n<li><span style=\"font-size: 16px;\">a kiv\u00e1lt\u00f3 ok lehet\u00fas\u00e9g szerinti megsz\u00fcntet\u00e9se<\/span><\/li>\n<li><span style=\"font-size: 16px;\">a helyes t\u00e1pl\u00e1lkoz\u00e1si \u00e9s sz\u00e1jhig\u00e9niai szok\u00e1sok kialak\u00edt\u00e1sa<\/span><\/li>\n<\/ul>\n<p><span style=\"font-size: 16px;\"><strong>A fog\u00ednygyullad\u00e1sos esetek d\u00f6nt\u0151 t\u00f6bbs\u00e9g\u00e9ben a kezel\u00e9s els\u0151 l\u00e9p\u00e9se a fogk\u0151 elt\u00e1vol\u00edt\u00e1sa.<\/strong><\/span><\/p>\n","protected":false},"excerpt":{"rendered":"<p>A fog\u00edny a fogak k\u00f6r\u00fcl elhelyezked\u0151, saj\u00e1tos tulajdons\u00e1gokkal b\u00edr\u00f3 ny\u00e1lkah\u00e1rtya megnevez\u00e9se. A fog\u00edny egyfajta elv\u00e1laszt\u00f3 hat\u00e1rt k\u00e9pez a sz\u00e1j\u00fcregben a szervezet sz\u00e1m\u00e1ra a k\u00fclvil\u00e1g fel\u00e9. Ha gyullad\u00e1sba ker\u00fcl, azzal meggyeng\u00fcl<a href=\"http:\/\/www.titandent.hu\/patient\/hu\/fogaszati-abece\/inygyulladas\/\" class=\"more-link\"><span class=\"more-button\">Olvasson tov\u00e1bb&#8230;<span class=\"screen-reader-text\">\u00cdnygyullad\u00e1s<\/span><\/span><\/a><\/p>\n","protected":false},"author":1,"featured_media":0,"parent":243,"menu_order":0,"comment_status":"closed","ping_status":"closed","template":"","meta":{"_exactmetrics_skip_tracking":false,"_exactmetrics_sitenote_active":false,"_exactmetrics_sitenote_note":"","_exactmetrics_sitenote_category":0,"footnotes":""},"class_list":["post-369","page","type-page","status-publish","hentry"],"yoast_head":"<!-- This site is optimized with the Yoast SEO plugin v24.7 - https:\/\/yoast.com\/wordpress\/plugins\/seo\/ -->\n<title>\u00cdnygyullad\u00e1s - Tit\u00e1nDent<\/title>\n<meta name=\"robots\" content=\"index, follow, max-snippet:-1, max-image-preview:large, max-video-preview:-1\" \/>\n<link rel=\"canonical\" href=\"http:\/\/www.titandent.hu\/patient\/hu\/fogaszati-abece\/inygyulladas\/\" \/>\n<meta property=\"og:locale\" content=\"hu_HU\" \/>\n<meta property=\"og:type\" content=\"article\" \/>\n<meta property=\"og:title\" content=\"\u00cdnygyullad\u00e1s - Tit\u00e1nDent\" \/>\n<meta property=\"og:description\" content=\"A fog\u00edny a fogak k\u00f6r\u00fcl elhelyezked\u0151, saj\u00e1tos tulajdons\u00e1gokkal b\u00edr\u00f3 ny\u00e1lkah\u00e1rtya megnevez\u00e9se. A fog\u00edny egyfajta elv\u00e1laszt\u00f3 hat\u00e1rt k\u00e9pez a sz\u00e1j\u00fcregben a szervezet sz\u00e1m\u00e1ra a k\u00fclvil\u00e1g fel\u00e9. Ha gyullad\u00e1sba ker\u00fcl, azzal meggyeng\u00fclOlvasson tov\u00e1bb...\u00cdnygyullad\u00e1s\" \/>\n<meta property=\"og:url\" content=\"http:\/\/www.titandent.hu\/patient\/hu\/fogaszati-abece\/inygyulladas\/\" \/>\n<meta property=\"og:site_name\" content=\"Tit\u00e1nDent\" \/>\n<meta property=\"article:publisher\" content=\"https:\/\/www.facebook.com\/TitanDentFogaszatiKft\/\" \/>\n<meta property=\"article:modified_time\" content=\"2018-07-31T10:57:27+00:00\" \/>\n<meta property=\"og:image\" content=\"http:\/\/www.titandent.hu\/patient\/wp-content\/uploads\/2018\/07\/inygyulladas.png\" \/>\n<meta name=\"twitter:card\" content=\"summary_large_image\" \/>\n<meta name=\"twitter:site\" content=\"@dent_titan\" \/>\n<meta name=\"twitter:label1\" content=\"Becs\u00fclt olvas\u00e1si id\u0151\" \/>\n\t<meta name=\"twitter:data1\" content=\"2 perc\" \/>\n<script type=\"application\/ld+json\" class=\"yoast-schema-graph\">{\"@context\":\"https:\/\/schema.org\",\"@graph\":[{\"@type\":\"WebPage\",\"@id\":\"http:\/\/www.titandent.hu\/patient\/hu\/fogaszati-abece\/inygyulladas\/\",\"url\":\"http:\/\/www.titandent.hu\/patient\/hu\/fogaszati-abece\/inygyulladas\/\",\"name\":\"\u00cdnygyullad\u00e1s - Tit\u00e1nDent\",\"isPartOf\":{\"@id\":\"http:\/\/www.titandent.hu\/patient\/hu\/#website\"},\"primaryImageOfPage\":{\"@id\":\"http:\/\/www.titandent.hu\/patient\/hu\/fogaszati-abece\/inygyulladas\/#primaryimage\"},\"image\":{\"@id\":\"http:\/\/www.titandent.hu\/patient\/hu\/fogaszati-abece\/inygyulladas\/#primaryimage\"},\"thumbnailUrl\":\"http:\/\/www.titandent.hu\/patient\/wp-content\/uploads\/2018\/07\/inygyulladas.png\",\"datePublished\":\"2018-07-31T08:24:18+00:00\",\"dateModified\":\"2018-07-31T10:57:27+00:00\",\"breadcrumb\":{\"@id\":\"http:\/\/www.titandent.hu\/patient\/hu\/fogaszati-abece\/inygyulladas\/#breadcrumb\"},\"inLanguage\":\"hu-HU\",\"potentialAction\":[{\"@type\":\"ReadAction\",\"target\":[\"http:\/\/www.titandent.hu\/patient\/hu\/fogaszati-abece\/inygyulladas\/\"]}]},{\"@type\":\"ImageObject\",\"inLanguage\":\"hu-HU\",\"@id\":\"http:\/\/www.titandent.hu\/patient\/hu\/fogaszati-abece\/inygyulladas\/#primaryimage\",\"url\":\"http:\/\/www.titandent.hu\/patient\/wp-content\/uploads\/2018\/07\/inygyulladas.png\",\"contentUrl\":\"http:\/\/www.titandent.hu\/patient\/wp-content\/uploads\/2018\/07\/inygyulladas.png\"},{\"@type\":\"BreadcrumbList\",\"@id\":\"http:\/\/www.titandent.hu\/patient\/hu\/fogaszati-abece\/inygyulladas\/#breadcrumb\",\"itemListElement\":[{\"@type\":\"ListItem\",\"position\":1,\"name\":\"Home\",\"item\":\"http:\/\/www.titandent.hu\/patient\/hu\/\"},{\"@type\":\"ListItem\",\"position\":2,\"name\":\"Fog\u00e1szati \u00c1B\u00e9C\u00e9\",\"item\":\"http:\/\/www.titandent.hu\/patient\/hu\/fogaszati-abece\/\"},{\"@type\":\"ListItem\",\"position\":3,\"name\":\"\u00cdnygyullad\u00e1s\"}]},{\"@type\":\"WebSite\",\"@id\":\"http:\/\/www.titandent.hu\/patient\/hu\/#website\",\"url\":\"http:\/\/www.titandent.hu\/patient\/hu\/\",\"name\":\"Tit\u00e1nDent\",\"description\":\"\u00dcdv\u00f6z\u00f6lj\u00fck a Tit\u00e1nDent Fog\u00e1szati Rendel\u0151  honlapj\u00e1n!\",\"publisher\":{\"@id\":\"http:\/\/www.titandent.hu\/patient\/hu\/#organization\"},\"potentialAction\":[{\"@type\":\"SearchAction\",\"target\":{\"@type\":\"EntryPoint\",\"urlTemplate\":\"http:\/\/www.titandent.hu\/patient\/hu\/?s={search_term_string}\"},\"query-input\":{\"@type\":\"PropertyValueSpecification\",\"valueRequired\":true,\"valueName\":\"search_term_string\"}}],\"inLanguage\":\"hu-HU\"},{\"@type\":\"Organization\",\"@id\":\"http:\/\/www.titandent.hu\/patient\/hu\/#organization\",\"name\":\"Tit\u00e1nDent Kft.\",\"url\":\"http:\/\/www.titandent.hu\/patient\/hu\/\",\"logo\":{\"@type\":\"ImageObject\",\"inLanguage\":\"hu-HU\",\"@id\":\"http:\/\/www.titandent.hu\/patient\/hu\/#\/schema\/logo\/image\/\",\"url\":\"http:\/\/www.titandent.hu\/patient\/wp-content\/uploads\/2018\/07\/cropped-TitanDent_logo-v11x.svg-m\u00e1solata-3.png\",\"contentUrl\":\"http:\/\/www.titandent.hu\/patient\/wp-content\/uploads\/2018\/07\/cropped-TitanDent_logo-v11x.svg-m\u00e1solata-3.png\",\"width\":225,\"height\":225,\"caption\":\"Tit\u00e1nDent Kft.\"},\"image\":{\"@id\":\"http:\/\/www.titandent.hu\/patient\/hu\/#\/schema\/logo\/image\/\"},\"sameAs\":[\"https:\/\/www.facebook.com\/TitanDentFogaszatiKft\/\",\"https:\/\/x.com\/dent_titan\"]}]}<\/script>\n<!-- \/ Yoast SEO plugin. -->","yoast_head_json":{"title":"\u00cdnygyullad\u00e1s - Tit\u00e1nDent","robots":{"index":"index","follow":"follow","max-snippet":"max-snippet:-1","max-image-preview":"max-image-preview:large","max-video-preview":"max-video-preview:-1"},"canonical":"http:\/\/www.titandent.hu\/patient\/hu\/fogaszati-abece\/inygyulladas\/","og_locale":"hu_HU","og_type":"article","og_title":"\u00cdnygyullad\u00e1s - Tit\u00e1nDent","og_description":"A fog\u00edny a fogak k\u00f6r\u00fcl elhelyezked\u0151, saj\u00e1tos tulajdons\u00e1gokkal b\u00edr\u00f3 ny\u00e1lkah\u00e1rtya megnevez\u00e9se. A fog\u00edny egyfajta elv\u00e1laszt\u00f3 hat\u00e1rt k\u00e9pez a sz\u00e1j\u00fcregben a szervezet sz\u00e1m\u00e1ra a k\u00fclvil\u00e1g fel\u00e9. Ha gyullad\u00e1sba ker\u00fcl, azzal meggyeng\u00fclOlvasson tov\u00e1bb...\u00cdnygyullad\u00e1s","og_url":"http:\/\/www.titandent.hu\/patient\/hu\/fogaszati-abece\/inygyulladas\/","og_site_name":"Tit\u00e1nDent","article_publisher":"https:\/\/www.facebook.com\/TitanDentFogaszatiKft\/","article_modified_time":"2018-07-31T10:57:27+00:00","og_image":[{"url":"http:\/\/www.titandent.hu\/patient\/wp-content\/uploads\/2018\/07\/inygyulladas.png","type":"","width":"","height":""}],"twitter_card":"summary_large_image","twitter_site":"@dent_titan","twitter_misc":{"Becs\u00fclt olvas\u00e1si id\u0151":"2 perc"},"schema":{"@context":"https:\/\/schema.org","@graph":[{"@type":"WebPage","@id":"http:\/\/www.titandent.hu\/patient\/hu\/fogaszati-abece\/inygyulladas\/","url":"http:\/\/www.titandent.hu\/patient\/hu\/fogaszati-abece\/inygyulladas\/","name":"\u00cdnygyullad\u00e1s - Tit\u00e1nDent","isPartOf":{"@id":"http:\/\/www.titandent.hu\/patient\/hu\/#website"},"primaryImageOfPage":{"@id":"http:\/\/www.titandent.hu\/patient\/hu\/fogaszati-abece\/inygyulladas\/#primaryimage"},"image":{"@id":"http:\/\/www.titandent.hu\/patient\/hu\/fogaszati-abece\/inygyulladas\/#primaryimage"},"thumbnailUrl":"http:\/\/www.titandent.hu\/patient\/wp-content\/uploads\/2018\/07\/inygyulladas.png","datePublished":"2018-07-31T08:24:18+00:00","dateModified":"2018-07-31T10:57:27+00:00","breadcrumb":{"@id":"http:\/\/www.titandent.hu\/patient\/hu\/fogaszati-abece\/inygyulladas\/#breadcrumb"},"inLanguage":"hu-HU","potentialAction":[{"@type":"ReadAction","target":["http:\/\/www.titandent.hu\/patient\/hu\/fogaszati-abece\/inygyulladas\/"]}]},{"@type":"ImageObject","inLanguage":"hu-HU","@id":"http:\/\/www.titandent.hu\/patient\/hu\/fogaszati-abece\/inygyulladas\/#primaryimage","url":"http:\/\/www.titandent.hu\/patient\/wp-content\/uploads\/2018\/07\/inygyulladas.png","contentUrl":"http:\/\/www.titandent.hu\/patient\/wp-content\/uploads\/2018\/07\/inygyulladas.png"},{"@type":"BreadcrumbList","@id":"http:\/\/www.titandent.hu\/patient\/hu\/fogaszati-abece\/inygyulladas\/#breadcrumb","itemListElement":[{"@type":"ListItem","position":1,"name":"Home","item":"http:\/\/www.titandent.hu\/patient\/hu\/"},{"@type":"ListItem","position":2,"name":"Fog\u00e1szati \u00c1B\u00e9C\u00e9","item":"http:\/\/www.titandent.hu\/patient\/hu\/fogaszati-abece\/"},{"@type":"ListItem","position":3,"name":"\u00cdnygyullad\u00e1s"}]},{"@type":"WebSite","@id":"http:\/\/www.titandent.hu\/patient\/hu\/#website","url":"http:\/\/www.titandent.hu\/patient\/hu\/","name":"Tit\u00e1nDent","description":"\u00dcdv\u00f6z\u00f6lj\u00fck a Tit\u00e1nDent Fog\u00e1szati Rendel\u0151  honlapj\u00e1n!","publisher":{"@id":"http:\/\/www.titandent.hu\/patient\/hu\/#organization"},"potentialAction":[{"@type":"SearchAction","target":{"@type":"EntryPoint","urlTemplate":"http:\/\/www.titandent.hu\/patient\/hu\/?s={search_term_string}"},"query-input":{"@type":"PropertyValueSpecification","valueRequired":true,"valueName":"search_term_string"}}],"inLanguage":"hu-HU"},{"@type":"Organization","@id":"http:\/\/www.titandent.hu\/patient\/hu\/#organization","name":"Tit\u00e1nDent Kft.","url":"http:\/\/www.titandent.hu\/patient\/hu\/","logo":{"@type":"ImageObject","inLanguage":"hu-HU","@id":"http:\/\/www.titandent.hu\/patient\/hu\/#\/schema\/logo\/image\/","url":"http:\/\/www.titandent.hu\/patient\/wp-content\/uploads\/2018\/07\/cropped-TitanDent_logo-v11x.svg-m\u00e1solata-3.png","contentUrl":"http:\/\/www.titandent.hu\/patient\/wp-content\/uploads\/2018\/07\/cropped-TitanDent_logo-v11x.svg-m\u00e1solata-3.png","width":225,"height":225,"caption":"Tit\u00e1nDent Kft."},"image":{"@id":"http:\/\/www.titandent.hu\/patient\/hu\/#\/schema\/logo\/image\/"},"sameAs":["https:\/\/www.facebook.com\/TitanDentFogaszatiKft\/","https:\/\/x.com\/dent_titan"]}]}},"_links":{"self":[{"href":"http:\/\/www.titandent.hu\/patient\/hu\/wp-json\/wp\/v2\/pages\/369","targetHints":{"allow":["GET"]}}],"collection":[{"href":"http:\/\/www.titandent.hu\/patient\/hu\/wp-json\/wp\/v2\/pages"}],"about":[{"href":"http:\/\/www.titandent.hu\/patient\/hu\/wp-json\/wp\/v2\/types\/page"}],"author":[{"embeddable":true,"href":"http:\/\/www.titandent.hu\/patient\/hu\/wp-json\/wp\/v2\/users\/1"}],"replies":[{"embeddable":true,"href":"http:\/\/www.titandent.hu\/patient\/hu\/wp-json\/wp\/v2\/comments?post=369"}],"version-history":[{"count":2,"href":"http:\/\/www.titandent.hu\/patient\/hu\/wp-json\/wp\/v2\/pages\/369\/revisions"}],"predecessor-version":[{"id":541,"href":"http:\/\/www.titandent.hu\/patient\/hu\/wp-json\/wp\/v2\/pages\/369\/revisions\/541"}],"up":[{"embeddable":true,"href":"http:\/\/www.titandent.hu\/patient\/hu\/wp-json\/wp\/v2\/pages\/243"}],"wp:attachment":[{"href":"http:\/\/www.titandent.hu\/patient\/hu\/wp-json\/wp\/v2\/media?parent=369"}],"curies":[{"name":"wp","href":"https:\/\/api.w.org\/{rel}","templated":true}]}}