{"id":373,"date":"2018-07-31T08:24:34","date_gmt":"2018-07-31T08:24:34","guid":{"rendered":"http:\/\/www.titandent.hu\/patient\/?page_id=373"},"modified":"2018-07-31T10:59:10","modified_gmt":"2018-07-31T10:59:10","slug":"korona","status":"publish","type":"page","link":"http:\/\/www.titandent.hu\/patient\/hu\/fogaszati-abece\/korona\/","title":{"rendered":"Korona"},"content":{"rendered":"<div id=\"PageContainer1\" class=\"EqualHeight_PageContainer1\">\n<div id=\"PageDescription-D31798856\" class=\"GC19 PageDescription\">\n<div class=\"row clearfix sf-cb\">\n<div class=\"column full\">\n<p><span style=\"font-size: 16px;\">Ha a fog term\u00e9szetes koron\u00e1ja (ez a fognak a sz\u00e1jban l\u00e1that\u00f3 r\u00e9sz\u00e9t jelenti) szuvasod\u00e1s,t\u00f6r\u00e9s, kop\u00e1s vagy m\u00e1s ok miatt jelent\u0151sebb m\u00e9rt\u00e9kben hi\u00e1nyzik, azt mesters\u00e9ges v\u00e9d\u0151bor\u00edt\u00e1ssal \u00e1ll\u00edthatjuk helyre. Ennek a fogp\u00f3tl\u00e1snak a megnevez\u00e9se szint\u00e9n korona.<img fetchpriority=\"high\" decoding=\"async\" class=\"size-full wp-image-543 alignright\" src=\"http:\/\/www.titandent.hu\/patient\/wp-content\/uploads\/2018\/07\/korona.png\" alt=\"\" width=\"500\" height=\"150\" srcset=\"http:\/\/www.titandent.hu\/patient\/wp-content\/uploads\/2018\/07\/korona.png 500w, http:\/\/www.titandent.hu\/patient\/wp-content\/uploads\/2018\/07\/korona-300x90.png 300w, http:\/\/www.titandent.hu\/patient\/wp-content\/uploads\/2018\/07\/korona-100x30.png 100w\" sizes=\"(max-width: 500px) 100vw, 500px\" \/><\/span><\/p>\n<p><span style=\"font-size: 16px;\">A koron\u00e1t a fog megmaradt \u00e9s megfelel\u0151en el\u0151k\u00e9sz\u00edtett r\u00e9sz\u00e9re fog\u00e1szati ragaszt\u00f3 cementtel r\u00f6gz\u00edtj\u00fck.<\/span><\/p>\n<p><span style=\"font-size: 16px;\">A koron\u00e1t t\u00f6bbf\u00e9le anyagb\u00f3l k\u00e9sz\u00edthetj\u00fck, ezek pedig k\u00fcl\u00f6nb\u00f6z\u0151 tulajdons\u00e1gokkal rendelkeznek. Hogy melyik a legmegfelel\u0151bb, azt egy adott eset egyedi jellemz\u0151i d\u00f6ntik el.<\/span><br \/>\n<span style=\"font-size: 16px;\">\u00c1ltal\u00e1ban az al\u00e1bbi koronat\u00edpusokat k\u00e9sz\u00edtj\u00fck (a gyakoris\u00e1g sorrendj\u00e9ben):<\/span><\/p>\n<p><span style=\"font-size: 16px;\"><strong>F\u00c9MKER\u00c1MIA KORONA<\/strong><\/span><\/p>\n<p><span style=\"font-size: 16px;\">A f\u00e9mker\u00e1mia koron\u00e1nak van egy f\u00e9m alapja, v\u00e1za, ami biztos\u00edtja a korona teherb\u00edr\u00e1s\u00e1t. A f\u00e9mv\u00e1z ker\u00e1mi\u00e1val van leplezve, hogy a k\u00fcls\u0151, sz\u00e1jban megjelen\u0151 felsz\u00ednei sz\u00e9pek, a term\u00e9szetes foghoz hasonl\u00f3ak legyenek.<\/span><\/p>\n<p><span style=\"font-size: 16px;\"><strong>F\u00c9MMENTES KORONA<\/strong><\/span><\/p>\n<p><span style=\"font-size: 16px;\">A f\u00e9mmentes korona k\u00e9sz\u00fclhet tiszt\u00e1n ker\u00e1mi\u00e1b\u00f3l, vagy lehet cirk\u00f3nium-oxid alap\u00fa, ami szint\u00e9n ker\u00e1mi\u00e1val van leplezve. Ezeknek a koron\u00e1knak a k\u00fcls\u0151 megjelen\u00e9se nagyon term\u00e9szetes hat\u00e1s\u00fa.<\/span><\/p>\n<p><span style=\"font-size: 16px;\">A f\u00e9mmentes korona fala, k\u00fcl\u00f6n\u00f6sen a fognyaki ter\u00fcleten vastagabb a f\u00e9m-ker\u00e1mia koron\u00e1\u00e9n\u00e1l, ez\u00e9rt el\u0151k\u00e9sz\u00edt\u00e9sekor (csiszol\u00e1skor) t\u00f6bb foganyag elt\u00e1vol\u00edt\u00e1s\u00e1t teszi sz\u00fcks\u00e9gess\u00e9 ezen a ter\u00fcleten.<\/span><\/p>\n<\/div>\n<\/div>\n<\/div>\n<\/div>\n","protected":false},"excerpt":{"rendered":"<p>Ha a fog term\u00e9szetes koron\u00e1ja (ez a fognak a sz\u00e1jban l\u00e1that\u00f3 r\u00e9sz\u00e9t jelenti) szuvasod\u00e1s,t\u00f6r\u00e9s, kop\u00e1s vagy m\u00e1s ok miatt jelent\u0151sebb m\u00e9rt\u00e9kben hi\u00e1nyzik, azt mesters\u00e9ges v\u00e9d\u0151bor\u00edt\u00e1ssal \u00e1ll\u00edthatjuk helyre. Ennek a fogp\u00f3tl\u00e1snak<a href=\"http:\/\/www.titandent.hu\/patient\/hu\/fogaszati-abece\/korona\/\" class=\"more-link\"><span class=\"more-button\">Olvasson tov\u00e1bb&#8230;<span class=\"screen-reader-text\">Korona<\/span><\/span><\/a><\/p>\n","protected":false},"author":1,"featured_media":0,"parent":243,"menu_order":0,"comment_status":"closed","ping_status":"closed","template":"","meta":{"_exactmetrics_skip_tracking":false,"_exactmetrics_sitenote_active":false,"_exactmetrics_sitenote_note":"","_exactmetrics_sitenote_category":0,"footnotes":""},"class_list":["post-373","page","type-page","status-publish","hentry"],"yoast_head":"<!-- This site is optimized with the Yoast SEO plugin v24.7 - https:\/\/yoast.com\/wordpress\/plugins\/seo\/ -->\n<title>Korona - Tit\u00e1nDent<\/title>\n<meta name=\"robots\" content=\"index, follow, max-snippet:-1, max-image-preview:large, max-video-preview:-1\" \/>\n<link rel=\"canonical\" href=\"http:\/\/www.titandent.hu\/patient\/hu\/fogaszati-abece\/korona\/\" \/>\n<meta property=\"og:locale\" content=\"hu_HU\" \/>\n<meta property=\"og:type\" content=\"article\" \/>\n<meta property=\"og:title\" content=\"Korona - Tit\u00e1nDent\" \/>\n<meta property=\"og:description\" content=\"Ha a fog term\u00e9szetes koron\u00e1ja (ez a fognak a sz\u00e1jban l\u00e1that\u00f3 r\u00e9sz\u00e9t jelenti) szuvasod\u00e1s,t\u00f6r\u00e9s, kop\u00e1s vagy m\u00e1s ok miatt jelent\u0151sebb m\u00e9rt\u00e9kben hi\u00e1nyzik, azt mesters\u00e9ges v\u00e9d\u0151bor\u00edt\u00e1ssal \u00e1ll\u00edthatjuk helyre. Ennek a fogp\u00f3tl\u00e1snakOlvasson tov\u00e1bb...Korona\" \/>\n<meta property=\"og:url\" content=\"http:\/\/www.titandent.hu\/patient\/hu\/fogaszati-abece\/korona\/\" \/>\n<meta property=\"og:site_name\" content=\"Tit\u00e1nDent\" \/>\n<meta property=\"article:publisher\" content=\"https:\/\/www.facebook.com\/TitanDentFogaszatiKft\/\" \/>\n<meta property=\"article:modified_time\" content=\"2018-07-31T10:59:10+00:00\" \/>\n<meta property=\"og:image\" content=\"http:\/\/www.titandent.hu\/patient\/wp-content\/uploads\/2018\/07\/korona.png\" \/>\n<meta name=\"twitter:card\" content=\"summary_large_image\" \/>\n<meta name=\"twitter:site\" content=\"@dent_titan\" \/>\n<meta name=\"twitter:label1\" content=\"Becs\u00fclt olvas\u00e1si id\u0151\" \/>\n\t<meta name=\"twitter:data1\" content=\"1 perc\" \/>\n<script type=\"application\/ld+json\" class=\"yoast-schema-graph\">{\"@context\":\"https:\/\/schema.org\",\"@graph\":[{\"@type\":\"WebPage\",\"@id\":\"http:\/\/www.titandent.hu\/patient\/hu\/fogaszati-abece\/korona\/\",\"url\":\"http:\/\/www.titandent.hu\/patient\/hu\/fogaszati-abece\/korona\/\",\"name\":\"Korona - Tit\u00e1nDent\",\"isPartOf\":{\"@id\":\"http:\/\/www.titandent.hu\/patient\/hu\/#website\"},\"primaryImageOfPage\":{\"@id\":\"http:\/\/www.titandent.hu\/patient\/hu\/fogaszati-abece\/korona\/#primaryimage\"},\"image\":{\"@id\":\"http:\/\/www.titandent.hu\/patient\/hu\/fogaszati-abece\/korona\/#primaryimage\"},\"thumbnailUrl\":\"http:\/\/www.titandent.hu\/patient\/wp-content\/uploads\/2018\/07\/korona.png\",\"datePublished\":\"2018-07-31T08:24:34+00:00\",\"dateModified\":\"2018-07-31T10:59:10+00:00\",\"breadcrumb\":{\"@id\":\"http:\/\/www.titandent.hu\/patient\/hu\/fogaszati-abece\/korona\/#breadcrumb\"},\"inLanguage\":\"hu-HU\",\"potentialAction\":[{\"@type\":\"ReadAction\",\"target\":[\"http:\/\/www.titandent.hu\/patient\/hu\/fogaszati-abece\/korona\/\"]}]},{\"@type\":\"ImageObject\",\"inLanguage\":\"hu-HU\",\"@id\":\"http:\/\/www.titandent.hu\/patient\/hu\/fogaszati-abece\/korona\/#primaryimage\",\"url\":\"http:\/\/www.titandent.hu\/patient\/wp-content\/uploads\/2018\/07\/korona.png\",\"contentUrl\":\"http:\/\/www.titandent.hu\/patient\/wp-content\/uploads\/2018\/07\/korona.png\"},{\"@type\":\"BreadcrumbList\",\"@id\":\"http:\/\/www.titandent.hu\/patient\/hu\/fogaszati-abece\/korona\/#breadcrumb\",\"itemListElement\":[{\"@type\":\"ListItem\",\"position\":1,\"name\":\"Home\",\"item\":\"http:\/\/www.titandent.hu\/patient\/hu\/\"},{\"@type\":\"ListItem\",\"position\":2,\"name\":\"Fog\u00e1szati \u00c1B\u00e9C\u00e9\",\"item\":\"http:\/\/www.titandent.hu\/patient\/hu\/fogaszati-abece\/\"},{\"@type\":\"ListItem\",\"position\":3,\"name\":\"Korona\"}]},{\"@type\":\"WebSite\",\"@id\":\"http:\/\/www.titandent.hu\/patient\/hu\/#website\",\"url\":\"http:\/\/www.titandent.hu\/patient\/hu\/\",\"name\":\"Tit\u00e1nDent\",\"description\":\"\u00dcdv\u00f6z\u00f6lj\u00fck a Tit\u00e1nDent Fog\u00e1szati Rendel\u0151  honlapj\u00e1n!\",\"publisher\":{\"@id\":\"http:\/\/www.titandent.hu\/patient\/hu\/#organization\"},\"potentialAction\":[{\"@type\":\"SearchAction\",\"target\":{\"@type\":\"EntryPoint\",\"urlTemplate\":\"http:\/\/www.titandent.hu\/patient\/hu\/?s={search_term_string}\"},\"query-input\":{\"@type\":\"PropertyValueSpecification\",\"valueRequired\":true,\"valueName\":\"search_term_string\"}}],\"inLanguage\":\"hu-HU\"},{\"@type\":\"Organization\",\"@id\":\"http:\/\/www.titandent.hu\/patient\/hu\/#organization\",\"name\":\"Tit\u00e1nDent Kft.\",\"url\":\"http:\/\/www.titandent.hu\/patient\/hu\/\",\"logo\":{\"@type\":\"ImageObject\",\"inLanguage\":\"hu-HU\",\"@id\":\"http:\/\/www.titandent.hu\/patient\/hu\/#\/schema\/logo\/image\/\",\"url\":\"http:\/\/www.titandent.hu\/patient\/wp-content\/uploads\/2018\/07\/cropped-TitanDent_logo-v11x.svg-m\u00e1solata-3.png\",\"contentUrl\":\"http:\/\/www.titandent.hu\/patient\/wp-content\/uploads\/2018\/07\/cropped-TitanDent_logo-v11x.svg-m\u00e1solata-3.png\",\"width\":225,\"height\":225,\"caption\":\"Tit\u00e1nDent Kft.\"},\"image\":{\"@id\":\"http:\/\/www.titandent.hu\/patient\/hu\/#\/schema\/logo\/image\/\"},\"sameAs\":[\"https:\/\/www.facebook.com\/TitanDentFogaszatiKft\/\",\"https:\/\/x.com\/dent_titan\"]}]}<\/script>\n<!-- \/ Yoast SEO plugin. -->","yoast_head_json":{"title":"Korona - Tit\u00e1nDent","robots":{"index":"index","follow":"follow","max-snippet":"max-snippet:-1","max-image-preview":"max-image-preview:large","max-video-preview":"max-video-preview:-1"},"canonical":"http:\/\/www.titandent.hu\/patient\/hu\/fogaszati-abece\/korona\/","og_locale":"hu_HU","og_type":"article","og_title":"Korona - Tit\u00e1nDent","og_description":"Ha a fog term\u00e9szetes koron\u00e1ja (ez a fognak a sz\u00e1jban l\u00e1that\u00f3 r\u00e9sz\u00e9t jelenti) szuvasod\u00e1s,t\u00f6r\u00e9s, kop\u00e1s vagy m\u00e1s ok miatt jelent\u0151sebb m\u00e9rt\u00e9kben hi\u00e1nyzik, azt mesters\u00e9ges v\u00e9d\u0151bor\u00edt\u00e1ssal \u00e1ll\u00edthatjuk helyre. Ennek a fogp\u00f3tl\u00e1snakOlvasson tov\u00e1bb...Korona","og_url":"http:\/\/www.titandent.hu\/patient\/hu\/fogaszati-abece\/korona\/","og_site_name":"Tit\u00e1nDent","article_publisher":"https:\/\/www.facebook.com\/TitanDentFogaszatiKft\/","article_modified_time":"2018-07-31T10:59:10+00:00","og_image":[{"url":"http:\/\/www.titandent.hu\/patient\/wp-content\/uploads\/2018\/07\/korona.png","type":"","width":"","height":""}],"twitter_card":"summary_large_image","twitter_site":"@dent_titan","twitter_misc":{"Becs\u00fclt olvas\u00e1si id\u0151":"1 perc"},"schema":{"@context":"https:\/\/schema.org","@graph":[{"@type":"WebPage","@id":"http:\/\/www.titandent.hu\/patient\/hu\/fogaszati-abece\/korona\/","url":"http:\/\/www.titandent.hu\/patient\/hu\/fogaszati-abece\/korona\/","name":"Korona - Tit\u00e1nDent","isPartOf":{"@id":"http:\/\/www.titandent.hu\/patient\/hu\/#website"},"primaryImageOfPage":{"@id":"http:\/\/www.titandent.hu\/patient\/hu\/fogaszati-abece\/korona\/#primaryimage"},"image":{"@id":"http:\/\/www.titandent.hu\/patient\/hu\/fogaszati-abece\/korona\/#primaryimage"},"thumbnailUrl":"http:\/\/www.titandent.hu\/patient\/wp-content\/uploads\/2018\/07\/korona.png","datePublished":"2018-07-31T08:24:34+00:00","dateModified":"2018-07-31T10:59:10+00:00","breadcrumb":{"@id":"http:\/\/www.titandent.hu\/patient\/hu\/fogaszati-abece\/korona\/#breadcrumb"},"inLanguage":"hu-HU","potentialAction":[{"@type":"ReadAction","target":["http:\/\/www.titandent.hu\/patient\/hu\/fogaszati-abece\/korona\/"]}]},{"@type":"ImageObject","inLanguage":"hu-HU","@id":"http:\/\/www.titandent.hu\/patient\/hu\/fogaszati-abece\/korona\/#primaryimage","url":"http:\/\/www.titandent.hu\/patient\/wp-content\/uploads\/2018\/07\/korona.png","contentUrl":"http:\/\/www.titandent.hu\/patient\/wp-content\/uploads\/2018\/07\/korona.png"},{"@type":"BreadcrumbList","@id":"http:\/\/www.titandent.hu\/patient\/hu\/fogaszati-abece\/korona\/#breadcrumb","itemListElement":[{"@type":"ListItem","position":1,"name":"Home","item":"http:\/\/www.titandent.hu\/patient\/hu\/"},{"@type":"ListItem","position":2,"name":"Fog\u00e1szati \u00c1B\u00e9C\u00e9","item":"http:\/\/www.titandent.hu\/patient\/hu\/fogaszati-abece\/"},{"@type":"ListItem","position":3,"name":"Korona"}]},{"@type":"WebSite","@id":"http:\/\/www.titandent.hu\/patient\/hu\/#website","url":"http:\/\/www.titandent.hu\/patient\/hu\/","name":"Tit\u00e1nDent","description":"\u00dcdv\u00f6z\u00f6lj\u00fck a Tit\u00e1nDent Fog\u00e1szati Rendel\u0151  honlapj\u00e1n!","publisher":{"@id":"http:\/\/www.titandent.hu\/patient\/hu\/#organization"},"potentialAction":[{"@type":"SearchAction","target":{"@type":"EntryPoint","urlTemplate":"http:\/\/www.titandent.hu\/patient\/hu\/?s={search_term_string}"},"query-input":{"@type":"PropertyValueSpecification","valueRequired":true,"valueName":"search_term_string"}}],"inLanguage":"hu-HU"},{"@type":"Organization","@id":"http:\/\/www.titandent.hu\/patient\/hu\/#organization","name":"Tit\u00e1nDent Kft.","url":"http:\/\/www.titandent.hu\/patient\/hu\/","logo":{"@type":"ImageObject","inLanguage":"hu-HU","@id":"http:\/\/www.titandent.hu\/patient\/hu\/#\/schema\/logo\/image\/","url":"http:\/\/www.titandent.hu\/patient\/wp-content\/uploads\/2018\/07\/cropped-TitanDent_logo-v11x.svg-m\u00e1solata-3.png","contentUrl":"http:\/\/www.titandent.hu\/patient\/wp-content\/uploads\/2018\/07\/cropped-TitanDent_logo-v11x.svg-m\u00e1solata-3.png","width":225,"height":225,"caption":"Tit\u00e1nDent Kft."},"image":{"@id":"http:\/\/www.titandent.hu\/patient\/hu\/#\/schema\/logo\/image\/"},"sameAs":["https:\/\/www.facebook.com\/TitanDentFogaszatiKft\/","https:\/\/x.com\/dent_titan"]}]}},"_links":{"self":[{"href":"http:\/\/www.titandent.hu\/patient\/hu\/wp-json\/wp\/v2\/pages\/373","targetHints":{"allow":["GET"]}}],"collection":[{"href":"http:\/\/www.titandent.hu\/patient\/hu\/wp-json\/wp\/v2\/pages"}],"about":[{"href":"http:\/\/www.titandent.hu\/patient\/hu\/wp-json\/wp\/v2\/types\/page"}],"author":[{"embeddable":true,"href":"http:\/\/www.titandent.hu\/patient\/hu\/wp-json\/wp\/v2\/users\/1"}],"replies":[{"embeddable":true,"href":"http:\/\/www.titandent.hu\/patient\/hu\/wp-json\/wp\/v2\/comments?post=373"}],"version-history":[{"count":2,"href":"http:\/\/www.titandent.hu\/patient\/hu\/wp-json\/wp\/v2\/pages\/373\/revisions"}],"predecessor-version":[{"id":545,"href":"http:\/\/www.titandent.hu\/patient\/hu\/wp-json\/wp\/v2\/pages\/373\/revisions\/545"}],"up":[{"embeddable":true,"href":"http:\/\/www.titandent.hu\/patient\/hu\/wp-json\/wp\/v2\/pages\/243"}],"wp:attachment":[{"href":"http:\/\/www.titandent.hu\/patient\/hu\/wp-json\/wp\/v2\/media?parent=373"}],"curies":[{"name":"wp","href":"https:\/\/api.w.org\/{rel}","templated":true}]}}