{"id":377,"date":"2018-07-31T08:24:48","date_gmt":"2018-07-31T08:24:48","guid":{"rendered":"http:\/\/www.titandent.hu\/patient\/?page_id=377"},"modified":"2018-08-24T07:47:34","modified_gmt":"2018-08-24T07:47:34","slug":"porcelan-hej","status":"publish","type":"page","link":"http:\/\/www.titandent.hu\/patient\/hu\/fogaszati-abece\/porcelan-hej\/","title":{"rendered":"Porcel\u00e1n h\u00e9j"},"content":{"rendered":"<p><span style=\"font-size: 16px;\">A porcel\u00e1n h\u00e9jakat gyakran haszn\u00e1lt m\u00e1sik megnevez\u00e9se a porcel\u00e1n fazetta.<img fetchpriority=\"high\" decoding=\"async\" class=\"size-full wp-image-547 alignright\" src=\"http:\/\/www.titandent.hu\/patient\/wp-content\/uploads\/2018\/07\/porcelan_hej.png\" alt=\"\" width=\"500\" height=\"150\" srcset=\"http:\/\/www.titandent.hu\/patient\/wp-content\/uploads\/2018\/07\/porcelan_hej.png 500w, http:\/\/www.titandent.hu\/patient\/wp-content\/uploads\/2018\/07\/porcelan_hej-300x90.png 300w, http:\/\/www.titandent.hu\/patient\/wp-content\/uploads\/2018\/07\/porcelan_hej-100x30.png 100w\" sizes=\"(max-width: 500px) 100vw, 500px\" \/><\/span><\/p>\n<p><span style=\"font-size: 16px;\">A\u00a0porcel\u00e1n h\u00e9jat legt\u00f6bbsz\u00f6r sz\u00e9p\u00e9szeti okb\u00f3l k\u00e9sz\u00edtj\u00fck.<\/span><\/p>\n<p><span style=\"font-size: 16px;\">Indokolhatja az el\u00fcls\u0151 fogak \u00e9l\u00e9nek lepattan\u00e1sa, esetleg a fogak cs\u00fanya elsz\u00ednez\u0151d\u00e9se. A h\u00e9j mind ezeket elfedi, a fog alakj\u00e1t helyre\u00e1ll\u00edtja.<\/span><\/p>\n<p><span style=\"font-size: 16px;\">Az el\u0151k\u00e9sz\u00edtett fognak csak az el\u00fcls\u0151 felsz\u00edn\u00e9t bor\u00edtja be.<\/span><\/p>\n","protected":false},"excerpt":{"rendered":"<p>A porcel\u00e1n h\u00e9jakat gyakran haszn\u00e1lt m\u00e1sik megnevez\u00e9se a porcel\u00e1n fazetta. A\u00a0porcel\u00e1n h\u00e9jat legt\u00f6bbsz\u00f6r sz\u00e9p\u00e9szeti okb\u00f3l k\u00e9sz\u00edtj\u00fck. Indokolhatja az el\u00fcls\u0151 fogak \u00e9l\u00e9nek lepattan\u00e1sa, esetleg a fogak cs\u00fanya elsz\u00ednez\u0151d\u00e9se. A h\u00e9j mind<a href=\"http:\/\/www.titandent.hu\/patient\/hu\/fogaszati-abece\/porcelan-hej\/\" class=\"more-link\"><span class=\"more-button\">Olvasson tov\u00e1bb&#8230;<span class=\"screen-reader-text\">Porcel\u00e1n h\u00e9j<\/span><\/span><\/a><\/p>\n","protected":false},"author":1,"featured_media":0,"parent":243,"menu_order":0,"comment_status":"closed","ping_status":"closed","template":"","meta":{"_exactmetrics_skip_tracking":false,"_exactmetrics_sitenote_active":false,"_exactmetrics_sitenote_note":"","_exactmetrics_sitenote_category":0,"footnotes":""},"class_list":["post-377","page","type-page","status-publish","hentry"],"yoast_head":"<!-- This site is optimized with the Yoast SEO plugin v24.7 - https:\/\/yoast.com\/wordpress\/plugins\/seo\/ -->\n<title>Porcel\u00e1n h\u00e9j - Tit\u00e1nDent<\/title>\n<meta name=\"robots\" content=\"index, follow, max-snippet:-1, max-image-preview:large, max-video-preview:-1\" \/>\n<link rel=\"canonical\" href=\"http:\/\/www.titandent.hu\/patient\/hu\/fogaszati-abece\/porcelan-hej\/\" \/>\n<meta property=\"og:locale\" content=\"hu_HU\" \/>\n<meta property=\"og:type\" content=\"article\" \/>\n<meta property=\"og:title\" content=\"Porcel\u00e1n h\u00e9j - Tit\u00e1nDent\" \/>\n<meta property=\"og:description\" content=\"A porcel\u00e1n h\u00e9jakat gyakran haszn\u00e1lt m\u00e1sik megnevez\u00e9se a porcel\u00e1n fazetta. A\u00a0porcel\u00e1n h\u00e9jat legt\u00f6bbsz\u00f6r sz\u00e9p\u00e9szeti okb\u00f3l k\u00e9sz\u00edtj\u00fck. Indokolhatja az el\u00fcls\u0151 fogak \u00e9l\u00e9nek lepattan\u00e1sa, esetleg a fogak cs\u00fanya elsz\u00ednez\u0151d\u00e9se. A h\u00e9j mindOlvasson tov\u00e1bb...Porcel\u00e1n h\u00e9j\" \/>\n<meta property=\"og:url\" content=\"http:\/\/www.titandent.hu\/patient\/hu\/fogaszati-abece\/porcelan-hej\/\" \/>\n<meta property=\"og:site_name\" content=\"Tit\u00e1nDent\" \/>\n<meta property=\"article:publisher\" content=\"https:\/\/www.facebook.com\/TitanDentFogaszatiKft\/\" \/>\n<meta property=\"article:modified_time\" content=\"2018-08-24T07:47:34+00:00\" \/>\n<meta property=\"og:image\" content=\"http:\/\/www.titandent.hu\/patient\/wp-content\/uploads\/2018\/07\/porcelan_hej.png\" \/>\n<meta name=\"twitter:card\" content=\"summary_large_image\" \/>\n<meta name=\"twitter:site\" content=\"@dent_titan\" \/>\n<script type=\"application\/ld+json\" class=\"yoast-schema-graph\">{\"@context\":\"https:\/\/schema.org\",\"@graph\":[{\"@type\":\"WebPage\",\"@id\":\"http:\/\/www.titandent.hu\/patient\/hu\/fogaszati-abece\/porcelan-hej\/\",\"url\":\"http:\/\/www.titandent.hu\/patient\/hu\/fogaszati-abece\/porcelan-hej\/\",\"name\":\"Porcel\u00e1n h\u00e9j - Tit\u00e1nDent\",\"isPartOf\":{\"@id\":\"http:\/\/www.titandent.hu\/patient\/hu\/#website\"},\"primaryImageOfPage\":{\"@id\":\"http:\/\/www.titandent.hu\/patient\/hu\/fogaszati-abece\/porcelan-hej\/#primaryimage\"},\"image\":{\"@id\":\"http:\/\/www.titandent.hu\/patient\/hu\/fogaszati-abece\/porcelan-hej\/#primaryimage\"},\"thumbnailUrl\":\"http:\/\/www.titandent.hu\/patient\/wp-content\/uploads\/2018\/07\/porcelan_hej.png\",\"datePublished\":\"2018-07-31T08:24:48+00:00\",\"dateModified\":\"2018-08-24T07:47:34+00:00\",\"breadcrumb\":{\"@id\":\"http:\/\/www.titandent.hu\/patient\/hu\/fogaszati-abece\/porcelan-hej\/#breadcrumb\"},\"inLanguage\":\"hu-HU\",\"potentialAction\":[{\"@type\":\"ReadAction\",\"target\":[\"http:\/\/www.titandent.hu\/patient\/hu\/fogaszati-abece\/porcelan-hej\/\"]}]},{\"@type\":\"ImageObject\",\"inLanguage\":\"hu-HU\",\"@id\":\"http:\/\/www.titandent.hu\/patient\/hu\/fogaszati-abece\/porcelan-hej\/#primaryimage\",\"url\":\"http:\/\/www.titandent.hu\/patient\/wp-content\/uploads\/2018\/07\/porcelan_hej.png\",\"contentUrl\":\"http:\/\/www.titandent.hu\/patient\/wp-content\/uploads\/2018\/07\/porcelan_hej.png\"},{\"@type\":\"BreadcrumbList\",\"@id\":\"http:\/\/www.titandent.hu\/patient\/hu\/fogaszati-abece\/porcelan-hej\/#breadcrumb\",\"itemListElement\":[{\"@type\":\"ListItem\",\"position\":1,\"name\":\"Home\",\"item\":\"http:\/\/www.titandent.hu\/patient\/hu\/\"},{\"@type\":\"ListItem\",\"position\":2,\"name\":\"Fog\u00e1szati \u00c1B\u00e9C\u00e9\",\"item\":\"http:\/\/www.titandent.hu\/patient\/hu\/fogaszati-abece\/\"},{\"@type\":\"ListItem\",\"position\":3,\"name\":\"Porcel\u00e1n h\u00e9j\"}]},{\"@type\":\"WebSite\",\"@id\":\"http:\/\/www.titandent.hu\/patient\/hu\/#website\",\"url\":\"http:\/\/www.titandent.hu\/patient\/hu\/\",\"name\":\"Tit\u00e1nDent\",\"description\":\"\u00dcdv\u00f6z\u00f6lj\u00fck a Tit\u00e1nDent Fog\u00e1szati Rendel\u0151  honlapj\u00e1n!\",\"publisher\":{\"@id\":\"http:\/\/www.titandent.hu\/patient\/hu\/#organization\"},\"potentialAction\":[{\"@type\":\"SearchAction\",\"target\":{\"@type\":\"EntryPoint\",\"urlTemplate\":\"http:\/\/www.titandent.hu\/patient\/hu\/?s={search_term_string}\"},\"query-input\":{\"@type\":\"PropertyValueSpecification\",\"valueRequired\":true,\"valueName\":\"search_term_string\"}}],\"inLanguage\":\"hu-HU\"},{\"@type\":\"Organization\",\"@id\":\"http:\/\/www.titandent.hu\/patient\/hu\/#organization\",\"name\":\"Tit\u00e1nDent Kft.\",\"url\":\"http:\/\/www.titandent.hu\/patient\/hu\/\",\"logo\":{\"@type\":\"ImageObject\",\"inLanguage\":\"hu-HU\",\"@id\":\"http:\/\/www.titandent.hu\/patient\/hu\/#\/schema\/logo\/image\/\",\"url\":\"http:\/\/www.titandent.hu\/patient\/wp-content\/uploads\/2018\/07\/cropped-TitanDent_logo-v11x.svg-m\u00e1solata-3.png\",\"contentUrl\":\"http:\/\/www.titandent.hu\/patient\/wp-content\/uploads\/2018\/07\/cropped-TitanDent_logo-v11x.svg-m\u00e1solata-3.png\",\"width\":225,\"height\":225,\"caption\":\"Tit\u00e1nDent Kft.\"},\"image\":{\"@id\":\"http:\/\/www.titandent.hu\/patient\/hu\/#\/schema\/logo\/image\/\"},\"sameAs\":[\"https:\/\/www.facebook.com\/TitanDentFogaszatiKft\/\",\"https:\/\/x.com\/dent_titan\"]}]}<\/script>\n<!-- \/ Yoast SEO plugin. -->","yoast_head_json":{"title":"Porcel\u00e1n h\u00e9j - Tit\u00e1nDent","robots":{"index":"index","follow":"follow","max-snippet":"max-snippet:-1","max-image-preview":"max-image-preview:large","max-video-preview":"max-video-preview:-1"},"canonical":"http:\/\/www.titandent.hu\/patient\/hu\/fogaszati-abece\/porcelan-hej\/","og_locale":"hu_HU","og_type":"article","og_title":"Porcel\u00e1n h\u00e9j - Tit\u00e1nDent","og_description":"A porcel\u00e1n h\u00e9jakat gyakran haszn\u00e1lt m\u00e1sik megnevez\u00e9se a porcel\u00e1n fazetta. A\u00a0porcel\u00e1n h\u00e9jat legt\u00f6bbsz\u00f6r sz\u00e9p\u00e9szeti okb\u00f3l k\u00e9sz\u00edtj\u00fck. Indokolhatja az el\u00fcls\u0151 fogak \u00e9l\u00e9nek lepattan\u00e1sa, esetleg a fogak cs\u00fanya elsz\u00ednez\u0151d\u00e9se. A h\u00e9j mindOlvasson tov\u00e1bb...Porcel\u00e1n h\u00e9j","og_url":"http:\/\/www.titandent.hu\/patient\/hu\/fogaszati-abece\/porcelan-hej\/","og_site_name":"Tit\u00e1nDent","article_publisher":"https:\/\/www.facebook.com\/TitanDentFogaszatiKft\/","article_modified_time":"2018-08-24T07:47:34+00:00","og_image":[{"url":"http:\/\/www.titandent.hu\/patient\/wp-content\/uploads\/2018\/07\/porcelan_hej.png","type":"","width":"","height":""}],"twitter_card":"summary_large_image","twitter_site":"@dent_titan","schema":{"@context":"https:\/\/schema.org","@graph":[{"@type":"WebPage","@id":"http:\/\/www.titandent.hu\/patient\/hu\/fogaszati-abece\/porcelan-hej\/","url":"http:\/\/www.titandent.hu\/patient\/hu\/fogaszati-abece\/porcelan-hej\/","name":"Porcel\u00e1n h\u00e9j - Tit\u00e1nDent","isPartOf":{"@id":"http:\/\/www.titandent.hu\/patient\/hu\/#website"},"primaryImageOfPage":{"@id":"http:\/\/www.titandent.hu\/patient\/hu\/fogaszati-abece\/porcelan-hej\/#primaryimage"},"image":{"@id":"http:\/\/www.titandent.hu\/patient\/hu\/fogaszati-abece\/porcelan-hej\/#primaryimage"},"thumbnailUrl":"http:\/\/www.titandent.hu\/patient\/wp-content\/uploads\/2018\/07\/porcelan_hej.png","datePublished":"2018-07-31T08:24:48+00:00","dateModified":"2018-08-24T07:47:34+00:00","breadcrumb":{"@id":"http:\/\/www.titandent.hu\/patient\/hu\/fogaszati-abece\/porcelan-hej\/#breadcrumb"},"inLanguage":"hu-HU","potentialAction":[{"@type":"ReadAction","target":["http:\/\/www.titandent.hu\/patient\/hu\/fogaszati-abece\/porcelan-hej\/"]}]},{"@type":"ImageObject","inLanguage":"hu-HU","@id":"http:\/\/www.titandent.hu\/patient\/hu\/fogaszati-abece\/porcelan-hej\/#primaryimage","url":"http:\/\/www.titandent.hu\/patient\/wp-content\/uploads\/2018\/07\/porcelan_hej.png","contentUrl":"http:\/\/www.titandent.hu\/patient\/wp-content\/uploads\/2018\/07\/porcelan_hej.png"},{"@type":"BreadcrumbList","@id":"http:\/\/www.titandent.hu\/patient\/hu\/fogaszati-abece\/porcelan-hej\/#breadcrumb","itemListElement":[{"@type":"ListItem","position":1,"name":"Home","item":"http:\/\/www.titandent.hu\/patient\/hu\/"},{"@type":"ListItem","position":2,"name":"Fog\u00e1szati \u00c1B\u00e9C\u00e9","item":"http:\/\/www.titandent.hu\/patient\/hu\/fogaszati-abece\/"},{"@type":"ListItem","position":3,"name":"Porcel\u00e1n h\u00e9j"}]},{"@type":"WebSite","@id":"http:\/\/www.titandent.hu\/patient\/hu\/#website","url":"http:\/\/www.titandent.hu\/patient\/hu\/","name":"Tit\u00e1nDent","description":"\u00dcdv\u00f6z\u00f6lj\u00fck a Tit\u00e1nDent Fog\u00e1szati Rendel\u0151  honlapj\u00e1n!","publisher":{"@id":"http:\/\/www.titandent.hu\/patient\/hu\/#organization"},"potentialAction":[{"@type":"SearchAction","target":{"@type":"EntryPoint","urlTemplate":"http:\/\/www.titandent.hu\/patient\/hu\/?s={search_term_string}"},"query-input":{"@type":"PropertyValueSpecification","valueRequired":true,"valueName":"search_term_string"}}],"inLanguage":"hu-HU"},{"@type":"Organization","@id":"http:\/\/www.titandent.hu\/patient\/hu\/#organization","name":"Tit\u00e1nDent Kft.","url":"http:\/\/www.titandent.hu\/patient\/hu\/","logo":{"@type":"ImageObject","inLanguage":"hu-HU","@id":"http:\/\/www.titandent.hu\/patient\/hu\/#\/schema\/logo\/image\/","url":"http:\/\/www.titandent.hu\/patient\/wp-content\/uploads\/2018\/07\/cropped-TitanDent_logo-v11x.svg-m\u00e1solata-3.png","contentUrl":"http:\/\/www.titandent.hu\/patient\/wp-content\/uploads\/2018\/07\/cropped-TitanDent_logo-v11x.svg-m\u00e1solata-3.png","width":225,"height":225,"caption":"Tit\u00e1nDent Kft."},"image":{"@id":"http:\/\/www.titandent.hu\/patient\/hu\/#\/schema\/logo\/image\/"},"sameAs":["https:\/\/www.facebook.com\/TitanDentFogaszatiKft\/","https:\/\/x.com\/dent_titan"]}]}},"_links":{"self":[{"href":"http:\/\/www.titandent.hu\/patient\/hu\/wp-json\/wp\/v2\/pages\/377","targetHints":{"allow":["GET"]}}],"collection":[{"href":"http:\/\/www.titandent.hu\/patient\/hu\/wp-json\/wp\/v2\/pages"}],"about":[{"href":"http:\/\/www.titandent.hu\/patient\/hu\/wp-json\/wp\/v2\/types\/page"}],"author":[{"embeddable":true,"href":"http:\/\/www.titandent.hu\/patient\/hu\/wp-json\/wp\/v2\/users\/1"}],"replies":[{"embeddable":true,"href":"http:\/\/www.titandent.hu\/patient\/hu\/wp-json\/wp\/v2\/comments?post=377"}],"version-history":[{"count":3,"href":"http:\/\/www.titandent.hu\/patient\/hu\/wp-json\/wp\/v2\/pages\/377\/revisions"}],"predecessor-version":[{"id":693,"href":"http:\/\/www.titandent.hu\/patient\/hu\/wp-json\/wp\/v2\/pages\/377\/revisions\/693"}],"up":[{"embeddable":true,"href":"http:\/\/www.titandent.hu\/patient\/hu\/wp-json\/wp\/v2\/pages\/243"}],"wp:attachment":[{"href":"http:\/\/www.titandent.hu\/patient\/hu\/wp-json\/wp\/v2\/media?parent=377"}],"curies":[{"name":"wp","href":"https:\/\/api.w.org\/{rel}","templated":true}]}}