{"id":695,"date":"2018-08-24T07:58:54","date_gmt":"2018-08-24T07:58:54","guid":{"rendered":"http:\/\/www.titandent.hu\/patient\/hu\/?page_id=695"},"modified":"2019-02-04T09:14:23","modified_gmt":"2019-02-04T09:14:23","slug":"dr-nemeth-zsolt-foorvos","status":"publish","type":"page","link":"http:\/\/www.titandent.hu\/patient\/hu\/dr-nemeth-zsolt-foorvos\/","title":{"rendered":"Dr. N\u00e9meth Zsolt f\u0151orvos"},"content":{"rendered":"\t\t<div data-elementor-type=\"wp-post\" data-elementor-id=\"695\" class=\"elementor elementor-695 elementor-bc-flex-widget\">\n\t\t\t\t\t\t<section class=\"elementor-section elementor-top-section elementor-element elementor-element-deca229 elementor-section-boxed elementor-section-height-default elementor-section-height-default\" data-id=\"deca229\" data-element_type=\"section\">\n\t\t\t\t\t\t<div class=\"elementor-container elementor-column-gap-default\">\n\t\t\t\t\t<div class=\"elementor-column elementor-col-100 elementor-top-column elementor-element elementor-element-67dd21da\" data-id=\"67dd21da\" data-element_type=\"column\">\n\t\t\t<div class=\"elementor-widget-wrap elementor-element-populated\">\n\t\t\t\t\t\t<section class=\"elementor-section elementor-inner-section elementor-element elementor-element-34f14a1 elementor-section-boxed elementor-section-height-default elementor-section-height-default\" data-id=\"34f14a1\" data-element_type=\"section\">\n\t\t\t\t\t\t<div class=\"elementor-container elementor-column-gap-default\">\n\t\t\t\t\t<div class=\"elementor-column elementor-col-66 elementor-inner-column elementor-element elementor-element-05479ec\" data-id=\"05479ec\" data-element_type=\"column\">\n\t\t\t<div class=\"elementor-widget-wrap elementor-element-populated\">\n\t\t\t\t\t\t<div class=\"elementor-element elementor-element-f29dd10 elementor-widget elementor-widget-text-editor\" data-id=\"f29dd10\" data-element_type=\"widget\" data-widget_type=\"text-editor.default\">\n\t\t\t\t<div class=\"elementor-widget-container\">\n\t\t\t\t\t\t\t\t\t<p><span style=\"font-size: 20px;\"><strong>Dr. N\u00e9meth Zsolt f\u0151orvos<\/strong><\/span><br \/><span style=\"font-size: 16px;\">fog- \u00e9s sz\u00e1jbetegs\u00e9gek szakorvosa<\/span><br \/><span style=\"font-size: 16px;\">sz\u00e1jseb\u00e9sz<\/span><br \/><span style=\"font-size: 16px;\">dento-alveol\u00e1ris (fog- \u00e9s \u00e1llcsont) seb\u00e9sz<\/span><br \/><br \/><span style=\"font-size: 16px;\">E-mail: dr.nemeth@titandent.hu<br \/>Tel.: +36 (30) 95-47-159<\/span><\/p>\t\t\t\t\t\t\t\t<\/div>\n\t\t\t\t<\/div>\n\t\t\t\t\t<\/div>\n\t\t<\/div>\n\t\t\t\t<div class=\"elementor-column elementor-col-33 elementor-inner-column elementor-element elementor-element-d6f0cbe\" data-id=\"d6f0cbe\" data-element_type=\"column\">\n\t\t\t<div class=\"elementor-widget-wrap elementor-element-populated\">\n\t\t\t\t\t\t<div class=\"elementor-element elementor-element-7fb1f10 elementor-widget elementor-widget-image\" data-id=\"7fb1f10\" data-element_type=\"widget\" data-widget_type=\"image.default\">\n\t\t\t\t<div class=\"elementor-widget-container\">\n\t\t\t\t\t\t\t\t\t\t\t\t\t\t\t<img fetchpriority=\"high\" decoding=\"async\" width=\"300\" height=\"225\" src=\"http:\/\/www.titandent.hu\/patient\/wp-content\/uploads\/2019\/02\/l_nemeth_zsolt_dentist_hungary.jpg\" class=\"attachment-large size-large wp-image-727\" alt=\"\" srcset=\"http:\/\/www.titandent.hu\/patient\/wp-content\/uploads\/2019\/02\/l_nemeth_zsolt_dentist_hungary.jpg 300w, http:\/\/www.titandent.hu\/patient\/wp-content\/uploads\/2019\/02\/l_nemeth_zsolt_dentist_hungary-100x75.jpg 100w\" sizes=\"(max-width: 300px) 100vw, 300px\" \/>\t\t\t\t\t\t\t\t\t\t\t\t\t\t\t<\/div>\n\t\t\t\t<\/div>\n\t\t\t\t\t<\/div>\n\t\t<\/div>\n\t\t\t\t\t<\/div>\n\t\t<\/section>\n\t\t\t\t<section class=\"elementor-section elementor-inner-section elementor-element elementor-element-71c7381 elementor-section-boxed elementor-section-height-default elementor-section-height-default\" data-id=\"71c7381\" data-element_type=\"section\">\n\t\t\t\t\t\t<div class=\"elementor-container elementor-column-gap-default\">\n\t\t\t\t\t<div class=\"elementor-column elementor-col-66 elementor-inner-column elementor-element elementor-element-8b985d1\" data-id=\"8b985d1\" data-element_type=\"column\">\n\t\t\t<div class=\"elementor-widget-wrap elementor-element-populated\">\n\t\t\t\t\t\t<div class=\"elementor-element elementor-element-2cd0c05 elementor-widget elementor-widget-text-editor\" data-id=\"2cd0c05\" data-element_type=\"widget\" data-widget_type=\"text-editor.default\">\n\t\t\t\t<div class=\"elementor-widget-container\">\n\t\t\t\t\t\t\t\t\t<p><strong>Szakmai jellemz\u0151k:<\/strong><\/p>\n<ul>\n<li>A budapesti Szt. Margit K\u00f3rh\u00e1z Fog\u00e1szat-Sz\u00e1jseb\u00e9szeti oszt\u00e1ly\u00e1n <br \/>10 \u00e9ves oszt\u00e1lyvezet\u0151 f\u0151orvosi gyakorlat<\/li>\n<li>Alap\u00edt\u00f3 tagja a Magyar Csontintegr\u00e1ci\u00f3s Koll\u00e9giumnak<\/li>\n<li>12 \u00e9ven kereszt\u00fcl titk\u00e1ra a Magyar Fogorvosok Implantol\u00f3giai T\u00e1rsas\u00e1g\u00e1nak (MAFIT)<\/li>\n<li>A BEGO Semados fog\u00e1szati implantol\u00f3giai klub szakmai szervez\u0151je<\/li>\n<li>Sz\u00e1mos cikk \u00e9s el\u0151ad\u00e1s szakmai foly\u00f3iratokban \u00e9s rendezv\u00e9nyeken<\/li>\n<li>K\u00e9t fog\u00e1szati szakmai k\u00f6nyv t\u00e1rsszerz\u0151je<\/li>\n<\/ul>\t\t\t\t\t\t\t\t<\/div>\n\t\t\t\t<\/div>\n\t\t\t\t\t<\/div>\n\t\t<\/div>\n\t\t\t\t<div class=\"elementor-column elementor-col-33 elementor-inner-column elementor-element elementor-element-299331c\" data-id=\"299331c\" data-element_type=\"column\">\n\t\t\t<div class=\"elementor-widget-wrap elementor-element-populated\">\n\t\t\t\t\t\t<div class=\"elementor-element elementor-element-2517569 elementor-widget elementor-widget-spacer\" data-id=\"2517569\" data-element_type=\"widget\" data-widget_type=\"spacer.default\">\n\t\t\t\t<div class=\"elementor-widget-container\">\n\t\t\t\t\t\t\t<div class=\"elementor-spacer\">\n\t\t\t<div class=\"elementor-spacer-inner\"><\/div>\n\t\t<\/div>\n\t\t\t\t\t\t<\/div>\n\t\t\t\t<\/div>\n\t\t\t\t<div class=\"elementor-element elementor-element-bf87c31 elementor-widget elementor-widget-image\" data-id=\"bf87c31\" data-element_type=\"widget\" data-widget_type=\"image.default\">\n\t\t\t\t<div class=\"elementor-widget-container\">\n\t\t\t\t\t\t\t\t\t\t\t\t\t\t\t<img decoding=\"async\" width=\"283\" height=\"212\" src=\"http:\/\/www.titandent.hu\/patient\/wp-content\/uploads\/2019\/02\/nemeth_zsolt_fogorvos-1.jpg\" class=\"attachment-large size-large wp-image-729\" alt=\"\" srcset=\"http:\/\/www.titandent.hu\/patient\/wp-content\/uploads\/2019\/02\/nemeth_zsolt_fogorvos-1.jpg 283w, http:\/\/www.titandent.hu\/patient\/wp-content\/uploads\/2019\/02\/nemeth_zsolt_fogorvos-1-100x75.jpg 100w\" sizes=\"(max-width: 283px) 100vw, 283px\" \/>\t\t\t\t\t\t\t\t\t\t\t\t\t\t\t<\/div>\n\t\t\t\t<\/div>\n\t\t\t\t\t<\/div>\n\t\t<\/div>\n\t\t\t\t\t<\/div>\n\t\t<\/section>\n\t\t\t\t<section class=\"elementor-section elementor-inner-section elementor-element elementor-element-e4fdfa9 elementor-section-boxed elementor-section-height-default elementor-section-height-default\" data-id=\"e4fdfa9\" data-element_type=\"section\">\n\t\t\t\t\t\t<div class=\"elementor-container elementor-column-gap-default\">\n\t\t\t\t\t<div class=\"elementor-column elementor-col-33 elementor-inner-column elementor-element elementor-element-2584c42\" data-id=\"2584c42\" data-element_type=\"column\">\n\t\t\t<div class=\"elementor-widget-wrap elementor-element-populated\">\n\t\t\t\t\t\t<div class=\"elementor-element elementor-element-acdaf0b elementor-widget elementor-widget-image\" data-id=\"acdaf0b\" data-element_type=\"widget\" data-widget_type=\"image.default\">\n\t\t\t\t<div class=\"elementor-widget-container\">\n\t\t\t\t\t\t\t\t\t\t\t\t\t\t\t<img decoding=\"async\" width=\"150\" height=\"200\" src=\"http:\/\/www.titandent.hu\/patient\/wp-content\/uploads\/2019\/02\/dr_nemeth_zsolt_ig-kep.jpg\" class=\"attachment-large size-large wp-image-731\" alt=\"\" srcset=\"http:\/\/www.titandent.hu\/patient\/wp-content\/uploads\/2019\/02\/dr_nemeth_zsolt_ig-kep.jpg 150w, http:\/\/www.titandent.hu\/patient\/wp-content\/uploads\/2019\/02\/dr_nemeth_zsolt_ig-kep-75x100.jpg 75w\" sizes=\"(max-width: 150px) 100vw, 150px\" \/>\t\t\t\t\t\t\t\t\t\t\t\t\t\t\t<\/div>\n\t\t\t\t<\/div>\n\t\t\t\t\t<\/div>\n\t\t<\/div>\n\t\t\t\t<div class=\"elementor-column elementor-col-66 elementor-inner-column elementor-element elementor-element-bb8934d\" data-id=\"bb8934d\" data-element_type=\"column\">\n\t\t\t<div class=\"elementor-widget-wrap elementor-element-populated\">\n\t\t\t\t\t\t<div class=\"elementor-element elementor-element-84db4b0 elementor-widget elementor-widget-text-editor\" data-id=\"84db4b0\" data-element_type=\"widget\" data-widget_type=\"text-editor.default\">\n\t\t\t\t<div class=\"elementor-widget-container\">\n\t\t\t\t\t\t\t\t\t<p><strong>Szakmai \u00e9rdekl\u0151d\u00e9s:<\/strong><\/p>\n<ul>\n<li>fog\u00e1szati implant\u00e1tumok, implantol\u00f3gia<\/li>\n<\/ul>\n<p><strong>Nyelvismeret:<\/strong><\/p>\n<ul>\n<li>angol<\/li>\n<li>\u65e5\u672c\u8a9e\uff08\u4e0a\u624b\u3067\u306f\u3042\u308a\u307e\u305b\u3093\u3051\u3069:\uff09<\/li>\n<\/ul>\t\t\t\t\t\t\t\t<\/div>\n\t\t\t\t<\/div>\n\t\t\t\t\t<\/div>\n\t\t<\/div>\n\t\t\t\t\t<\/div>\n\t\t<\/section>\n\t\t\t\t\t<\/div>\n\t\t<\/div>\n\t\t\t\t\t<\/div>\n\t\t<\/section>\n\t\t\t\t<\/div>\n\t\t","protected":false},"excerpt":{"rendered":"<p>Dr. N\u00e9meth Zsolt f\u0151orvosfog- \u00e9s sz\u00e1jbetegs\u00e9gek szakorvosasz\u00e1jseb\u00e9szdento-alveol\u00e1ris (fog- \u00e9s \u00e1llcsont) seb\u00e9sz E-mail: dr.nemeth@titandent.huTel.: +36 (30) 95-47-159 Szakmai jellemz\u0151k: A budapesti Szt. Margit K\u00f3rh\u00e1z Fog\u00e1szat-Sz\u00e1jseb\u00e9szeti oszt\u00e1ly\u00e1n 10 \u00e9ves oszt\u00e1lyvezet\u0151 f\u0151orvosi gyakorlat<a href=\"http:\/\/www.titandent.hu\/patient\/hu\/dr-nemeth-zsolt-foorvos\/\" class=\"more-link\"><span class=\"more-button\">Olvasson tov\u00e1bb&#8230;<span class=\"screen-reader-text\">Dr. N\u00e9meth Zsolt f\u0151orvos<\/span><\/span><\/a><\/p>\n","protected":false},"author":1,"featured_media":0,"parent":0,"menu_order":0,"comment_status":"closed","ping_status":"closed","template":"","meta":{"_exactmetrics_skip_tracking":false,"_exactmetrics_sitenote_active":false,"_exactmetrics_sitenote_note":"","_exactmetrics_sitenote_category":0,"footnotes":""},"class_list":["post-695","page","type-page","status-publish","hentry"],"yoast_head":"<!-- This site is optimized with the Yoast SEO plugin v24.7 - https:\/\/yoast.com\/wordpress\/plugins\/seo\/ -->\n<title>Dr. N\u00e9meth Zsolt f\u0151orvos - Tit\u00e1nDent<\/title>\n<meta name=\"robots\" content=\"index, follow, max-snippet:-1, max-image-preview:large, max-video-preview:-1\" \/>\n<link rel=\"canonical\" href=\"http:\/\/www.titandent.hu\/patient\/hu\/dr-nemeth-zsolt-foorvos\/\" \/>\n<meta property=\"og:locale\" content=\"hu_HU\" \/>\n<meta property=\"og:type\" content=\"article\" \/>\n<meta property=\"og:title\" content=\"Dr. N\u00e9meth Zsolt f\u0151orvos - Tit\u00e1nDent\" \/>\n<meta property=\"og:description\" content=\"Dr. N\u00e9meth Zsolt f\u0151orvosfog- \u00e9s sz\u00e1jbetegs\u00e9gek szakorvosasz\u00e1jseb\u00e9szdento-alveol\u00e1ris (fog- \u00e9s \u00e1llcsont) seb\u00e9sz E-mail: dr.nemeth@titandent.huTel.: +36 (30) 95-47-159 Szakmai jellemz\u0151k: A budapesti Szt. Margit K\u00f3rh\u00e1z Fog\u00e1szat-Sz\u00e1jseb\u00e9szeti oszt\u00e1ly\u00e1n 10 \u00e9ves oszt\u00e1lyvezet\u0151 f\u0151orvosi gyakorlatOlvasson tov\u00e1bb...Dr. N\u00e9meth Zsolt f\u0151orvos\" \/>\n<meta property=\"og:url\" content=\"http:\/\/www.titandent.hu\/patient\/hu\/dr-nemeth-zsolt-foorvos\/\" \/>\n<meta property=\"og:site_name\" content=\"Tit\u00e1nDent\" \/>\n<meta property=\"article:publisher\" content=\"https:\/\/www.facebook.com\/TitanDentFogaszatiKft\/\" \/>\n<meta property=\"article:modified_time\" content=\"2019-02-04T09:14:23+00:00\" \/>\n<meta property=\"og:image\" content=\"http:\/\/www.titandent.hu\/patient\/wp-content\/uploads\/2019\/02\/l_nemeth_zsolt_dentist_hungary.jpg\" \/>\n<meta name=\"twitter:card\" content=\"summary_large_image\" \/>\n<meta name=\"twitter:site\" content=\"@dent_titan\" \/>\n<meta name=\"twitter:label1\" content=\"Becs\u00fclt olvas\u00e1si id\u0151\" \/>\n\t<meta name=\"twitter:data1\" content=\"1 perc\" \/>\n<script type=\"application\/ld+json\" class=\"yoast-schema-graph\">{\"@context\":\"https:\/\/schema.org\",\"@graph\":[{\"@type\":\"WebPage\",\"@id\":\"http:\/\/www.titandent.hu\/patient\/hu\/dr-nemeth-zsolt-foorvos\/\",\"url\":\"http:\/\/www.titandent.hu\/patient\/hu\/dr-nemeth-zsolt-foorvos\/\",\"name\":\"Dr. N\u00e9meth Zsolt f\u0151orvos - Tit\u00e1nDent\",\"isPartOf\":{\"@id\":\"http:\/\/www.titandent.hu\/patient\/hu\/#website\"},\"primaryImageOfPage\":{\"@id\":\"http:\/\/www.titandent.hu\/patient\/hu\/dr-nemeth-zsolt-foorvos\/#primaryimage\"},\"image\":{\"@id\":\"http:\/\/www.titandent.hu\/patient\/hu\/dr-nemeth-zsolt-foorvos\/#primaryimage\"},\"thumbnailUrl\":\"http:\/\/www.titandent.hu\/patient\/wp-content\/uploads\/2019\/02\/l_nemeth_zsolt_dentist_hungary.jpg\",\"datePublished\":\"2018-08-24T07:58:54+00:00\",\"dateModified\":\"2019-02-04T09:14:23+00:00\",\"breadcrumb\":{\"@id\":\"http:\/\/www.titandent.hu\/patient\/hu\/dr-nemeth-zsolt-foorvos\/#breadcrumb\"},\"inLanguage\":\"hu-HU\",\"potentialAction\":[{\"@type\":\"ReadAction\",\"target\":[\"http:\/\/www.titandent.hu\/patient\/hu\/dr-nemeth-zsolt-foorvos\/\"]}]},{\"@type\":\"ImageObject\",\"inLanguage\":\"hu-HU\",\"@id\":\"http:\/\/www.titandent.hu\/patient\/hu\/dr-nemeth-zsolt-foorvos\/#primaryimage\",\"url\":\"http:\/\/www.titandent.hu\/patient\/wp-content\/uploads\/2019\/02\/l_nemeth_zsolt_dentist_hungary.jpg\",\"contentUrl\":\"http:\/\/www.titandent.hu\/patient\/wp-content\/uploads\/2019\/02\/l_nemeth_zsolt_dentist_hungary.jpg\"},{\"@type\":\"BreadcrumbList\",\"@id\":\"http:\/\/www.titandent.hu\/patient\/hu\/dr-nemeth-zsolt-foorvos\/#breadcrumb\",\"itemListElement\":[{\"@type\":\"ListItem\",\"position\":1,\"name\":\"Home\",\"item\":\"http:\/\/www.titandent.hu\/patient\/hu\/\"},{\"@type\":\"ListItem\",\"position\":2,\"name\":\"Dr. N\u00e9meth Zsolt f\u0151orvos\"}]},{\"@type\":\"WebSite\",\"@id\":\"http:\/\/www.titandent.hu\/patient\/hu\/#website\",\"url\":\"http:\/\/www.titandent.hu\/patient\/hu\/\",\"name\":\"Tit\u00e1nDent\",\"description\":\"\u00dcdv\u00f6z\u00f6lj\u00fck a Tit\u00e1nDent Fog\u00e1szati Rendel\u0151  honlapj\u00e1n!\",\"publisher\":{\"@id\":\"http:\/\/www.titandent.hu\/patient\/hu\/#organization\"},\"potentialAction\":[{\"@type\":\"SearchAction\",\"target\":{\"@type\":\"EntryPoint\",\"urlTemplate\":\"http:\/\/www.titandent.hu\/patient\/hu\/?s={search_term_string}\"},\"query-input\":{\"@type\":\"PropertyValueSpecification\",\"valueRequired\":true,\"valueName\":\"search_term_string\"}}],\"inLanguage\":\"hu-HU\"},{\"@type\":\"Organization\",\"@id\":\"http:\/\/www.titandent.hu\/patient\/hu\/#organization\",\"name\":\"Tit\u00e1nDent Kft.\",\"url\":\"http:\/\/www.titandent.hu\/patient\/hu\/\",\"logo\":{\"@type\":\"ImageObject\",\"inLanguage\":\"hu-HU\",\"@id\":\"http:\/\/www.titandent.hu\/patient\/hu\/#\/schema\/logo\/image\/\",\"url\":\"http:\/\/www.titandent.hu\/patient\/wp-content\/uploads\/2018\/07\/cropped-TitanDent_logo-v11x.svg-m\u00e1solata-3.png\",\"contentUrl\":\"http:\/\/www.titandent.hu\/patient\/wp-content\/uploads\/2018\/07\/cropped-TitanDent_logo-v11x.svg-m\u00e1solata-3.png\",\"width\":225,\"height\":225,\"caption\":\"Tit\u00e1nDent Kft.\"},\"image\":{\"@id\":\"http:\/\/www.titandent.hu\/patient\/hu\/#\/schema\/logo\/image\/\"},\"sameAs\":[\"https:\/\/www.facebook.com\/TitanDentFogaszatiKft\/\",\"https:\/\/x.com\/dent_titan\"]}]}<\/script>\n<!-- \/ Yoast SEO plugin. -->","yoast_head_json":{"title":"Dr. N\u00e9meth Zsolt f\u0151orvos - Tit\u00e1nDent","robots":{"index":"index","follow":"follow","max-snippet":"max-snippet:-1","max-image-preview":"max-image-preview:large","max-video-preview":"max-video-preview:-1"},"canonical":"http:\/\/www.titandent.hu\/patient\/hu\/dr-nemeth-zsolt-foorvos\/","og_locale":"hu_HU","og_type":"article","og_title":"Dr. N\u00e9meth Zsolt f\u0151orvos - Tit\u00e1nDent","og_description":"Dr. N\u00e9meth Zsolt f\u0151orvosfog- \u00e9s sz\u00e1jbetegs\u00e9gek szakorvosasz\u00e1jseb\u00e9szdento-alveol\u00e1ris (fog- \u00e9s \u00e1llcsont) seb\u00e9sz E-mail: dr.nemeth@titandent.huTel.: +36 (30) 95-47-159 Szakmai jellemz\u0151k: A budapesti Szt. Margit K\u00f3rh\u00e1z Fog\u00e1szat-Sz\u00e1jseb\u00e9szeti oszt\u00e1ly\u00e1n 10 \u00e9ves oszt\u00e1lyvezet\u0151 f\u0151orvosi gyakorlatOlvasson tov\u00e1bb...Dr. N\u00e9meth Zsolt f\u0151orvos","og_url":"http:\/\/www.titandent.hu\/patient\/hu\/dr-nemeth-zsolt-foorvos\/","og_site_name":"Tit\u00e1nDent","article_publisher":"https:\/\/www.facebook.com\/TitanDentFogaszatiKft\/","article_modified_time":"2019-02-04T09:14:23+00:00","og_image":[{"url":"http:\/\/www.titandent.hu\/patient\/wp-content\/uploads\/2019\/02\/l_nemeth_zsolt_dentist_hungary.jpg","type":"","width":"","height":""}],"twitter_card":"summary_large_image","twitter_site":"@dent_titan","twitter_misc":{"Becs\u00fclt olvas\u00e1si id\u0151":"1 perc"},"schema":{"@context":"https:\/\/schema.org","@graph":[{"@type":"WebPage","@id":"http:\/\/www.titandent.hu\/patient\/hu\/dr-nemeth-zsolt-foorvos\/","url":"http:\/\/www.titandent.hu\/patient\/hu\/dr-nemeth-zsolt-foorvos\/","name":"Dr. N\u00e9meth Zsolt f\u0151orvos - Tit\u00e1nDent","isPartOf":{"@id":"http:\/\/www.titandent.hu\/patient\/hu\/#website"},"primaryImageOfPage":{"@id":"http:\/\/www.titandent.hu\/patient\/hu\/dr-nemeth-zsolt-foorvos\/#primaryimage"},"image":{"@id":"http:\/\/www.titandent.hu\/patient\/hu\/dr-nemeth-zsolt-foorvos\/#primaryimage"},"thumbnailUrl":"http:\/\/www.titandent.hu\/patient\/wp-content\/uploads\/2019\/02\/l_nemeth_zsolt_dentist_hungary.jpg","datePublished":"2018-08-24T07:58:54+00:00","dateModified":"2019-02-04T09:14:23+00:00","breadcrumb":{"@id":"http:\/\/www.titandent.hu\/patient\/hu\/dr-nemeth-zsolt-foorvos\/#breadcrumb"},"inLanguage":"hu-HU","potentialAction":[{"@type":"ReadAction","target":["http:\/\/www.titandent.hu\/patient\/hu\/dr-nemeth-zsolt-foorvos\/"]}]},{"@type":"ImageObject","inLanguage":"hu-HU","@id":"http:\/\/www.titandent.hu\/patient\/hu\/dr-nemeth-zsolt-foorvos\/#primaryimage","url":"http:\/\/www.titandent.hu\/patient\/wp-content\/uploads\/2019\/02\/l_nemeth_zsolt_dentist_hungary.jpg","contentUrl":"http:\/\/www.titandent.hu\/patient\/wp-content\/uploads\/2019\/02\/l_nemeth_zsolt_dentist_hungary.jpg"},{"@type":"BreadcrumbList","@id":"http:\/\/www.titandent.hu\/patient\/hu\/dr-nemeth-zsolt-foorvos\/#breadcrumb","itemListElement":[{"@type":"ListItem","position":1,"name":"Home","item":"http:\/\/www.titandent.hu\/patient\/hu\/"},{"@type":"ListItem","position":2,"name":"Dr. N\u00e9meth Zsolt f\u0151orvos"}]},{"@type":"WebSite","@id":"http:\/\/www.titandent.hu\/patient\/hu\/#website","url":"http:\/\/www.titandent.hu\/patient\/hu\/","name":"Tit\u00e1nDent","description":"\u00dcdv\u00f6z\u00f6lj\u00fck a Tit\u00e1nDent Fog\u00e1szati Rendel\u0151  honlapj\u00e1n!","publisher":{"@id":"http:\/\/www.titandent.hu\/patient\/hu\/#organization"},"potentialAction":[{"@type":"SearchAction","target":{"@type":"EntryPoint","urlTemplate":"http:\/\/www.titandent.hu\/patient\/hu\/?s={search_term_string}"},"query-input":{"@type":"PropertyValueSpecification","valueRequired":true,"valueName":"search_term_string"}}],"inLanguage":"hu-HU"},{"@type":"Organization","@id":"http:\/\/www.titandent.hu\/patient\/hu\/#organization","name":"Tit\u00e1nDent Kft.","url":"http:\/\/www.titandent.hu\/patient\/hu\/","logo":{"@type":"ImageObject","inLanguage":"hu-HU","@id":"http:\/\/www.titandent.hu\/patient\/hu\/#\/schema\/logo\/image\/","url":"http:\/\/www.titandent.hu\/patient\/wp-content\/uploads\/2018\/07\/cropped-TitanDent_logo-v11x.svg-m\u00e1solata-3.png","contentUrl":"http:\/\/www.titandent.hu\/patient\/wp-content\/uploads\/2018\/07\/cropped-TitanDent_logo-v11x.svg-m\u00e1solata-3.png","width":225,"height":225,"caption":"Tit\u00e1nDent Kft."},"image":{"@id":"http:\/\/www.titandent.hu\/patient\/hu\/#\/schema\/logo\/image\/"},"sameAs":["https:\/\/www.facebook.com\/TitanDentFogaszatiKft\/","https:\/\/x.com\/dent_titan"]}]}},"_links":{"self":[{"href":"http:\/\/www.titandent.hu\/patient\/hu\/wp-json\/wp\/v2\/pages\/695","targetHints":{"allow":["GET"]}}],"collection":[{"href":"http:\/\/www.titandent.hu\/patient\/hu\/wp-json\/wp\/v2\/pages"}],"about":[{"href":"http:\/\/www.titandent.hu\/patient\/hu\/wp-json\/wp\/v2\/types\/page"}],"author":[{"embeddable":true,"href":"http:\/\/www.titandent.hu\/patient\/hu\/wp-json\/wp\/v2\/users\/1"}],"replies":[{"embeddable":true,"href":"http:\/\/www.titandent.hu\/patient\/hu\/wp-json\/wp\/v2\/comments?post=695"}],"version-history":[{"count":4,"href":"http:\/\/www.titandent.hu\/patient\/hu\/wp-json\/wp\/v2\/pages\/695\/revisions"}],"predecessor-version":[{"id":733,"href":"http:\/\/www.titandent.hu\/patient\/hu\/wp-json\/wp\/v2\/pages\/695\/revisions\/733"}],"wp:attachment":[{"href":"http:\/\/www.titandent.hu\/patient\/hu\/wp-json\/wp\/v2\/media?parent=695"}],"curies":[{"name":"wp","href":"https:\/\/api.w.org\/{rel}","templated":true}]}}