{"id":737,"date":"2019-02-04T11:15:22","date_gmt":"2019-02-04T11:15:22","guid":{"rendered":"http:\/\/www.titandent.hu\/patient\/hu\/?page_id=737"},"modified":"2025-03-26T17:20:03","modified_gmt":"2025-03-26T16:20:03","slug":"dr-nemeth-leda-fog-es-szajbetegsegek-szakorvos","status":"publish","type":"page","link":"http:\/\/www.titandent.hu\/patient\/hu\/dr-nemeth-leda-fog-es-szajbetegsegek-szakorvos\/","title":{"rendered":"Dr. N\u00e9meth L\u00e9da"},"content":{"rendered":"\t\t<div data-elementor-type=\"wp-post\" data-elementor-id=\"737\" class=\"elementor elementor-737\">\n\t\t\t\t\t\t<section class=\"elementor-section elementor-top-section elementor-element elementor-element-e270992 elementor-section-boxed elementor-section-height-default elementor-section-height-default\" data-id=\"e270992\" data-element_type=\"section\">\n\t\t\t\t\t\t<div class=\"elementor-container elementor-column-gap-default\">\n\t\t\t\t\t<div class=\"elementor-column elementor-col-100 elementor-top-column elementor-element elementor-element-1dc7fec\" data-id=\"1dc7fec\" data-element_type=\"column\">\n\t\t\t<div class=\"elementor-widget-wrap elementor-element-populated\">\n\t\t\t\t\t\t<section class=\"elementor-section elementor-inner-section elementor-element elementor-element-ae88eba elementor-section-boxed elementor-section-height-default elementor-section-height-default\" data-id=\"ae88eba\" data-element_type=\"section\">\n\t\t\t\t\t\t<div class=\"elementor-container elementor-column-gap-default\">\n\t\t\t\t\t<div class=\"elementor-column elementor-col-66 elementor-inner-column elementor-element elementor-element-9380683\" data-id=\"9380683\" data-element_type=\"column\">\n\t\t\t<div class=\"elementor-widget-wrap elementor-element-populated\">\n\t\t\t\t\t\t<div class=\"elementor-element elementor-element-ca77d1e elementor-widget elementor-widget-text-editor\" data-id=\"ca77d1e\" data-element_type=\"widget\" data-widget_type=\"text-editor.default\">\n\t\t\t\t<div class=\"elementor-widget-container\">\n\t\t\t\t\t\t\t\t\t<div id=\"PageIntroduction-D14\">\n<p><strong>Dr. N\u00e9meth\u00a0L\u00e9da\u00a0<\/strong><br \/>fog- \u00e9s sz\u00e1jbetegs\u00e9gek szakorvosa<\/p>\n<p>E-mail:\u00a0<a href=\"mailto:klinika@titandent.hu\" data-cke-saved-href=\"mailto:klinika@titandent.hu\">klinika@titandent.hu<\/a><br \/>Tel.: \u00a0\u00a0\u00a0(+36-1) 33 43 803<\/p>\n<\/div>\n<div>\u00a0<\/div>\n<p><strong>Szakmai jellemz\u0151k:<\/strong><\/p>\n<ul>\n<li>Fogorvosi diploma a Szegedi Tudom\u00e1nyegyetemen, 2003.<\/li>\n<li>Fog\u2013 \u00e9s sz\u00e1jbetegs\u00e9gek szakorvosi diploma a Szegedi Tudom\u00e1nyegyetemen 2005.<\/li>\n<\/ul>\n<p><strong>Szakmai t\u00e1rsas\u00e1gi tags\u00e1gok:<\/strong><\/p>\n<ul>\n<li>Magyar Fogorvosok Implantol\u00f3giai T\u00e1rsas\u00e1ga<\/li>\n<\/ul>\n<p><strong>Speci\u00e1lis szakmai \u00e9rdekl\u0151d\u00e9s:\u00a0<\/strong><\/p>\n<ul>\n<li>fog\u00e1szati implant\u00e1ci\u00f3s p\u00f3tl\u00e1sok<\/li>\n<li>eszt\u00e9tikus helyre\u00e1ll\u00edt\u00e1s<\/li>\n<\/ul>\n<div><strong>Nyelvismeret:<\/strong><br \/>\u00a0\u00a0\u00a0\u00a0\u00a0\u00a0\u00a0\u00a0\u00a0\u00a0\u00a0\u00a0 angol<\/div>\t\t\t\t\t\t\t\t<\/div>\n\t\t\t\t<\/div>\n\t\t\t\t\t<\/div>\n\t\t<\/div>\n\t\t\t\t<div class=\"elementor-column elementor-col-33 elementor-inner-column elementor-element elementor-element-878d641\" data-id=\"878d641\" data-element_type=\"column\">\n\t\t\t<div class=\"elementor-widget-wrap elementor-element-populated\">\n\t\t\t\t\t\t<div class=\"elementor-element elementor-element-20f7348 elementor-widget elementor-widget-image\" data-id=\"20f7348\" data-element_type=\"widget\" data-widget_type=\"image.default\">\n\t\t\t\t<div class=\"elementor-widget-container\">\n\t\t\t\t\t\t\t\t\t\t\t\t\t\t\t<img decoding=\"async\" width=\"155\" height=\"233\" src=\"http:\/\/www.titandent.hu\/patient\/wp-content\/uploads\/2019\/02\/dr_nemeth_leda.jpg\" class=\"attachment-large size-large wp-image-743\" alt=\"\" srcset=\"http:\/\/www.titandent.hu\/patient\/wp-content\/uploads\/2019\/02\/dr_nemeth_leda.jpg 155w, http:\/\/www.titandent.hu\/patient\/wp-content\/uploads\/2019\/02\/dr_nemeth_leda-67x100.jpg 67w\" sizes=\"(max-width: 155px) 100vw, 155px\" \/>\t\t\t\t\t\t\t\t\t\t\t\t\t\t\t<\/div>\n\t\t\t\t<\/div>\n\t\t\t\t\t<\/div>\n\t\t<\/div>\n\t\t\t\t\t<\/div>\n\t\t<\/section>\n\t\t\t\t\t<\/div>\n\t\t<\/div>\n\t\t\t\t\t<\/div>\n\t\t<\/section>\n\t\t\t\t<\/div>\n\t\t","protected":false},"excerpt":{"rendered":"<p>Dr. N\u00e9meth\u00a0L\u00e9da\u00a0 fog- \u00e9s sz\u00e1jbetegs\u00e9gek szakorvosa E-mail:\u00a0klinika@titandent.hu Tel.: \u00a0\u00a0\u00a0(+36-1) 33 43 803 Szakmai jellemz\u0151k: Fogorvosi diploma a Szegedi Tudom\u00e1nyegyetemen, 2003. Fog\u2013 \u00e9s sz\u00e1jbetegs\u00e9gek szakorvosi diploma a Szegedi Tudom\u00e1nyegyetemen 2005. Szakmai<a href=\"http:\/\/www.titandent.hu\/patient\/hu\/dr-nemeth-leda-fog-es-szajbetegsegek-szakorvos\/\" class=\"more-link\"><span class=\"more-button\">Olvasson tov\u00e1bb&#8230;<span class=\"screen-reader-text\">Dr. N\u00e9meth L\u00e9da<\/span><\/span><\/a><\/p>\n","protected":false},"author":1,"featured_media":0,"parent":0,"menu_order":0,"comment_status":"closed","ping_status":"closed","template":"","meta":{"_exactmetrics_skip_tracking":false,"_exactmetrics_sitenote_active":false,"_exactmetrics_sitenote_note":"","_exactmetrics_sitenote_category":0,"footnotes":""},"class_list":["post-737","page","type-page","status-publish","hentry"],"yoast_head":"<!-- This site is optimized with the Yoast SEO plugin v24.7 - https:\/\/yoast.com\/wordpress\/plugins\/seo\/ -->\n<title>Dr. N\u00e9meth L\u00e9da - Tit\u00e1nDent<\/title>\n<meta name=\"robots\" content=\"index, follow, max-snippet:-1, max-image-preview:large, max-video-preview:-1\" \/>\n<link rel=\"canonical\" href=\"http:\/\/www.titandent.hu\/patient\/hu\/dr-nemeth-leda-fog-es-szajbetegsegek-szakorvos\/\" \/>\n<meta property=\"og:locale\" content=\"hu_HU\" \/>\n<meta property=\"og:type\" content=\"article\" \/>\n<meta property=\"og:title\" content=\"Dr. N\u00e9meth L\u00e9da - Tit\u00e1nDent\" \/>\n<meta property=\"og:description\" content=\"Dr. N\u00e9meth\u00a0L\u00e9da\u00a0 fog- \u00e9s sz\u00e1jbetegs\u00e9gek szakorvosa E-mail:\u00a0klinika@titandent.hu Tel.: \u00a0\u00a0\u00a0(+36-1) 33 43 803 Szakmai jellemz\u0151k: Fogorvosi diploma a Szegedi Tudom\u00e1nyegyetemen, 2003. Fog\u2013 \u00e9s sz\u00e1jbetegs\u00e9gek szakorvosi diploma a Szegedi Tudom\u00e1nyegyetemen 2005. SzakmaiOlvasson tov\u00e1bb...Dr. N\u00e9meth L\u00e9da\" \/>\n<meta property=\"og:url\" content=\"http:\/\/www.titandent.hu\/patient\/hu\/dr-nemeth-leda-fog-es-szajbetegsegek-szakorvos\/\" \/>\n<meta property=\"og:site_name\" content=\"Tit\u00e1nDent\" \/>\n<meta property=\"article:publisher\" content=\"https:\/\/www.facebook.com\/TitanDentFogaszatiKft\/\" \/>\n<meta property=\"article:modified_time\" content=\"2025-03-26T16:20:03+00:00\" \/>\n<meta property=\"og:image\" content=\"http:\/\/www.titandent.hu\/patient\/wp-content\/uploads\/2019\/02\/dr_nemeth_leda.jpg\" \/>\n<meta name=\"twitter:card\" content=\"summary_large_image\" \/>\n<meta name=\"twitter:site\" content=\"@dent_titan\" \/>\n<script type=\"application\/ld+json\" class=\"yoast-schema-graph\">{\"@context\":\"https:\/\/schema.org\",\"@graph\":[{\"@type\":\"WebPage\",\"@id\":\"http:\/\/www.titandent.hu\/patient\/hu\/dr-nemeth-leda-fog-es-szajbetegsegek-szakorvos\/\",\"url\":\"http:\/\/www.titandent.hu\/patient\/hu\/dr-nemeth-leda-fog-es-szajbetegsegek-szakorvos\/\",\"name\":\"Dr. N\u00e9meth L\u00e9da - Tit\u00e1nDent\",\"isPartOf\":{\"@id\":\"http:\/\/www.titandent.hu\/patient\/hu\/#website\"},\"primaryImageOfPage\":{\"@id\":\"http:\/\/www.titandent.hu\/patient\/hu\/dr-nemeth-leda-fog-es-szajbetegsegek-szakorvos\/#primaryimage\"},\"image\":{\"@id\":\"http:\/\/www.titandent.hu\/patient\/hu\/dr-nemeth-leda-fog-es-szajbetegsegek-szakorvos\/#primaryimage\"},\"thumbnailUrl\":\"http:\/\/www.titandent.hu\/patient\/wp-content\/uploads\/2019\/02\/dr_nemeth_leda.jpg\",\"datePublished\":\"2019-02-04T11:15:22+00:00\",\"dateModified\":\"2025-03-26T16:20:03+00:00\",\"breadcrumb\":{\"@id\":\"http:\/\/www.titandent.hu\/patient\/hu\/dr-nemeth-leda-fog-es-szajbetegsegek-szakorvos\/#breadcrumb\"},\"inLanguage\":\"hu-HU\",\"potentialAction\":[{\"@type\":\"ReadAction\",\"target\":[\"http:\/\/www.titandent.hu\/patient\/hu\/dr-nemeth-leda-fog-es-szajbetegsegek-szakorvos\/\"]}]},{\"@type\":\"ImageObject\",\"inLanguage\":\"hu-HU\",\"@id\":\"http:\/\/www.titandent.hu\/patient\/hu\/dr-nemeth-leda-fog-es-szajbetegsegek-szakorvos\/#primaryimage\",\"url\":\"http:\/\/www.titandent.hu\/patient\/wp-content\/uploads\/2019\/02\/dr_nemeth_leda.jpg\",\"contentUrl\":\"http:\/\/www.titandent.hu\/patient\/wp-content\/uploads\/2019\/02\/dr_nemeth_leda.jpg\"},{\"@type\":\"BreadcrumbList\",\"@id\":\"http:\/\/www.titandent.hu\/patient\/hu\/dr-nemeth-leda-fog-es-szajbetegsegek-szakorvos\/#breadcrumb\",\"itemListElement\":[{\"@type\":\"ListItem\",\"position\":1,\"name\":\"Home\",\"item\":\"http:\/\/www.titandent.hu\/patient\/hu\/\"},{\"@type\":\"ListItem\",\"position\":2,\"name\":\"Dr. N\u00e9meth L\u00e9da\"}]},{\"@type\":\"WebSite\",\"@id\":\"http:\/\/www.titandent.hu\/patient\/hu\/#website\",\"url\":\"http:\/\/www.titandent.hu\/patient\/hu\/\",\"name\":\"Tit\u00e1nDent\",\"description\":\"\u00dcdv\u00f6z\u00f6lj\u00fck a Tit\u00e1nDent Fog\u00e1szati Rendel\u0151  honlapj\u00e1n!\",\"publisher\":{\"@id\":\"http:\/\/www.titandent.hu\/patient\/hu\/#organization\"},\"potentialAction\":[{\"@type\":\"SearchAction\",\"target\":{\"@type\":\"EntryPoint\",\"urlTemplate\":\"http:\/\/www.titandent.hu\/patient\/hu\/?s={search_term_string}\"},\"query-input\":{\"@type\":\"PropertyValueSpecification\",\"valueRequired\":true,\"valueName\":\"search_term_string\"}}],\"inLanguage\":\"hu-HU\"},{\"@type\":\"Organization\",\"@id\":\"http:\/\/www.titandent.hu\/patient\/hu\/#organization\",\"name\":\"Tit\u00e1nDent Kft.\",\"url\":\"http:\/\/www.titandent.hu\/patient\/hu\/\",\"logo\":{\"@type\":\"ImageObject\",\"inLanguage\":\"hu-HU\",\"@id\":\"http:\/\/www.titandent.hu\/patient\/hu\/#\/schema\/logo\/image\/\",\"url\":\"http:\/\/www.titandent.hu\/patient\/wp-content\/uploads\/2018\/07\/cropped-TitanDent_logo-v11x.svg-m\u00e1solata-3.png\",\"contentUrl\":\"http:\/\/www.titandent.hu\/patient\/wp-content\/uploads\/2018\/07\/cropped-TitanDent_logo-v11x.svg-m\u00e1solata-3.png\",\"width\":225,\"height\":225,\"caption\":\"Tit\u00e1nDent Kft.\"},\"image\":{\"@id\":\"http:\/\/www.titandent.hu\/patient\/hu\/#\/schema\/logo\/image\/\"},\"sameAs\":[\"https:\/\/www.facebook.com\/TitanDentFogaszatiKft\/\",\"https:\/\/x.com\/dent_titan\"]}]}<\/script>\n<!-- \/ Yoast SEO plugin. -->","yoast_head_json":{"title":"Dr. N\u00e9meth L\u00e9da - Tit\u00e1nDent","robots":{"index":"index","follow":"follow","max-snippet":"max-snippet:-1","max-image-preview":"max-image-preview:large","max-video-preview":"max-video-preview:-1"},"canonical":"http:\/\/www.titandent.hu\/patient\/hu\/dr-nemeth-leda-fog-es-szajbetegsegek-szakorvos\/","og_locale":"hu_HU","og_type":"article","og_title":"Dr. N\u00e9meth L\u00e9da - Tit\u00e1nDent","og_description":"Dr. N\u00e9meth\u00a0L\u00e9da\u00a0 fog- \u00e9s sz\u00e1jbetegs\u00e9gek szakorvosa E-mail:\u00a0klinika@titandent.hu Tel.: \u00a0\u00a0\u00a0(+36-1) 33 43 803 Szakmai jellemz\u0151k: Fogorvosi diploma a Szegedi Tudom\u00e1nyegyetemen, 2003. Fog\u2013 \u00e9s sz\u00e1jbetegs\u00e9gek szakorvosi diploma a Szegedi Tudom\u00e1nyegyetemen 2005. SzakmaiOlvasson tov\u00e1bb...Dr. N\u00e9meth L\u00e9da","og_url":"http:\/\/www.titandent.hu\/patient\/hu\/dr-nemeth-leda-fog-es-szajbetegsegek-szakorvos\/","og_site_name":"Tit\u00e1nDent","article_publisher":"https:\/\/www.facebook.com\/TitanDentFogaszatiKft\/","article_modified_time":"2025-03-26T16:20:03+00:00","og_image":[{"url":"http:\/\/www.titandent.hu\/patient\/wp-content\/uploads\/2019\/02\/dr_nemeth_leda.jpg","type":"","width":"","height":""}],"twitter_card":"summary_large_image","twitter_site":"@dent_titan","schema":{"@context":"https:\/\/schema.org","@graph":[{"@type":"WebPage","@id":"http:\/\/www.titandent.hu\/patient\/hu\/dr-nemeth-leda-fog-es-szajbetegsegek-szakorvos\/","url":"http:\/\/www.titandent.hu\/patient\/hu\/dr-nemeth-leda-fog-es-szajbetegsegek-szakorvos\/","name":"Dr. N\u00e9meth L\u00e9da - Tit\u00e1nDent","isPartOf":{"@id":"http:\/\/www.titandent.hu\/patient\/hu\/#website"},"primaryImageOfPage":{"@id":"http:\/\/www.titandent.hu\/patient\/hu\/dr-nemeth-leda-fog-es-szajbetegsegek-szakorvos\/#primaryimage"},"image":{"@id":"http:\/\/www.titandent.hu\/patient\/hu\/dr-nemeth-leda-fog-es-szajbetegsegek-szakorvos\/#primaryimage"},"thumbnailUrl":"http:\/\/www.titandent.hu\/patient\/wp-content\/uploads\/2019\/02\/dr_nemeth_leda.jpg","datePublished":"2019-02-04T11:15:22+00:00","dateModified":"2025-03-26T16:20:03+00:00","breadcrumb":{"@id":"http:\/\/www.titandent.hu\/patient\/hu\/dr-nemeth-leda-fog-es-szajbetegsegek-szakorvos\/#breadcrumb"},"inLanguage":"hu-HU","potentialAction":[{"@type":"ReadAction","target":["http:\/\/www.titandent.hu\/patient\/hu\/dr-nemeth-leda-fog-es-szajbetegsegek-szakorvos\/"]}]},{"@type":"ImageObject","inLanguage":"hu-HU","@id":"http:\/\/www.titandent.hu\/patient\/hu\/dr-nemeth-leda-fog-es-szajbetegsegek-szakorvos\/#primaryimage","url":"http:\/\/www.titandent.hu\/patient\/wp-content\/uploads\/2019\/02\/dr_nemeth_leda.jpg","contentUrl":"http:\/\/www.titandent.hu\/patient\/wp-content\/uploads\/2019\/02\/dr_nemeth_leda.jpg"},{"@type":"BreadcrumbList","@id":"http:\/\/www.titandent.hu\/patient\/hu\/dr-nemeth-leda-fog-es-szajbetegsegek-szakorvos\/#breadcrumb","itemListElement":[{"@type":"ListItem","position":1,"name":"Home","item":"http:\/\/www.titandent.hu\/patient\/hu\/"},{"@type":"ListItem","position":2,"name":"Dr. N\u00e9meth L\u00e9da"}]},{"@type":"WebSite","@id":"http:\/\/www.titandent.hu\/patient\/hu\/#website","url":"http:\/\/www.titandent.hu\/patient\/hu\/","name":"Tit\u00e1nDent","description":"\u00dcdv\u00f6z\u00f6lj\u00fck a Tit\u00e1nDent Fog\u00e1szati Rendel\u0151  honlapj\u00e1n!","publisher":{"@id":"http:\/\/www.titandent.hu\/patient\/hu\/#organization"},"potentialAction":[{"@type":"SearchAction","target":{"@type":"EntryPoint","urlTemplate":"http:\/\/www.titandent.hu\/patient\/hu\/?s={search_term_string}"},"query-input":{"@type":"PropertyValueSpecification","valueRequired":true,"valueName":"search_term_string"}}],"inLanguage":"hu-HU"},{"@type":"Organization","@id":"http:\/\/www.titandent.hu\/patient\/hu\/#organization","name":"Tit\u00e1nDent Kft.","url":"http:\/\/www.titandent.hu\/patient\/hu\/","logo":{"@type":"ImageObject","inLanguage":"hu-HU","@id":"http:\/\/www.titandent.hu\/patient\/hu\/#\/schema\/logo\/image\/","url":"http:\/\/www.titandent.hu\/patient\/wp-content\/uploads\/2018\/07\/cropped-TitanDent_logo-v11x.svg-m\u00e1solata-3.png","contentUrl":"http:\/\/www.titandent.hu\/patient\/wp-content\/uploads\/2018\/07\/cropped-TitanDent_logo-v11x.svg-m\u00e1solata-3.png","width":225,"height":225,"caption":"Tit\u00e1nDent Kft."},"image":{"@id":"http:\/\/www.titandent.hu\/patient\/hu\/#\/schema\/logo\/image\/"},"sameAs":["https:\/\/www.facebook.com\/TitanDentFogaszatiKft\/","https:\/\/x.com\/dent_titan"]}]}},"_links":{"self":[{"href":"http:\/\/www.titandent.hu\/patient\/hu\/wp-json\/wp\/v2\/pages\/737","targetHints":{"allow":["GET"]}}],"collection":[{"href":"http:\/\/www.titandent.hu\/patient\/hu\/wp-json\/wp\/v2\/pages"}],"about":[{"href":"http:\/\/www.titandent.hu\/patient\/hu\/wp-json\/wp\/v2\/types\/page"}],"author":[{"embeddable":true,"href":"http:\/\/www.titandent.hu\/patient\/hu\/wp-json\/wp\/v2\/users\/1"}],"replies":[{"embeddable":true,"href":"http:\/\/www.titandent.hu\/patient\/hu\/wp-json\/wp\/v2\/comments?post=737"}],"version-history":[{"count":9,"href":"http:\/\/www.titandent.hu\/patient\/hu\/wp-json\/wp\/v2\/pages\/737\/revisions"}],"predecessor-version":[{"id":873,"href":"http:\/\/www.titandent.hu\/patient\/hu\/wp-json\/wp\/v2\/pages\/737\/revisions\/873"}],"wp:attachment":[{"href":"http:\/\/www.titandent.hu\/patient\/hu\/wp-json\/wp\/v2\/media?parent=737"}],"curies":[{"name":"wp","href":"https:\/\/api.w.org\/{rel}","templated":true}]}}